{"id":5578,"date":"2024-11-27T18:09:57","date_gmt":"2024-11-27T16:22:57","guid":{"rendered":"https:\/\/jiser.org\/?post_type=product&#038;p=5578"},"modified":"2025-07-22T13:23:49","modified_gmt":"2025-07-22T11:23:49","slug":"zied-ben-romdhane-%c2%b7-west-of-life","status":"publish","type":"product","link":"https:\/\/jiser.org\/fr\/produit\/zied-ben-romdhane-%c2%b7-west-of-life\/","title":{"rendered":"Zied Ben Romdhane \u00b7 West of life"},"content":{"rendered":"<p style=\"text-align: left;\">\u00c0 Gafsa, r\u00e9gion mini\u00e8re du sud-ouest de la Tunisie, une entreprise contr\u00f4l\u00e9e par l&rsquo;\u00c9tat, la CPG, extrait le phosphate des collines. L&rsquo;exploitation mini\u00e8re, une ressource \u00e9conomique importante pour l&rsquo;\u00e9conomie tunisienne, est pratiqu\u00e9e depuis l&rsquo;\u00e9poque romaine. Les villages miniers locaux de Redayef, Mettlaoui, Oumm Laarayes, sont riches en ressources mais marginalis\u00e9s par le gouvernement. Ils restent pauvres et pollu\u00e9s, et constituent une voie d&rsquo;acc\u00e8s \u00e0 la richesse. Pendant ce temps, les villes c\u00f4ti\u00e8res prosp\u00e8rent. Des travailleurs venus de Libye, du Maroc, d&rsquo;Alg\u00e9rie et des environs de la Tunisie vivent sur ces terres presque inhabitables. Les divisions ethniques, exacerb\u00e9es par la vie dans un paysage rude, ont cr\u00e9\u00e9 une disharmonie entre les gens et la nature. Ces parties incompatibles demeurent dans un \u00e9tat de flux et de volatilit\u00e9 constants. Ceci est mon t\u00e9moignage de la duret\u00e9 du lieu, \u00e9quilibr\u00e9, je l&rsquo;esp\u00e8re, par l&rsquo;humour des habitants et l&rsquo;affection que je leur porte.<\/p>\n<p style=\"text-align: left;\"><b>\u00c9diteur:<\/b> Red Hooks<br \/>\n<b>Langue:<\/b>\u00a0Anglais<br \/>\n<b>Mesures:<\/b>\u00a029 x 22,5 cm<br \/>\n<b>Reliure:<\/b>\u00a0Couverture rigide<br \/>\n<b>Conception graphique:\u00a0<\/b>Bonnie Briant Design<\/p>\n","protected":false},"excerpt":{"rendered":"<p>\u00c0 Gafsa, r\u00e9gion mini\u00e8re du sud-ouest de la Tunisie, une entreprise contr\u00f4l\u00e9e par l&rsquo;\u00c9tat, la CPG, extrait le phosphate des collines. L&rsquo;exploitation mini\u00e8re, une ressource \u00e9conomique importante pour l&rsquo;\u00e9conomie tunisienne, est pratiqu\u00e9e depuis l&rsquo;\u00e9poque romaine. Les villages miniers locaux de Redayef, Mettlaoui, Oumm Laarayes, sont riches en ressources mais marginalis\u00e9s par le gouvernement. Ils restent [&hellip;]<\/p>\n","protected":false},"featured_media":11650,"comment_status":"closed","ping_status":"closed","template":"","meta":{"_acf_changed":false},"product_brand":[],"product_cat":[116],"class_list":{"0":"post-5578","1":"product","2":"type-product","3":"status-publish","4":"has-post-thumbnail","6":"product_cat-publicacions-fr","8":"first","9":"instock","10":"taxable","11":"shipping-taxable","12":"purchasable","13":"product-type-simple"},"acf":[],"_links":{"self":[{"href":"https:\/\/jiser.org\/fr\/wp-json\/wp\/v2\/product\/5578","targetHints":{"allow":["GET"]}}],"collection":[{"href":"https:\/\/jiser.org\/fr\/wp-json\/wp\/v2\/product"}],"about":[{"href":"https:\/\/jiser.org\/fr\/wp-json\/wp\/v2\/types\/product"}],"replies":[{"embeddable":true,"href":"https:\/\/jiser.org\/fr\/wp-json\/wp\/v2\/comments?post=5578"}],"wp:featuredmedia":[{"embeddable":true,"href":"https:\/\/jiser.org\/fr\/wp-json\/wp\/v2\/media\/11650"}],"wp:attachment":[{"href":"https:\/\/jiser.org\/fr\/wp-json\/wp\/v2\/media?parent=5578"}],"wp:term":[{"taxonomy":"product_brand","embeddable":true,"href":"https:\/\/jiser.org\/fr\/wp-json\/wp\/v2\/product_brand?post=5578"},{"taxonomy":"product_cat","embeddable":true,"href":"https:\/\/jiser.org\/fr\/wp-json\/wp\/v2\/product_cat?post=5578"}],"curies":[{"name":"wp","href":"https:\/\/api.w.org\/{rel}","templated":true}]}}