{"id":5368,"date":"2024-06-28T12:30:06","date_gmt":"2024-06-28T10:36:54","guid":{"rendered":"https:\/\/jiser.org\/?post_type=product&#038;p=5368"},"modified":"2025-07-22T13:24:17","modified_gmt":"2025-07-22T11:24:17","slug":"myriam-boulos-%c2%b7-whats-ours","status":"publish","type":"product","link":"https:\/\/jiser.org\/fr\/produit\/myriam-boulos-%c2%b7-whats-ours\/","title":{"rendered":"Myriam Boulos \u00b7 What&rsquo;s Ours"},"content":{"rendered":"<p style=\"text-align: left;\">Un portrait cinglant et diariste d&rsquo;une ville et d&rsquo;une soci\u00e9t\u00e9 en r\u00e9volution par Myriam Boulos, nomin\u00e9e pour le prix Magnum. Dans sa premi\u00e8re monographie, Myriam Boulos jette un regard sans complaisance sur la r\u00e9volution qui a d\u00e9but\u00e9 au Liban en 2019 par des manifestations contre la corruption et l&rsquo;aust\u00e9rit\u00e9 du gouvernement, et qui a culmin\u00e9 au lendemain de l&rsquo;explosion d\u00e9vastatrice du port de Beyrouth en ao\u00fbt 2020. Il d\u00e9peint ses amis et sa famille avec une \u00e9nergie et une intimit\u00e9 surprenantes, dans des \u00e9tats de plaisir et de protestation. Boulos d\u00e9peint le corps dans l&rsquo;espace public comme un motif puissant, \u00e0 la fois visc\u00e9ral et vuln\u00e9rable face \u00e0 la n\u00e9gligence et \u00e0 la violence de l&rsquo;\u00c9tat. \u00c0 propos de son approche de la photographie, Boulos d\u00e9clare : \u00ab\u00a0C&rsquo;est plus une n\u00e9cessit\u00e9 qu&rsquo;un choix. Je suis obs\u00e9d\u00e9 par les choses et je ne sais pas comment traiter ces obsessions autrement que par la photographie\u00a0\u00bb. Avec un essai contextuel de la c\u00e9l\u00e8bre \u00e9crivaine Mona Eltahawy, What&rsquo;s Ours montre la vision stridente et urgente de Boulos.<\/p>\n<p style=\"text-align: left;\"><b>\u00c9diteur:<\/b> Aperture<br \/>\n<b>Langue:<\/b>\u00a0Anglais\/arabe<br \/>\n<b>Mesures:<\/b> 21,8 x 18 cm<br \/>\n<b>Reliure:<\/b>\u00a0Couverture rigide<br \/>\n<b>Conception graphique:<\/b> Maya Moumne<\/p>\n","protected":false},"excerpt":{"rendered":"<p>Un portrait cinglant et diariste d&rsquo;une ville et d&rsquo;une soci\u00e9t\u00e9 en r\u00e9volution par Myriam Boulos, nomin\u00e9e pour le prix Magnum. Dans sa premi\u00e8re monographie, Myriam Boulos jette un regard sans complaisance sur la r\u00e9volution qui a d\u00e9but\u00e9 au Liban en 2019 par des manifestations contre la corruption et l&rsquo;aust\u00e9rit\u00e9 du gouvernement, et qui a culmin\u00e9 [&hellip;]<\/p>\n","protected":false},"featured_media":11368,"comment_status":"closed","ping_status":"closed","template":"","meta":{"_acf_changed":false},"product_brand":[],"product_cat":[116],"class_list":{"0":"post-5368","1":"product","2":"type-product","3":"status-publish","4":"has-post-thumbnail","6":"product_cat-publicacions-fr","8":"first","9":"outofstock","10":"taxable","11":"shipping-taxable","12":"purchasable","13":"product-type-simple"},"acf":[],"_links":{"self":[{"href":"https:\/\/jiser.org\/fr\/wp-json\/wp\/v2\/product\/5368","targetHints":{"allow":["GET"]}}],"collection":[{"href":"https:\/\/jiser.org\/fr\/wp-json\/wp\/v2\/product"}],"about":[{"href":"https:\/\/jiser.org\/fr\/wp-json\/wp\/v2\/types\/product"}],"replies":[{"embeddable":true,"href":"https:\/\/jiser.org\/fr\/wp-json\/wp\/v2\/comments?post=5368"}],"wp:featuredmedia":[{"embeddable":true,"href":"https:\/\/jiser.org\/fr\/wp-json\/wp\/v2\/media\/11368"}],"wp:attachment":[{"href":"https:\/\/jiser.org\/fr\/wp-json\/wp\/v2\/media?parent=5368"}],"wp:term":[{"taxonomy":"product_brand","embeddable":true,"href":"https:\/\/jiser.org\/fr\/wp-json\/wp\/v2\/product_brand?post=5368"},{"taxonomy":"product_cat","embeddable":true,"href":"https:\/\/jiser.org\/fr\/wp-json\/wp\/v2\/product_cat?post=5368"}],"curies":[{"name":"wp","href":"https:\/\/api.w.org\/{rel}","templated":true}]}}