{"id":5239,"date":"2024-04-10T19:43:07","date_gmt":"2024-04-12T16:28:13","guid":{"rendered":"https:\/\/jiser.org\/?post_type=product&#038;p=5239"},"modified":"2025-07-22T13:27:50","modified_gmt":"2025-07-22T11:27:50","slug":"anna-lopez-luna-et-mounir-gouri-%c2%b7-desires-sans-visa","status":"publish","type":"product","link":"https:\/\/jiser.org\/fr\/produit\/anna-lopez-luna-et-mounir-gouri-%c2%b7-desires-sans-visa\/","title":{"rendered":"Anna L\u00f3pez Luna et Mounir Gouri \u00b7 D\u00e9sirs sans visa"},"content":{"rendered":"<p style=\"text-align: left;\">Anna L\u00f3pez Luna et Mounir Gouri se sont rencontr\u00e9s en 2017 lors d&rsquo;une r\u00e9sidence d&rsquo;artiste \u00e0 Alger. L&rsquo;alchimie est directe et \u00e9vidente tant leur art est habit\u00e9 de fluides et de cr\u00e9atures r\u00e9sistantes, de composantes humaines et charnelles port\u00e9es par un regard p\u00e9n\u00e9trant sur le monde m\u00eal\u00e9 de crainte face \u00e0 ses \u00e9volutions. D\u00e9sirs sans visa r\u00e9unit leurs \u0153uvres tr\u00e8s compl\u00e9mentaires sur un th\u00e8me cher \u00e0 chaque artiste comme le d\u00e9racinement et la justice avant tout. De l&rsquo;aquarelle au fusain en passant par la photo et la vid\u00e9o, et de la couleur au noir, les pages de ce livre racontent une histoire d&rsquo;humanit\u00e9s qui ressemble beaucoup \u00e0 l&rsquo;une d&rsquo;entre elles.<\/p>\n<p style=\"text-align: left;\"><b>\u00c9diteur:<\/b> Eyd, 2023<br \/>\n<b>Langues:<\/b> anglais, fran\u00e7ais, espagnol, arabe<br \/>\n<b>Mesures:<\/b> 24 x 17 cm<br \/>\n<b>Reliure:<\/b> fil apparent<br \/>\n<b>Conception graphique:<\/b> Eyd Studio<br \/>\n<b>Impression:<\/b> M\u00e9diagraphic<\/p>\n","protected":false},"excerpt":{"rendered":"<p>Anna L\u00f3pez Luna et Mounir Gouri se sont rencontr\u00e9s en 2017 lors d&rsquo;une r\u00e9sidence d&rsquo;artiste \u00e0 Alger. L&rsquo;alchimie est directe et \u00e9vidente tant leur art est habit\u00e9 de fluides et de cr\u00e9atures r\u00e9sistantes, de composantes humaines et charnelles port\u00e9es par un regard p\u00e9n\u00e9trant sur le monde m\u00eal\u00e9 de crainte face \u00e0 ses \u00e9volutions. D\u00e9sirs sans [&hellip;]<\/p>\n","protected":false},"featured_media":11170,"comment_status":"closed","ping_status":"closed","template":"","meta":{"_acf_changed":false},"product_brand":[],"product_cat":[116],"class_list":{"0":"post-5239","1":"product","2":"type-product","3":"status-publish","4":"has-post-thumbnail","6":"product_cat-publicacions-fr","8":"first","9":"instock","10":"taxable","11":"shipping-taxable","12":"purchasable","13":"product-type-simple"},"acf":[],"_links":{"self":[{"href":"https:\/\/jiser.org\/fr\/wp-json\/wp\/v2\/product\/5239","targetHints":{"allow":["GET"]}}],"collection":[{"href":"https:\/\/jiser.org\/fr\/wp-json\/wp\/v2\/product"}],"about":[{"href":"https:\/\/jiser.org\/fr\/wp-json\/wp\/v2\/types\/product"}],"replies":[{"embeddable":true,"href":"https:\/\/jiser.org\/fr\/wp-json\/wp\/v2\/comments?post=5239"}],"wp:featuredmedia":[{"embeddable":true,"href":"https:\/\/jiser.org\/fr\/wp-json\/wp\/v2\/media\/11170"}],"wp:attachment":[{"href":"https:\/\/jiser.org\/fr\/wp-json\/wp\/v2\/media?parent=5239"}],"wp:term":[{"taxonomy":"product_brand","embeddable":true,"href":"https:\/\/jiser.org\/fr\/wp-json\/wp\/v2\/product_brand?post=5239"},{"taxonomy":"product_cat","embeddable":true,"href":"https:\/\/jiser.org\/fr\/wp-json\/wp\/v2\/product_cat?post=5239"}],"curies":[{"name":"wp","href":"https:\/\/api.w.org\/{rel}","templated":true}]}}