{"id":5237,"date":"2024-04-12T18:17:52","date_gmt":"2024-04-12T16:22:08","guid":{"rendered":"https:\/\/jiser.org\/?post_type=product&#038;p=5237"},"modified":"2025-07-22T13:26:30","modified_gmt":"2025-07-22T11:26:30","slug":"farah-khelil-%c2%b7-effet-de-serre","status":"publish","type":"product","link":"https:\/\/jiser.org\/fr\/produit\/farah-khelil-%c2%b7-effet-de-serre\/","title":{"rendered":"Farah Khelil \u00b7 Effet de Serre"},"content":{"rendered":"<p style=\"text-align: left;\">Effet de serre est un projet de recherche (2012), d&rsquo;exposition (2021) et de publication (2022), dans lequel l&rsquo;artiste Farah Khelil s&rsquo;engage \u00e0 r\u00e9nover la serre municipale de la ville de Tunis au Parc du Belv\u00e9d\u00e8re avec une bourse de production artistique. Sa d\u00e9marche questionne la d\u00e9finition de l&rsquo;objet d&rsquo;art et de l&rsquo;exposition ainsi que la place de l&rsquo;artiste dans les institutions culturelles. Ainsi, l&rsquo;artiste s&rsquo;\u00e9mancipe des exigences du march\u00e9 en orientant une bourse de soutien \u00e0 la production artistique vers des actions d&rsquo;int\u00e9r\u00eat g\u00e9n\u00e9ral et de bien commun. Ensuite, la serre accueille un dispositif immersif compos\u00e9 d&rsquo;\u00e9l\u00e9ments polymorphes et h\u00e9t\u00e9rog\u00e8nes qui retracent l&rsquo;histoire architecturale du Palmarium de Tunis dans une dialectique entre eucalyptus et palmier, tradition et modernit\u00e9 postcoloniale.<\/p>\n<p style=\"text-align: left;\">\u00c9diteur: Bao Books, 2022<br \/>\nLangues: Fran\u00e7ais et anglais<br \/>\nMesures: 24 x 17 cm<br \/>\nReliure: fil apparent<br \/>\nConception graphique: Moez Akkari<br \/>\nImpression: Graphius, Gand<\/p>\n","protected":false},"excerpt":{"rendered":"<p>Effet de serre est un projet de recherche (2012), d&rsquo;exposition (2021) et de publication (2022), dans lequel l&rsquo;artiste Farah Khelil s&rsquo;engage \u00e0 r\u00e9nover la serre municipale de la ville de Tunis au Parc du Belv\u00e9d\u00e8re avec une bourse de production artistique. Sa d\u00e9marche questionne la d\u00e9finition de l&rsquo;objet d&rsquo;art et de l&rsquo;exposition ainsi que la [&hellip;]<\/p>\n","protected":false},"featured_media":11155,"comment_status":"closed","ping_status":"closed","template":"","meta":{"_acf_changed":false},"product_brand":[],"product_cat":[116],"class_list":{"0":"post-5237","1":"product","2":"type-product","3":"status-publish","4":"has-post-thumbnail","6":"product_cat-publicacions-fr","8":"first","9":"instock","10":"taxable","11":"shipping-taxable","12":"purchasable","13":"product-type-simple"},"acf":[],"_links":{"self":[{"href":"https:\/\/jiser.org\/fr\/wp-json\/wp\/v2\/product\/5237","targetHints":{"allow":["GET"]}}],"collection":[{"href":"https:\/\/jiser.org\/fr\/wp-json\/wp\/v2\/product"}],"about":[{"href":"https:\/\/jiser.org\/fr\/wp-json\/wp\/v2\/types\/product"}],"replies":[{"embeddable":true,"href":"https:\/\/jiser.org\/fr\/wp-json\/wp\/v2\/comments?post=5237"}],"wp:featuredmedia":[{"embeddable":true,"href":"https:\/\/jiser.org\/fr\/wp-json\/wp\/v2\/media\/11155"}],"wp:attachment":[{"href":"https:\/\/jiser.org\/fr\/wp-json\/wp\/v2\/media?parent=5237"}],"wp:term":[{"taxonomy":"product_brand","embeddable":true,"href":"https:\/\/jiser.org\/fr\/wp-json\/wp\/v2\/product_brand?post=5237"},{"taxonomy":"product_cat","embeddable":true,"href":"https:\/\/jiser.org\/fr\/wp-json\/wp\/v2\/product_cat?post=5237"}],"curies":[{"name":"wp","href":"https:\/\/api.w.org\/{rel}","templated":true}]}}