{"id":5235,"date":"2024-04-10T18:44:45","date_gmt":"2024-04-12T16:16:42","guid":{"rendered":"https:\/\/jiser.org\/?post_type=product&#038;p=5235"},"modified":"2025-07-22T13:28:12","modified_gmt":"2025-07-22T11:28:12","slug":"rehab-eldalil-%c2%b7-the-longing-of-the-stranger-whose-path-has-been-broken","status":"publish","type":"product","link":"https:\/\/jiser.org\/fr\/produit\/rehab-eldalil-%c2%b7-the-longing-of-the-stranger-whose-path-has-been-broken\/","title":{"rendered":"Rehab Eldalil \u00b7 The longing of the stranger whose path has been broken"},"content":{"rendered":"<p style=\"text-align: left;\"><em>The Longing of The Stranger Whose Path Has Been Broken<\/em>\u00a0est le r\u00e9sultat du II Premi Mediterrani Albert Camus Incipiens, organis\u00e9 par Trobades &amp; Premis Mediterranis Albert Camus (Minorque).<\/p>\n<p style=\"text-align: left;\">Ce livre est le fruit de pr\u00e8s de 10 ans de travail. Le projet a commenc\u00e9 comme un processus de reconnexion avec ses anc\u00eatres b\u00e9douins, mais il est ensuite devenu une occasion pour connecter, apprendre et travailler avec la communaut\u00e9. Tout au long du processus, l\u2019autrice a peu \u00e0 peu d\u00e9couvert sa voix visuelle.\u00a0<em>The Longing Of The Stranger Whose Path Has Been Broken<\/em> est une conversation avec la communaut\u00e9 b\u00e9douine du Sina\u00ef qui explore quel est le sens de l\u2019appartenance, quelle est la connexion indescriptible avec notre terre et quelle est l\u2019exp\u00e9rience indig\u00e8ne qui nous comble. Ce livre est un archive b\u00e9douin alternatif tiss\u00e9 par la communaut\u00e9 elle-m\u00eame; il est une exp\u00e9rience qui invite les lecteurs \u00e0 regarder \u00e0 la fois vers eux-m\u00eames et vers l\u2019ext\u00e9rieur pour mettre en question la notion d\u2019appartenance.<\/p>\n<p style=\"text-align: left;\"><b>\u00c9diteur:<\/b>\u00a0Fotoevidence<br \/>\n<b>Langues:<\/b> Anglais et arabe<br \/>\n<b>Mesures:<\/b> 21,5 x 15,5 cm<br \/>\n<b>Reliure:<\/b> couverture rigide avec fil apparent<br \/>\n<b>Conception graphique:<\/b> Bayan Dahdah<br \/>\n<b>Impression:<\/b> MAS Matbaa, Istanbul<\/p>\n","protected":false},"excerpt":{"rendered":"<p>The Longing of The Stranger Whose Path Has Been Broken\u00a0est le r\u00e9sultat du II Premi Mediterrani Albert Camus Incipiens, organis\u00e9 par Trobades &amp; Premis Mediterranis Albert Camus (Minorque). Ce livre est le fruit de pr\u00e8s de 10 ans de travail. Le projet a commenc\u00e9 comme un processus de reconnexion avec ses anc\u00eatres b\u00e9douins, mais il [&hellip;]<\/p>\n","protected":false},"featured_media":11125,"comment_status":"closed","ping_status":"closed","template":"","meta":{"_acf_changed":false},"product_brand":[],"product_cat":[116],"class_list":{"0":"post-5235","1":"product","2":"type-product","3":"status-publish","4":"has-post-thumbnail","6":"product_cat-publicacions-fr","8":"first","9":"instock","10":"taxable","11":"shipping-taxable","12":"purchasable","13":"product-type-simple"},"acf":[],"_links":{"self":[{"href":"https:\/\/jiser.org\/fr\/wp-json\/wp\/v2\/product\/5235","targetHints":{"allow":["GET"]}}],"collection":[{"href":"https:\/\/jiser.org\/fr\/wp-json\/wp\/v2\/product"}],"about":[{"href":"https:\/\/jiser.org\/fr\/wp-json\/wp\/v2\/types\/product"}],"replies":[{"embeddable":true,"href":"https:\/\/jiser.org\/fr\/wp-json\/wp\/v2\/comments?post=5235"}],"wp:featuredmedia":[{"embeddable":true,"href":"https:\/\/jiser.org\/fr\/wp-json\/wp\/v2\/media\/11125"}],"wp:attachment":[{"href":"https:\/\/jiser.org\/fr\/wp-json\/wp\/v2\/media?parent=5235"}],"wp:term":[{"taxonomy":"product_brand","embeddable":true,"href":"https:\/\/jiser.org\/fr\/wp-json\/wp\/v2\/product_brand?post=5235"},{"taxonomy":"product_cat","embeddable":true,"href":"https:\/\/jiser.org\/fr\/wp-json\/wp\/v2\/product_cat?post=5235"}],"curies":[{"name":"wp","href":"https:\/\/api.w.org\/{rel}","templated":true}]}}