{"id":5232,"date":"2024-04-10T18:07:54","date_gmt":"2024-04-12T16:10:15","guid":{"rendered":"https:\/\/jiser.org\/?post_type=product&#038;p=5232"},"modified":"2025-07-22T13:32:18","modified_gmt":"2025-07-22T11:32:18","slug":"abdo-shanan-%c2%b7-un-poco-mas-alto","status":"publish","type":"product","link":"https:\/\/jiser.org\/fr\/produit\/abdo-shanan-%c2%b7-un-poco-mas-alto\/","title":{"rendered":"Abdo Shanan \u00b7 Un poco m\u00e1s alto"},"content":{"rendered":"<p style=\"text-align: left;\">Le livre de photos A Little Louder d&rsquo;Abdo Shanan sur les manifestations en Alg\u00e9rie est le r\u00e9sultat de l&rsquo;I Premi Mediterrani Albert Camus Incipiens, organis\u00e9 par les Trobades &amp; Premis Mediterranis Albert Camus de Menorca. Ce projet, dont la force de vision est li\u00e9e \u00e0 l&rsquo;universalit\u00e9 des r\u00e9voltes contre l&rsquo;injustice, montre l&rsquo;absence de foules, de drapeaux et de banderoles, malgr\u00e9 la d\u00e9termination pr\u00e9sente des manifestants. D&rsquo;une \u00e9trange proximit\u00e9, Abdo Shanan interroge et documente \u00e0 sa mani\u00e8re le hirak, ce mouvement de protestation pacifique qui secoue l&rsquo;Alg\u00e9rie depuis le 22 f\u00e9vrier 2019.<\/p>\n<p style=\"text-align: left;\">Le Premi Mediterrani Albert Camus Incipiens vise \u00e0 mettre en lumi\u00e8re des trajectoires \u00e9mergentes dans le journalisme qui entrent en r\u00e9sonance avec l&rsquo;\u00e9thique du journaliste qu&rsquo;\u00e9tait Albert Camus.<\/p>\n<p style=\"text-align: left;\"><b>\u00c9diteur:\u00a0<\/b>RM<br \/>\n<b>Langue:<\/b> Espagnol et Arabe<br \/>\n<b>Mesures:<\/b> 20 x 10 cm<br \/>\n<b>Reliure:<\/b> Couverture souple<br \/>\n<b>Conception graphique:<\/b> Rifle<br \/>\n<b>Impression:<\/b> Kadmos<\/p>\n","protected":false},"excerpt":{"rendered":"<p>Le livre de photos A Little Louder d&rsquo;Abdo Shanan sur les manifestations en Alg\u00e9rie est le r\u00e9sultat de l&rsquo;I Premi Mediterrani Albert Camus Incipiens, organis\u00e9 par les Trobades &amp; Premis Mediterranis Albert Camus de Menorca. Ce projet, dont la force de vision est li\u00e9e \u00e0 l&rsquo;universalit\u00e9 des r\u00e9voltes contre l&rsquo;injustice, montre l&rsquo;absence de foules, de [&hellip;]<\/p>\n","protected":false},"featured_media":11086,"comment_status":"closed","ping_status":"closed","template":"","meta":{"_acf_changed":false},"product_brand":[],"product_cat":[116],"class_list":{"0":"post-5232","1":"product","2":"type-product","3":"status-publish","4":"has-post-thumbnail","6":"product_cat-publicacions-fr","8":"first","9":"instock","10":"taxable","11":"shipping-taxable","12":"purchasable","13":"product-type-simple"},"acf":[],"_links":{"self":[{"href":"https:\/\/jiser.org\/fr\/wp-json\/wp\/v2\/product\/5232","targetHints":{"allow":["GET"]}}],"collection":[{"href":"https:\/\/jiser.org\/fr\/wp-json\/wp\/v2\/product"}],"about":[{"href":"https:\/\/jiser.org\/fr\/wp-json\/wp\/v2\/types\/product"}],"replies":[{"embeddable":true,"href":"https:\/\/jiser.org\/fr\/wp-json\/wp\/v2\/comments?post=5232"}],"wp:featuredmedia":[{"embeddable":true,"href":"https:\/\/jiser.org\/fr\/wp-json\/wp\/v2\/media\/11086"}],"wp:attachment":[{"href":"https:\/\/jiser.org\/fr\/wp-json\/wp\/v2\/media?parent=5232"}],"wp:term":[{"taxonomy":"product_brand","embeddable":true,"href":"https:\/\/jiser.org\/fr\/wp-json\/wp\/v2\/product_brand?post=5232"},{"taxonomy":"product_cat","embeddable":true,"href":"https:\/\/jiser.org\/fr\/wp-json\/wp\/v2\/product_cat?post=5232"}],"curies":[{"name":"wp","href":"https:\/\/api.w.org\/{rel}","templated":true}]}}