{"id":5230,"date":"2024-04-10T18:03:02","date_gmt":"2024-04-12T15:56:53","guid":{"rendered":"https:\/\/jiser.org\/?post_type=product&#038;p=5230"},"modified":"2025-07-22T13:32:42","modified_gmt":"2025-07-22T11:32:42","slug":"fethi-sahraoui-%c2%b7-triangles-of-views","status":"publish","type":"product","link":"https:\/\/jiser.org\/fr\/produit\/fethi-sahraoui-%c2%b7-triangles-of-views\/","title":{"rendered":"Fethi Sahraoui \u00b7 Triangles of Views"},"content":{"rendered":"<p style=\"text-align: left;\">Triangles of Views, publi\u00e9 par La Chambre Claire, rassemble deux projets photographiques documentaires \u00e0 long terme de Fethi Sahraoui : Stadiumphilia et Escaping the Heatwave. Ces projets, initi\u00e9s en 2015 et 2016, explorent des aspects distincts mais connect\u00e9s de la vie alg\u00e9rienne.<\/p>\n<p style=\"text-align: left;\">Stadiumphilia capture l&rsquo;exp\u00e9rience collective masculine dans les stades de football alg\u00e9riens, tandis qu&rsquo;Escaping the Heatwave suit le m\u00eame groupe pendant les mois les plus chauds dans les villes de Mascara et Relizane, dans l&rsquo;ouest de l&rsquo;Alg\u00e9rie, alors qu&rsquo;ils se dirigent vers les plages voisines d&rsquo;Oran. Prises ensemble, ces \u0153uvres offrent une vision stratifi\u00e9e de la vie sociale et culturelle alg\u00e9rienne, au-del\u00e0 des clich\u00e9s.<\/p>\n<p style=\"text-align: left;\"><b>\u00c9diteur:\u00a0<\/b>La Chambre Claire, 2022<br \/>\n<b>Langue:<\/b> Anglais<br \/>\n<b>Mesures:<\/b> 18 x 18 cm<br \/>\n<b>Reliure:<\/b> Coll\u00e9<br \/>\n<b>Conception graphique:<\/b> Abdelghani Hidouche<br \/>\n<b>Impression:<\/b> MAS Matbaa, Istanbul<\/p>\n","protected":false},"excerpt":{"rendered":"<p>Triangles of Views, publi\u00e9 par La Chambre Claire, rassemble deux projets photographiques documentaires \u00e0 long terme de Fethi Sahraoui : Stadiumphilia et Escaping the Heatwave. Ces projets, initi\u00e9s en 2015 et 2016, explorent des aspects distincts mais connect\u00e9s de la vie alg\u00e9rienne. Stadiumphilia capture l&rsquo;exp\u00e9rience collective masculine dans les stades de football alg\u00e9riens, tandis qu&rsquo;Escaping [&hellip;]<\/p>\n","protected":false},"featured_media":11122,"comment_status":"closed","ping_status":"closed","template":"","meta":{"_acf_changed":false},"product_brand":[],"product_cat":[116],"class_list":{"0":"post-5230","1":"product","2":"type-product","3":"status-publish","4":"has-post-thumbnail","6":"product_cat-publicacions-fr","8":"first","9":"outofstock","10":"taxable","11":"shipping-taxable","12":"purchasable","13":"product-type-simple"},"acf":[],"_links":{"self":[{"href":"https:\/\/jiser.org\/fr\/wp-json\/wp\/v2\/product\/5230","targetHints":{"allow":["GET"]}}],"collection":[{"href":"https:\/\/jiser.org\/fr\/wp-json\/wp\/v2\/product"}],"about":[{"href":"https:\/\/jiser.org\/fr\/wp-json\/wp\/v2\/types\/product"}],"replies":[{"embeddable":true,"href":"https:\/\/jiser.org\/fr\/wp-json\/wp\/v2\/comments?post=5230"}],"wp:featuredmedia":[{"embeddable":true,"href":"https:\/\/jiser.org\/fr\/wp-json\/wp\/v2\/media\/11122"}],"wp:attachment":[{"href":"https:\/\/jiser.org\/fr\/wp-json\/wp\/v2\/media?parent=5230"}],"wp:term":[{"taxonomy":"product_brand","embeddable":true,"href":"https:\/\/jiser.org\/fr\/wp-json\/wp\/v2\/product_brand?post=5230"},{"taxonomy":"product_cat","embeddable":true,"href":"https:\/\/jiser.org\/fr\/wp-json\/wp\/v2\/product_cat?post=5230"}],"curies":[{"name":"wp","href":"https:\/\/api.w.org\/{rel}","templated":true}]}}