{"id":5206,"date":"2024-04-10T17:05:55","date_gmt":"2024-04-12T15:35:57","guid":{"rendered":"https:\/\/jiser.org\/?post_type=product&#038;p=5206"},"modified":"2025-09-29T12:47:48","modified_gmt":"2025-09-29T10:47:48","slug":"dani-pujalte-%c2%b7-praie-the-lord","status":"publish","type":"product","link":"https:\/\/jiser.org\/fr\/produit\/dani-pujalte-%c2%b7-praie-the-lord\/","title":{"rendered":"Dani Pujalte \u00b7 Prai$e the Lord"},"content":{"rendered":"<p style=\"text-align: left;\">Il n&rsquo;existe qu&rsquo;une seule photographie de Cheikh Amadou Bamba, le fondateur de la confr\u00e9rie musulmane des Mourides. Il est debout \u00e0 c\u00f4t\u00e9 d&rsquo;un mur en bois, v\u00eatu d&rsquo;un kaftan blanc. Il fait soleil : il plisse les yeux dans la lumi\u00e8re. Et bien que son visage soit partiellement cach\u00e9, ses yeux sont visibles. Ce portrait est probablement l&rsquo;image la plus reproduite au S\u00e9n\u00e9gal. Pris \u00e0 l&rsquo;origine en 1917, il est reproduit sur toutes les surfaces imaginables du pays.<\/p>\n<p style=\"text-align: left;\">Ce processus de reproduction continue a vu le portrait d&rsquo;Amadou Bamba se transformer d&rsquo;une repr\u00e9sentation en une ic\u00f4ne &#8211; du prosa\u00efque au sublime &#8211; est le th\u00e8me central du projet de Dani Pujalte. Tra\u00e7ant d&rsquo;abord le passage de l&rsquo;image de Bamba \u00e0 travers les surfaces quotidiennes du S\u00e9n\u00e9gal, son enqu\u00eate photographique s&rsquo;\u00e9tend pour documenter un th\u00e8me plus large : le dialogue permanent entre le commerce et la foi, la culture mat\u00e9rielle et le mysticisme soufi.<\/p>\n<p style=\"text-align: left;\"><b>\u00c9diteur:\u00a0<\/b>Witty Books, 2022<br \/>\n<b>Langue:<\/b>\u00a0Anglais et Wolof<br \/>\n<b>Mesures:<\/b> 29 x 23,5 cm<br \/>\n<b>Reliure:<\/b>\u00a0Couverture rigide<br \/>\n<b>Conception graphique:<\/b> Giulia Boccarossa<br \/>\n<b>Impression:<\/b> Grafiche Veneziane Societ\u00e0 Cooperativa S.r.l<\/p>\n","protected":false},"excerpt":{"rendered":"<p>Il n&rsquo;existe qu&rsquo;une seule photographie de Cheikh Amadou Bamba, le fondateur de la confr\u00e9rie musulmane des Mourides. Il est debout \u00e0 c\u00f4t\u00e9 d&rsquo;un mur en bois, v\u00eatu d&rsquo;un kaftan blanc. Il fait soleil : il plisse les yeux dans la lumi\u00e8re. Et bien que son visage soit partiellement cach\u00e9, ses yeux sont visibles. Ce portrait [&hellip;]<\/p>\n","protected":false},"featured_media":11101,"comment_status":"closed","ping_status":"closed","template":"","meta":{"_acf_changed":false},"product_brand":[],"product_cat":[116],"class_list":{"0":"post-5206","1":"product","2":"type-product","3":"status-publish","4":"has-post-thumbnail","6":"product_cat-publicacions-fr","8":"first","9":"instock","10":"taxable","11":"shipping-taxable","12":"purchasable","13":"product-type-simple"},"acf":[],"_links":{"self":[{"href":"https:\/\/jiser.org\/fr\/wp-json\/wp\/v2\/product\/5206","targetHints":{"allow":["GET"]}}],"collection":[{"href":"https:\/\/jiser.org\/fr\/wp-json\/wp\/v2\/product"}],"about":[{"href":"https:\/\/jiser.org\/fr\/wp-json\/wp\/v2\/types\/product"}],"replies":[{"embeddable":true,"href":"https:\/\/jiser.org\/fr\/wp-json\/wp\/v2\/comments?post=5206"}],"wp:featuredmedia":[{"embeddable":true,"href":"https:\/\/jiser.org\/fr\/wp-json\/wp\/v2\/media\/11101"}],"wp:attachment":[{"href":"https:\/\/jiser.org\/fr\/wp-json\/wp\/v2\/media?parent=5206"}],"wp:term":[{"taxonomy":"product_brand","embeddable":true,"href":"https:\/\/jiser.org\/fr\/wp-json\/wp\/v2\/product_brand?post=5206"},{"taxonomy":"product_cat","embeddable":true,"href":"https:\/\/jiser.org\/fr\/wp-json\/wp\/v2\/product_cat?post=5206"}],"curies":[{"name":"wp","href":"https:\/\/api.w.org\/{rel}","templated":true}]}}