{"id":5168,"date":"2023-11-18T19:37:09","date_gmt":"2024-03-18T19:01:38","guid":{"rendered":"https:\/\/jiser.org\/?post_type=product&#038;p=5168"},"modified":"2025-07-22T13:37:08","modified_gmt":"2025-07-22T11:37:08","slug":"simon-chang-%c2%b7-shepherds-and-the-slaughterhouse","status":"publish","type":"product","link":"https:\/\/jiser.org\/fr\/produit\/simon-chang-%c2%b7-shepherds-and-the-slaughterhouse\/","title":{"rendered":"Simon Chang \u00b7 Shepherds and the Slaughterhouse"},"content":{"rendered":"<p style=\"text-align: left;\">Le Kurdistan a souvent \u00e9t\u00e9, ces derni\u00e8res ann\u00e9es, au centre des reportages photojournalistiques. R\u00e9gion autonome s&rsquo;\u00e9tendant au nord de l&rsquo;Irak, de la Syrie, de la Turquie et de l&rsquo;Iran, le Kurdistan est en proie \u00e0 la violence des groupes radicaux islamiques (plus r\u00e9cemment) depuis 2014. Mais l\u00e0 o\u00f9 de nombreux photographes tournent leur objectif vers le conflit lui-m\u00eame, Simon Chang semble plus int\u00e9ress\u00e9 par les blessures moins \u00e9videntes de la nation, celles qui sont dissimul\u00e9es m\u00eame \u00e0 l&rsquo;int\u00e9rieur de celle-ci. Entre deux visites dans le nord de l&rsquo;Irak &#8211; l&rsquo;une en 2018 et l&rsquo;autre en 2019, il s&rsquo;est int\u00e9ress\u00e9 \u00e0 deux lieux faisant partie de la vie quotidienne, mais retir\u00e9s ou rejet\u00e9s du regard du public. Le premier \u00e9tait Hawler, un h\u00f4pital psychiatrique \u00e0 Erbil, et le second L&rsquo;abattoir municipal de Duhok dans les montagnes de Simele. Le photographe a document\u00e9 ses rencontres \u00e0 la fois par des photographies et par des \u00e9crits, permettant au lecteur de se plonger dans les histoires du peuple kurde et d&rsquo;entrevoir leurs vies extraodrinaires.<\/p>\n<p style=\"text-align: left;\"><b>\u00c9diteur:<\/b>Galerija Fotografija (Eslov\u00e8nia, 2023)<br \/>\n<b>Langues:<\/b> slov\u00e8ne, anglais et chinois mandarin<br \/>\n<b>Taille:<\/b> 23 x 15 cm<br \/>\n<b>Reliure:<\/b> couverture rigide<br \/>\n<b>Conception graphique:<\/b> Alja\u017e Vesel i Anja Delbello \/AA<\/p>\n<p style=\"text-align: left;\">\n","protected":false},"excerpt":{"rendered":"<p>Le Kurdistan a souvent \u00e9t\u00e9, ces derni\u00e8res ann\u00e9es, au centre des reportages photojournalistiques. R\u00e9gion autonome s&rsquo;\u00e9tendant au nord de l&rsquo;Irak, de la Syrie, de la Turquie et de l&rsquo;Iran, le Kurdistan est en proie \u00e0 la violence des groupes radicaux islamiques (plus r\u00e9cemment) depuis 2014. Mais l\u00e0 o\u00f9 de nombreux photographes tournent leur objectif vers [&hellip;]<\/p>\n","protected":false},"featured_media":11062,"comment_status":"closed","ping_status":"closed","template":"","meta":{"_acf_changed":false},"product_brand":[],"product_cat":[116],"class_list":{"0":"post-5168","1":"product","2":"type-product","3":"status-publish","4":"has-post-thumbnail","6":"product_cat-publicacions-fr","8":"first","9":"instock","10":"taxable","11":"shipping-taxable","12":"purchasable","13":"product-type-simple"},"acf":[],"_links":{"self":[{"href":"https:\/\/jiser.org\/fr\/wp-json\/wp\/v2\/product\/5168","targetHints":{"allow":["GET"]}}],"collection":[{"href":"https:\/\/jiser.org\/fr\/wp-json\/wp\/v2\/product"}],"about":[{"href":"https:\/\/jiser.org\/fr\/wp-json\/wp\/v2\/types\/product"}],"replies":[{"embeddable":true,"href":"https:\/\/jiser.org\/fr\/wp-json\/wp\/v2\/comments?post=5168"}],"wp:featuredmedia":[{"embeddable":true,"href":"https:\/\/jiser.org\/fr\/wp-json\/wp\/v2\/media\/11062"}],"wp:attachment":[{"href":"https:\/\/jiser.org\/fr\/wp-json\/wp\/v2\/media?parent=5168"}],"wp:term":[{"taxonomy":"product_brand","embeddable":true,"href":"https:\/\/jiser.org\/fr\/wp-json\/wp\/v2\/product_brand?post=5168"},{"taxonomy":"product_cat","embeddable":true,"href":"https:\/\/jiser.org\/fr\/wp-json\/wp\/v2\/product_cat?post=5168"}],"curies":[{"name":"wp","href":"https:\/\/api.w.org\/{rel}","templated":true}]}}