{"id":5004,"date":"2023-11-30T20:56:58","date_gmt":"2023-12-01T08:29:00","guid":{"rendered":"https:\/\/jiser.org\/?post_type=product&#038;p=5004"},"modified":"2025-07-22T13:34:43","modified_gmt":"2025-07-22T11:34:43","slug":"polisemias-del-silencio-0","status":"publish","type":"product","link":"https:\/\/jiser.org\/fr\/produit\/polisemias-del-silencio-0\/","title":{"rendered":"Polisemias del silencio #0"},"content":{"rendered":"<p style=\"text-align: left;\">La collection Polisemias est une publication collective, auto\u00e9dit\u00e9e par Saberes migrantes et Jiser Reflexions Mediterr\u00e0nies, qui examine de mani\u00e8re critique les diff\u00e9rents th\u00e8mes qui traversent le colonialisme et la migration.<\/p>\n<p style=\"text-align: left;\">Des questions que nous aborderons \u00e0 partir de diff\u00e9rentes disciplines, langues et formats, afin de partager les exp\u00e9riences, les histoires et les cr\u00e9ations qui \u00e9mergent autour des th\u00e8mes abord\u00e9s.<\/p>\n<p style=\"text-align: left;\">Nous proposons d&rsquo;explorer d&rsquo;autres mani\u00e8res de construire la connaissance face \u00e0 une g\u00e9opolitique \u00e9pist\u00e9mologique qui promeut une histoire unique et des d\u00e9fis \u00e0 travers la cr\u00e9ation artistique et la r\u00e9sistance.<\/p>\n<p style=\"text-align: left;\">Ce num\u00e9ro #0 parcourt les multiples significations, convergentes et divergentes, que rev\u00eat le silence.<\/p>\n<p style=\"text-align: left;\">Edit\u00e9 par Jiser avec Sabers migrants. Avec la participation d&rsquo;Ida Barbati, Houari Bouchenak, Nora Daoud, Xavier de Luca, Paula Dur\u00e1n, Wael Garnaoui, Mounir Gouri, Guerty Guti\u00e9rrez, Saber Lech-Hab, Anna L\u00f3pez Luna, Danilo Marinho, Boris Mercado, Hichem Merouche, Araceli Mu\u00f1oz, Camila Opazo Sep\u00falveda, Marikena Piola, Ale Rocabado, Laura Rojas, S\u00e9verine Sajous et Souka\u00efna Sentissi.<\/p>\n<p style=\"text-align: left;\"><b>Langues:<\/b> Espagnol, catalan et fran\u00e7ais<br \/>\n<b>Mesures:<\/b> 24 x 17 cm<br \/>\n<b>Reliure:<\/b> Fil vu avec chemise en papier calque<br \/>\n<b>Direction cr\u00e9ative et conception graphique:<\/b> Hichem Merouche<br \/>\n<b>Impression:<\/b> Nova Era<\/p>\n","protected":false},"excerpt":{"rendered":"<p>Edition <b>Polisemias del silencio #0<\/b><\/p>\n","protected":false},"featured_media":11188,"comment_status":"closed","ping_status":"closed","template":"","meta":{"_acf_changed":false},"product_brand":[],"product_cat":[116],"class_list":{"0":"post-5004","1":"product","2":"type-product","3":"status-publish","4":"has-post-thumbnail","6":"product_cat-publicacions-fr","8":"first","9":"instock","10":"featured","11":"taxable","12":"shipping-taxable","13":"purchasable","14":"product-type-simple"},"acf":[],"_links":{"self":[{"href":"https:\/\/jiser.org\/fr\/wp-json\/wp\/v2\/product\/5004","targetHints":{"allow":["GET"]}}],"collection":[{"href":"https:\/\/jiser.org\/fr\/wp-json\/wp\/v2\/product"}],"about":[{"href":"https:\/\/jiser.org\/fr\/wp-json\/wp\/v2\/types\/product"}],"replies":[{"embeddable":true,"href":"https:\/\/jiser.org\/fr\/wp-json\/wp\/v2\/comments?post=5004"}],"wp:featuredmedia":[{"embeddable":true,"href":"https:\/\/jiser.org\/fr\/wp-json\/wp\/v2\/media\/11188"}],"wp:attachment":[{"href":"https:\/\/jiser.org\/fr\/wp-json\/wp\/v2\/media?parent=5004"}],"wp:term":[{"taxonomy":"product_brand","embeddable":true,"href":"https:\/\/jiser.org\/fr\/wp-json\/wp\/v2\/product_brand?post=5004"},{"taxonomy":"product_cat","embeddable":true,"href":"https:\/\/jiser.org\/fr\/wp-json\/wp\/v2\/product_cat?post=5004"}],"curies":[{"name":"wp","href":"https:\/\/api.w.org\/{rel}","templated":true}]}}