{"id":4737,"date":"2023-06-27T17:46:40","date_gmt":"2023-07-27T07:22:45","guid":{"rendered":"https:\/\/jiser.org\/?post_type=product&#038;p=4737"},"modified":"2025-07-29T16:14:10","modified_gmt":"2025-07-29T14:14:10","slug":"teo-vazquez-kafteji","status":"publish","type":"product","link":"https:\/\/jiser.org\/fr\/produit\/teo-vazquez-kafteji\/","title":{"rendered":"Teo V\u00e1zquez \u00b7 \u0643\u0641\u062a\u0627\u062c\u064a Kafteji"},"content":{"rendered":"<p style=\"text-align: left;\">Kafteji est une compilation des travaux in\u00e9dits r\u00e9alis\u00e9s par Teo V\u00e1zquez lors de ses deux s\u00e9jours en Tunisie en 2022, en lien avec l&rsquo;une des r\u00e9sidences Paserelles de Jiser.<\/p>\n<p style=\"text-align: left;\">Teo V\u00e1zquez et Jiser ont collabor\u00e9 pour la premi\u00e8re fois en 2020, lorsque le photographe a particip\u00e9 \u00e0 la quatri\u00e8me \u00e9dition de MURAL\/LOCAL. Nous avons alors compris qu&rsquo;il serait tr\u00e8s int\u00e9ressant d&rsquo;imaginer des possibilit\u00e9s pour Teo de d\u00e9velopper une r\u00e9sidence de recherche et de production sp\u00e9cifique en Tunisie. L&rsquo;intuition de Jiser de les r\u00e9unir a permis la naissance de cette publication.<\/p>\n<p style=\"text-align: left;\">Le travail de Teo s&rsquo;articule autour de la capture de la culture populaire dans l&rsquo;espace public : tags muraux, fresques et autres graffitis na\u00effs. Toutes ses impressions, rencontres humaines et actions urbaines, r\u00e9alis\u00e9es \u00e0 Tunis mais aussi dans d&rsquo;autres villes comme Barcelone, Madrid ou Naples, sont condens\u00e9es dans cette publication qui r\u00e9v\u00e8le la trace d&rsquo;une vision tr\u00e8s personnelle d&rsquo;un pays accueillant malgr\u00e9 les difficult\u00e9s.<\/p>\n<p style=\"text-align: left;\"><b>Langues:<\/b> Catalan, espagnol, arabe<br \/>\n<b>Textes<\/b>: Mohamed Ben Soltane, Xavier de Luca, Jos\u00e9 Ruiz et Teo V\u00e1zquez<br \/>\n<b>Mesures:<\/b> 30 x 21 cm<br \/>\n<b>Reliure:<\/b> Couverture souple<br \/>\n<b>Conception graphique:<\/b> Hichem Merouche <b>Conception de la couverture<\/b>: Andi Rivas<br \/>\n<b>Impression:<\/b> Nova Era<\/p>\n","protected":false},"excerpt":{"rendered":"<p class=\"p1\"><span class=\"s1\">\u00c9dition <b>Teo V\u00e1zquez \u00b7 <\/b><\/span><span class=\"s2\"><b>\u0643\u0641\u062a\u0627\u062c\u064a<\/b><\/span><span class=\"s1\"><b> Kafteji<\/b><\/span><\/p>\n","protected":false},"featured_media":11191,"comment_status":"closed","ping_status":"closed","template":"","meta":{"_acf_changed":false},"product_brand":[],"product_cat":[116],"class_list":{"0":"post-4737","1":"product","2":"type-product","3":"status-publish","4":"has-post-thumbnail","6":"product_cat-publicacions-fr","8":"first","9":"instock","10":"taxable","11":"shipping-taxable","12":"purchasable","13":"product-type-simple"},"acf":[],"_links":{"self":[{"href":"https:\/\/jiser.org\/fr\/wp-json\/wp\/v2\/product\/4737","targetHints":{"allow":["GET"]}}],"collection":[{"href":"https:\/\/jiser.org\/fr\/wp-json\/wp\/v2\/product"}],"about":[{"href":"https:\/\/jiser.org\/fr\/wp-json\/wp\/v2\/types\/product"}],"replies":[{"embeddable":true,"href":"https:\/\/jiser.org\/fr\/wp-json\/wp\/v2\/comments?post=4737"}],"wp:featuredmedia":[{"embeddable":true,"href":"https:\/\/jiser.org\/fr\/wp-json\/wp\/v2\/media\/11191"}],"wp:attachment":[{"href":"https:\/\/jiser.org\/fr\/wp-json\/wp\/v2\/media?parent=4737"}],"wp:term":[{"taxonomy":"product_brand","embeddable":true,"href":"https:\/\/jiser.org\/fr\/wp-json\/wp\/v2\/product_brand?post=4737"},{"taxonomy":"product_cat","embeddable":true,"href":"https:\/\/jiser.org\/fr\/wp-json\/wp\/v2\/product_cat?post=4737"}],"curies":[{"name":"wp","href":"https:\/\/api.w.org\/{rel}","templated":true}]}}