{"id":3350,"date":"2020-12-24T15:27:10","date_gmt":"2020-12-24T13:27:10","guid":{"rendered":"https:\/\/jiser.org\/?post_type=product&#038;p=3350"},"modified":"2025-07-22T13:39:06","modified_gmt":"2025-07-22T11:39:06","slug":"taula-etat-des-lieux","status":"publish","type":"product","link":"https:\/\/jiser.org\/fr\/produit\/taula-etat-des-lieux\/","title":{"rendered":"Taula \u0637\u0627\u0648\u0644\u0629. \u00c9tat des lieux"},"content":{"rendered":"<p style=\"text-align: left;\"><b>Taula \u0637\u0627\u0648\u0644\u0629. \u00c9tat des lieux\u00a0<\/b>est le r\u00e9sultat de neuf mois de travail en r\u00e9seau, r\u00e9alis\u00e9 de mani\u00e8re totalement virtuelle, et dans le climat d\u2019incertitude impos\u00e9 par le contexte de la pand\u00e9mie. Malgr\u00e9 tout, on a tent\u00e9 de transmettre et de r\u00e9v\u00e9ler l&rsquo;\u00e9tat des lieux du secteur culturel dans les villes qui ont collabor\u00e9 \u00e0 ce projet: Alger, Tunis, Barcelone, Tanger, S\u00e9ville, Marseille, Berlin et Stockholm.<\/p>\n<p style=\"text-align: left;\">Co\u00e9dit\u00e9 par Jiser et \u00e9ditions motifs (Alger). Imprim\u00e9 \u00e0 Barcelone et reli\u00e9 \u00e0 la main.<\/p>\n<p style=\"text-align: left;\">Avec les contributions de:<b><br \/>\n<\/b>Box24, Espace Mass\u2019Art, Think Tanger, Azimut, reboot.fm et AllArtNow.<\/p>\n<p style=\"text-align: left;\">Anna Irina Russell,\u00a0Joan Pall\u00e9,\u00a0Anna L\u00f3pez Luna,\u00a0Mounir Gouri,\u00a0Teo V\u00e1zquez,\u00a0Violeta Ospina,\u00a0F\u00e9rielle Zouari,\u00a0Hamideddine Bouali,\u00a0Soufia Bensa\u00efd,\u00a0Zineddine Bessai Tikharbishine,\u00a0Babek Yekhzor fik, Louise Dib,\u00a0Ranougraphy Rania G et Abdelraouf Meraga.<\/p>\n<p style=\"text-align: left;\">Xavier de Luca,\u00a0Toni Cots,\u00a0Mohamed Ben Soltane,\u00a0Walid Aidoud,\u00a0Amina Mourid,\u00a0Hicham Bouzid,\u00a0Abir Boukhari,\u00a0Nora Daoud,\u00a0Souka\u00efna Sentissi,\u00a0Diana McCarty et Hatem Boukesra.<\/p>\n","protected":false},"excerpt":{"rendered":"<p>\u00c9dition <b>Taula \u0637\u0627\u0648\u0644\u0629. \u00c9tat des lieux<\/b><\/p>\n","protected":false},"featured_media":11206,"comment_status":"closed","ping_status":"closed","template":"","meta":{"_acf_changed":false},"product_brand":[],"product_cat":[116],"class_list":{"0":"post-3350","1":"product","2":"type-product","3":"status-publish","4":"has-post-thumbnail","6":"product_cat-publicacions-fr","8":"first","9":"instock","10":"taxable","11":"shipping-taxable","12":"purchasable","13":"product-type-simple"},"acf":[],"_links":{"self":[{"href":"https:\/\/jiser.org\/fr\/wp-json\/wp\/v2\/product\/3350","targetHints":{"allow":["GET"]}}],"collection":[{"href":"https:\/\/jiser.org\/fr\/wp-json\/wp\/v2\/product"}],"about":[{"href":"https:\/\/jiser.org\/fr\/wp-json\/wp\/v2\/types\/product"}],"replies":[{"embeddable":true,"href":"https:\/\/jiser.org\/fr\/wp-json\/wp\/v2\/comments?post=3350"}],"wp:featuredmedia":[{"embeddable":true,"href":"https:\/\/jiser.org\/fr\/wp-json\/wp\/v2\/media\/11206"}],"wp:attachment":[{"href":"https:\/\/jiser.org\/fr\/wp-json\/wp\/v2\/media?parent=3350"}],"wp:term":[{"taxonomy":"product_brand","embeddable":true,"href":"https:\/\/jiser.org\/fr\/wp-json\/wp\/v2\/product_brand?post=3350"},{"taxonomy":"product_cat","embeddable":true,"href":"https:\/\/jiser.org\/fr\/wp-json\/wp\/v2\/product_cat?post=3350"}],"curies":[{"name":"wp","href":"https:\/\/api.w.org\/{rel}","templated":true}]}}