{"id":1724,"date":"2018-05-08T18:14:21","date_gmt":"2018-05-08T16:14:21","guid":{"rendered":"https:\/\/jiser.org\/product\/col%c2%b7laborador\/"},"modified":"2019-12-12T18:52:48","modified_gmt":"2019-12-12T16:52:48","slug":"amie-collaboratrice","status":"publish","type":"product","link":"https:\/\/jiser.org\/fr\/produit\/amie-collaboratrice\/","title":{"rendered":"Amie Collaboratrice"},"content":{"rendered":"<p><span lang=\"fr\">En plus des avantages de l\u2019amie protectrice, nous vous offrons un exemplaire d\u2019une s\u00e9rie r\u00e9alis\u00e9e par l\u2019un des artistes r\u00e9sidents.<\/span><\/p>\n","protected":false},"excerpt":{"rendered":"<p>En plus des avantages de l\u2019amie protectrice, nous vous offrons un exemplaire d\u2019une s\u00e9rie r\u00e9alis\u00e9e par l\u2019un des artistes r\u00e9sidents.<\/p>\n","protected":false},"featured_media":298,"comment_status":"closed","ping_status":"closed","template":"","meta":{"_acf_changed":false},"product_brand":[],"product_cat":[120],"class_list":{"0":"post-1724","1":"product","2":"type-product","3":"status-publish","4":"has-post-thumbnail","6":"product_cat-colabora-fr","8":"first","9":"instock","10":"virtual","11":"taxable","12":"purchasable","13":"product-type-simple"},"acf":[],"_links":{"self":[{"href":"https:\/\/jiser.org\/fr\/wp-json\/wp\/v2\/product\/1724","targetHints":{"allow":["GET"]}}],"collection":[{"href":"https:\/\/jiser.org\/fr\/wp-json\/wp\/v2\/product"}],"about":[{"href":"https:\/\/jiser.org\/fr\/wp-json\/wp\/v2\/types\/product"}],"replies":[{"embeddable":true,"href":"https:\/\/jiser.org\/fr\/wp-json\/wp\/v2\/comments?post=1724"}],"wp:featuredmedia":[{"embeddable":true,"href":"https:\/\/jiser.org\/fr\/wp-json\/wp\/v2\/media\/298"}],"wp:attachment":[{"href":"https:\/\/jiser.org\/fr\/wp-json\/wp\/v2\/media?parent=1724"}],"wp:term":[{"taxonomy":"product_brand","embeddable":true,"href":"https:\/\/jiser.org\/fr\/wp-json\/wp\/v2\/product_brand?post=1724"},{"taxonomy":"product_cat","embeddable":true,"href":"https:\/\/jiser.org\/fr\/wp-json\/wp\/v2\/product_cat?post=1724"}],"curies":[{"name":"wp","href":"https:\/\/api.w.org\/{rel}","templated":true}]}}