{"id":1703,"date":"2018-05-11T12:45:53","date_gmt":"2018-05-11T10:45:53","guid":{"rendered":"https:\/\/jiser.org\/product\/patrocinador\/"},"modified":"2019-12-12T19:24:43","modified_gmt":"2019-12-12T17:24:43","slug":"the-a-la-menthe","status":"publish","type":"product","link":"https:\/\/jiser.org\/fr\/produit\/the-a-la-menthe\/","title":{"rendered":"Th\u00e9 \u00e0 la menthe"},"content":{"rendered":"<p><span lang=\"fr\" tabindex=\"0\">Prenez un th\u00e9 \u00e0 la menthe avec nous! <\/span><span lang=\"fr\" tabindex=\"0\">Il s&rsquo;agit d&rsquo;une petite contribution, mais une bonne fa\u00e7on pour soutenir nos projets.<\/span><\/p>\n","protected":false},"excerpt":{"rendered":"<p>Prenez un th\u00e9 \u00e0 la menthe avec nous! Il s&rsquo;agit d&rsquo;une petite contribution, mais une bonne fa\u00e7on pour soutenir nos projets.<\/p>\n","protected":false},"featured_media":278,"comment_status":"closed","ping_status":"closed","template":"","meta":{"_acf_changed":false},"product_brand":[],"product_cat":[120],"class_list":{"0":"post-1703","1":"product","2":"type-product","3":"status-publish","4":"has-post-thumbnail","6":"product_cat-colabora-fr","8":"first","9":"instock","10":"virtual","11":"taxable","12":"purchasable","13":"product-type-simple"},"acf":[],"_links":{"self":[{"href":"https:\/\/jiser.org\/fr\/wp-json\/wp\/v2\/product\/1703","targetHints":{"allow":["GET"]}}],"collection":[{"href":"https:\/\/jiser.org\/fr\/wp-json\/wp\/v2\/product"}],"about":[{"href":"https:\/\/jiser.org\/fr\/wp-json\/wp\/v2\/types\/product"}],"replies":[{"embeddable":true,"href":"https:\/\/jiser.org\/fr\/wp-json\/wp\/v2\/comments?post=1703"}],"wp:featuredmedia":[{"embeddable":true,"href":"https:\/\/jiser.org\/fr\/wp-json\/wp\/v2\/media\/278"}],"wp:attachment":[{"href":"https:\/\/jiser.org\/fr\/wp-json\/wp\/v2\/media?parent=1703"}],"wp:term":[{"taxonomy":"product_brand","embeddable":true,"href":"https:\/\/jiser.org\/fr\/wp-json\/wp\/v2\/product_brand?post=1703"},{"taxonomy":"product_cat","embeddable":true,"href":"https:\/\/jiser.org\/fr\/wp-json\/wp\/v2\/product_cat?post=1703"}],"curies":[{"name":"wp","href":"https:\/\/api.w.org\/{rel}","templated":true}]}}