{"id":12941,"date":"2026-02-05T18:13:39","date_gmt":"2026-02-05T16:13:39","guid":{"rendered":"https:\/\/jiser.org\/?post_type=product&#038;p=12941"},"modified":"2026-04-20T18:15:48","modified_gmt":"2026-04-20T16:15:48","slug":"salih-basheer-%c2%b7-the-return","status":"publish","type":"product","link":"https:\/\/jiser.org\/fr\/produit\/salih-basheer-%c2%b7-the-return\/","title":{"rendered":"Salih Basheer \u00b7 The Return"},"content":{"rendered":"<p style=\"text-align: left;\">Dans cet ouvrage, Salih Basheer rend compte des ravages de la guerre au Soudan, en mettant l&rsquo;accent sur les cons\u00e9quences humanitaires ainsi que sur les exp\u00e9riences de perte et de d\u00e9placement. N\u00e9 au Soudan, Salih est intimement li\u00e9 \u00e0 cette histoire et, \u00e0 travers elle, il met en lumi\u00e8re les d\u00e9fis auxquels son peuple est confront\u00e9, tant \u00e0 l&rsquo;int\u00e9rieur du Soudan que dans les pays voisins o\u00f9 beaucoup ont cherch\u00e9 refuge.<\/p>\n<p style=\"text-align: left;\"><b>\u00c9diteur:\u00a0<\/b>Auto-\u00e9dit\u00e9<br \/>\n<b>Langue:<\/b> Anglais<br \/>\n<b>Mesures:<\/b> 14,3 x 18,1 cm<br \/>\n<b>Reliure:<\/b>\u00a0Softcover<br \/>\n<b>Conception graphique:<\/b> Salih Basheer<\/p>\n","protected":false},"excerpt":{"rendered":"<p>Dans cet ouvrage, Salih Basheer rend compte des ravages de la guerre au Soudan, en mettant l&rsquo;accent sur les cons\u00e9quences humanitaires ainsi que sur les exp\u00e9riences de perte et de d\u00e9placement. N\u00e9 au Soudan, Salih est intimement li\u00e9 \u00e0 cette histoire et, \u00e0 travers elle, il met en lumi\u00e8re les d\u00e9fis auxquels son peuple est [&hellip;]<\/p>\n","protected":false},"featured_media":12926,"comment_status":"closed","ping_status":"closed","template":"","meta":{"_acf_changed":false},"product_brand":[],"product_cat":[116],"class_list":{"0":"post-12941","1":"product","2":"type-product","3":"status-publish","4":"has-post-thumbnail","6":"product_cat-publicacions-fr","8":"first","9":"instock","10":"taxable","11":"shipping-taxable","12":"purchasable","13":"product-type-simple"},"acf":[],"_links":{"self":[{"href":"https:\/\/jiser.org\/fr\/wp-json\/wp\/v2\/product\/12941","targetHints":{"allow":["GET"]}}],"collection":[{"href":"https:\/\/jiser.org\/fr\/wp-json\/wp\/v2\/product"}],"about":[{"href":"https:\/\/jiser.org\/fr\/wp-json\/wp\/v2\/types\/product"}],"replies":[{"embeddable":true,"href":"https:\/\/jiser.org\/fr\/wp-json\/wp\/v2\/comments?post=12941"}],"wp:featuredmedia":[{"embeddable":true,"href":"https:\/\/jiser.org\/fr\/wp-json\/wp\/v2\/media\/12926"}],"wp:attachment":[{"href":"https:\/\/jiser.org\/fr\/wp-json\/wp\/v2\/media?parent=12941"}],"wp:term":[{"taxonomy":"product_brand","embeddable":true,"href":"https:\/\/jiser.org\/fr\/wp-json\/wp\/v2\/product_brand?post=12941"},{"taxonomy":"product_cat","embeddable":true,"href":"https:\/\/jiser.org\/fr\/wp-json\/wp\/v2\/product_cat?post=12941"}],"curies":[{"name":"wp","href":"https:\/\/api.w.org\/{rel}","templated":true}]}}