{"id":12764,"date":"2026-02-06T12:23:58","date_gmt":"2026-02-06T10:57:17","guid":{"rendered":"https:\/\/jiser.org\/?post_type=product&#038;p=12764"},"modified":"2026-02-06T12:57:46","modified_gmt":"2026-02-06T10:57:46","slug":"georges-salameh-%c2%b7-asnam","status":"publish","type":"product","link":"https:\/\/jiser.org\/fr\/produit\/georges-salameh-%c2%b7-asnam\/","title":{"rendered":"Georges Salameh \u00b7 ASNAM"},"content":{"rendered":"<p style=\"text-align: left;\">En 2009, Georges Salameh a r\u00e9alis\u00e9 son premier reportage photographique et rassembl\u00e9 des images de statues religieuses pr\u00e9sentes dans certaines r\u00e9gions chr\u00e9tiennes du Liban. Deux d\u00e9cennies apr\u00e8s avoir quitt\u00e9 le pays et avec la fin de la guerre civile, de grandes statues du Christ, de la Vierge Marie, de saints et d&rsquo;anges ont commenc\u00e9 \u00e0 appara\u00eetre pour la premi\u00e8re fois dans le paysage urbain en dehors de leurs sanctuaires religieux habituels. Dans le livre ASNAM, l&rsquo;acc\u00e9l\u00e9ration progressive de la monumentalisation de la foi dans l&rsquo;espace public au Liban et \u00e0 l&rsquo;\u00e9chelle m\u00e9diterran\u00e9enne est une question centrale. Le livre analyse les origines de la repr\u00e9sentation de la foi et ses implications dans la sph\u00e8re publique, qui sont \u00e9troitement li\u00e9es \u00e0 des questions politiques et sociales. Il s&rsquo;agit \u00e9galement d&rsquo;une r\u00e9flexion sur la confrontation entre le sacr\u00e9 et le profane, sur la rupture entre l&rsquo;espace priv\u00e9 et public, le citoyen et l&rsquo;\u00e9tranger, et sur la r\u00e9appropriation des statues par des int\u00e9r\u00eats politiques et religieux.<\/p>\n<p style=\"text-align: left;\"><b>\u00c9diteur:\u00a0<\/b>MeMS\u00e9A<br \/>\n<b>Langue:<\/b> Fran\u00e7ais, anglais et arabe<br \/>\n<b>Mesures:<\/b> 14 x 19 cm<br \/>\n<b>Reliure:<\/b> Hardcover<br \/>\n<b>Conception graphique:<\/b> Chora atelier<\/p>\n","protected":false},"excerpt":{"rendered":"<p>En 2009, Georges Salameh a r\u00e9alis\u00e9 son premier reportage photographique et rassembl\u00e9 des images de statues religieuses pr\u00e9sentes dans certaines r\u00e9gions chr\u00e9tiennes du Liban. Deux d\u00e9cennies apr\u00e8s avoir quitt\u00e9 le pays et avec la fin de la guerre civile, de grandes statues du Christ, de la Vierge Marie, de saints et d&rsquo;anges ont commenc\u00e9 \u00e0 [&hellip;]<\/p>\n","protected":false},"featured_media":12746,"comment_status":"closed","ping_status":"closed","template":"","meta":{"_acf_changed":false},"product_brand":[],"product_cat":[116],"class_list":{"0":"post-12764","1":"product","2":"type-product","3":"status-publish","4":"has-post-thumbnail","6":"product_cat-publicacions-fr","8":"first","9":"instock","10":"taxable","11":"shipping-taxable","12":"purchasable","13":"product-type-simple"},"acf":[],"_links":{"self":[{"href":"https:\/\/jiser.org\/fr\/wp-json\/wp\/v2\/product\/12764","targetHints":{"allow":["GET"]}}],"collection":[{"href":"https:\/\/jiser.org\/fr\/wp-json\/wp\/v2\/product"}],"about":[{"href":"https:\/\/jiser.org\/fr\/wp-json\/wp\/v2\/types\/product"}],"replies":[{"embeddable":true,"href":"https:\/\/jiser.org\/fr\/wp-json\/wp\/v2\/comments?post=12764"}],"wp:featuredmedia":[{"embeddable":true,"href":"https:\/\/jiser.org\/fr\/wp-json\/wp\/v2\/media\/12746"}],"wp:attachment":[{"href":"https:\/\/jiser.org\/fr\/wp-json\/wp\/v2\/media?parent=12764"}],"wp:term":[{"taxonomy":"product_brand","embeddable":true,"href":"https:\/\/jiser.org\/fr\/wp-json\/wp\/v2\/product_brand?post=12764"},{"taxonomy":"product_cat","embeddable":true,"href":"https:\/\/jiser.org\/fr\/wp-json\/wp\/v2\/product_cat?post=12764"}],"curies":[{"name":"wp","href":"https:\/\/api.w.org\/{rel}","templated":true}]}}