{"id":12722,"date":"2025-12-01T12:27:49","date_gmt":"2026-01-14T10:41:57","guid":{"rendered":"https:\/\/jiser.org\/?post_type=product&#038;p=12722"},"modified":"2026-01-14T12:41:57","modified_gmt":"2026-01-14T10:41:57","slug":"abdo-shanan-%c2%b7-word-from-the-absent","status":"publish","type":"product","link":"https:\/\/jiser.org\/fr\/produit\/abdo-shanan-%c2%b7-word-from-the-absent\/","title":{"rendered":"Abdo Shanan \u00b7 Word from the absent"},"content":{"rendered":"<p style=\"text-align: left;\">Dans ce fanzine, Abdo a r\u00e9imagin\u00e9 \u00e0 quoi ressemblerait un journal, tant dans sa conception que dans son contenu, s&rsquo;il \u00e9tait bas\u00e9 sur la vie quotidienne des gens ordinaires. Le journal rassemble des photographies familiales num\u00e9ris\u00e9es et des dialogues imaginaires avec Omar Gatlato, le personnage principal du film Omar Gatlato, de Merzak Allouache, sorti en 1976. Le film se d\u00e9roule dans les quartiers ouvriers d&rsquo;Alger et suit Omar, un jeune homme obs\u00e9d\u00e9 par la musique, les amiti\u00e9s et les apparences. L&rsquo;interview imaginaire est \u00e9crite en darja alg\u00e9rien, la m\u00eame langue que celle parl\u00e9e dans le film : o\u00f9 le sens, le ton et l&rsquo;humour transmettent la profondeur de l&rsquo;exp\u00e9rience v\u00e9cue et sont mieux compris dans leur forme originale.<\/p>\n<p style=\"text-align: left;\"><b>\u00c9diteur:\u00a0<\/b>Auto-publi\u00e9<br \/>\n<b>Langue:<\/b> Darija alg\u00e9rien (arabe)<br \/>\n<b>Mesures:<\/b> 22 x 31 cm<br \/>\n<b>Conception graphique: <\/b>Abdelghani Hidouche \u00ab\u00a0Bold\u00a0\u00bb<\/p>\n","protected":false},"excerpt":{"rendered":"<p>Dans ce fanzine, Abdo a r\u00e9imagin\u00e9 \u00e0 quoi ressemblerait un journal, tant dans sa conception que dans son contenu, s&rsquo;il \u00e9tait bas\u00e9 sur la vie quotidienne des gens ordinaires. Le journal rassemble des photographies familiales num\u00e9ris\u00e9es et des dialogues imaginaires avec Omar Gatlato, le personnage principal du film Omar Gatlato, de Merzak Allouache, sorti en [&hellip;]<\/p>\n","protected":false},"featured_media":12707,"comment_status":"closed","ping_status":"closed","template":"","meta":{"_acf_changed":false},"product_brand":[],"product_cat":[116],"class_list":{"0":"post-12722","1":"product","2":"type-product","3":"status-publish","4":"has-post-thumbnail","6":"product_cat-publicacions-fr","8":"first","9":"instock","10":"taxable","11":"shipping-taxable","12":"purchasable","13":"product-type-simple"},"acf":[],"_links":{"self":[{"href":"https:\/\/jiser.org\/fr\/wp-json\/wp\/v2\/product\/12722","targetHints":{"allow":["GET"]}}],"collection":[{"href":"https:\/\/jiser.org\/fr\/wp-json\/wp\/v2\/product"}],"about":[{"href":"https:\/\/jiser.org\/fr\/wp-json\/wp\/v2\/types\/product"}],"replies":[{"embeddable":true,"href":"https:\/\/jiser.org\/fr\/wp-json\/wp\/v2\/comments?post=12722"}],"wp:featuredmedia":[{"embeddable":true,"href":"https:\/\/jiser.org\/fr\/wp-json\/wp\/v2\/media\/12707"}],"wp:attachment":[{"href":"https:\/\/jiser.org\/fr\/wp-json\/wp\/v2\/media?parent=12722"}],"wp:term":[{"taxonomy":"product_brand","embeddable":true,"href":"https:\/\/jiser.org\/fr\/wp-json\/wp\/v2\/product_brand?post=12722"},{"taxonomy":"product_cat","embeddable":true,"href":"https:\/\/jiser.org\/fr\/wp-json\/wp\/v2\/product_cat?post=12722"}],"curies":[{"name":"wp","href":"https:\/\/api.w.org\/{rel}","templated":true}]}}