{"id":12671,"date":"2025-12-15T14:33:04","date_gmt":"2025-12-15T12:38:20","guid":{"rendered":"https:\/\/jiser.org\/?post_type=product&#038;p=12671"},"modified":"2025-12-15T14:38:20","modified_gmt":"2025-12-15T12:38:20","slug":"irene-zottola-%c2%b7-lejos-de-la-tierra","status":"publish","type":"product","link":"https:\/\/jiser.org\/fr\/produit\/irene-zottola-%c2%b7-lejos-de-la-tierra\/","title":{"rendered":"Irene Zottola \u00b7 Lejos de la tierra"},"content":{"rendered":"<p style=\"text-align: left;\">Lejos de la Tierra (Loin de la Terre) est le deuxi\u00e8me livre photo de la photographe espagnole Irene Zottola, r\u00e9alis\u00e9 en collaboration avec le musicien danois \u00d8jerum. L&rsquo;ouvrage fusionne photographie, collage et sons ambiants pour explorer des th\u00e8mes tels que le corps, le paysage et la m\u00e9moire, cr\u00e9ant ainsi une atmosph\u00e8re po\u00e9tique et onirique. Un code de t\u00e9l\u00e9chargement est inclus pour acc\u00e9der \u00e0 la musique d&rsquo;\u00d8jeRum.<\/p>\n<p style=\"text-align: left;\">\u00c9dition limit\u00e9e \u00e0 500 exemplaires, num\u00e9rot\u00e9s et estampill\u00e9s \u00e0 la main.<\/p>\n<p style=\"text-align: left;\"><strong>Irene Zottola<\/strong> (Madrid, Espagne, 1980) est une photographe et artiste qui explore les limites de la photographie analogique pour cr\u00e9er un univers onirique et po\u00e9tique, accompagnant souvent ses images de textes. Son travail a \u00e9t\u00e9 expos\u00e9 en Espagne, en Italie et au Maroc. Elle a publi\u00e9 dans des maisons d&rsquo;\u00e9dition telles que La Bella Varsovia et Lumen (Espagne) et dans des magazines tels que She shoots film (Australie), Fisheyemagazine (France) et Vostmagazine (Cor\u00e9e).<\/p>\n<p style=\"text-align: left;\"><b>\u00c9diteur:\u00a0<\/b>Iikki books<br \/>\n<b>Mesures:<\/b>\u00a017 x 23 cm<br \/>\n<b>Reliure:<\/b>\u00a0Hardcover<\/p>\n","protected":false},"excerpt":{"rendered":"<p>Lejos de la Tierra (Loin de la Terre) est le deuxi\u00e8me livre photo de la photographe espagnole Irene Zottola, r\u00e9alis\u00e9 en collaboration avec le musicien danois \u00d8jerum. L&rsquo;ouvrage fusionne photographie, collage et sons ambiants pour explorer des th\u00e8mes tels que le corps, le paysage et la m\u00e9moire, cr\u00e9ant ainsi une atmosph\u00e8re po\u00e9tique et onirique. Un [&hellip;]<\/p>\n","protected":false},"featured_media":12653,"comment_status":"closed","ping_status":"closed","template":"","meta":{"_acf_changed":false},"product_brand":[],"product_cat":[116],"class_list":{"0":"post-12671","1":"product","2":"type-product","3":"status-publish","4":"has-post-thumbnail","6":"product_cat-publicacions-fr","8":"first","9":"instock","10":"taxable","11":"shipping-taxable","12":"purchasable","13":"product-type-simple"},"acf":[],"_links":{"self":[{"href":"https:\/\/jiser.org\/fr\/wp-json\/wp\/v2\/product\/12671","targetHints":{"allow":["GET"]}}],"collection":[{"href":"https:\/\/jiser.org\/fr\/wp-json\/wp\/v2\/product"}],"about":[{"href":"https:\/\/jiser.org\/fr\/wp-json\/wp\/v2\/types\/product"}],"replies":[{"embeddable":true,"href":"https:\/\/jiser.org\/fr\/wp-json\/wp\/v2\/comments?post=12671"}],"wp:featuredmedia":[{"embeddable":true,"href":"https:\/\/jiser.org\/fr\/wp-json\/wp\/v2\/media\/12653"}],"wp:attachment":[{"href":"https:\/\/jiser.org\/fr\/wp-json\/wp\/v2\/media?parent=12671"}],"wp:term":[{"taxonomy":"product_brand","embeddable":true,"href":"https:\/\/jiser.org\/fr\/wp-json\/wp\/v2\/product_brand?post=12671"},{"taxonomy":"product_cat","embeddable":true,"href":"https:\/\/jiser.org\/fr\/wp-json\/wp\/v2\/product_cat?post=12671"}],"curies":[{"name":"wp","href":"https:\/\/api.w.org\/{rel}","templated":true}]}}