{"id":12650,"date":"2025-12-15T13:57:36","date_gmt":"2025-12-15T12:07:05","guid":{"rendered":"https:\/\/jiser.org\/?post_type=product&#038;p=12650"},"modified":"2025-12-15T14:07:05","modified_gmt":"2025-12-15T12:07:05","slug":"mohamed-mahdy-%c2%b7-here-the-doors-dont-know-me","status":"publish","type":"product","link":"https:\/\/jiser.org\/fr\/produit\/mohamed-mahdy-%c2%b7-here-the-doors-dont-know-me\/","title":{"rendered":"Mohamed Mahdy \u00b7 Here, the Doors Don&rsquo;t Know Me"},"content":{"rendered":"<p style=\"text-align: left;\">Cette publication est le r\u00e9sultat du IIIe Prix M\u00e9diterran\u00e9en Albert Camus Incipiens, organis\u00e9 par les Trobades &amp; Prix M\u00e9diterran\u00e9ens Albert Camus de Minorque. Lanc\u00e9 en 2016, le projet suit, \u00e0 travers la photographie, les archives communautaires, les lettres manuscrites et les t\u00e9moignages, les habitants d&rsquo;Al-Max, un quartier historique de p\u00eacheurs \u00e0 Alexandrie, en \u00c9gypte, aujourd&rsquo;hui menac\u00e9 de d\u00e9placement. Alors que le d\u00e9veloppement urbain efface leur vie quotidienne et leurs traditions, Mohamed Mahdy construit son \u0153uvre avec les habitants eux-m\u00eames : les familles partagent leurs archives, \u00e9crivent leurs derni\u00e8res lettres avant de quitter leurs maisons et fa\u00e7onnent la mani\u00e8re dont elles sont repr\u00e9sent\u00e9es. Le projet r\u00e9fl\u00e9chit \u00e0 la mani\u00e8re dont la m\u00e9moire, l&rsquo;identit\u00e9 et l&rsquo;appartenance perdurent lorsqu&rsquo;un lieu est physiquement perdu.<\/p>\n<p style=\"text-align: left;\"><b>\u00c9diteur:\u00a0<\/b>RM<br \/>\n<b>Langue:<\/b> Anglais et arabe<br \/>\n<b>Mesures:<\/b> 17 x 22 cm<br \/>\n<b>Reliure:<\/b> Hardcover<\/p>\n","protected":false},"excerpt":{"rendered":"<p>Cette publication est le r\u00e9sultat du IIIe Prix M\u00e9diterran\u00e9en Albert Camus Incipiens, organis\u00e9 par les Trobades &amp; Prix M\u00e9diterran\u00e9ens Albert Camus de Minorque. Lanc\u00e9 en 2016, le projet suit, \u00e0 travers la photographie, les archives communautaires, les lettres manuscrites et les t\u00e9moignages, les habitants d&rsquo;Al-Max, un quartier historique de p\u00eacheurs \u00e0 Alexandrie, en \u00c9gypte, aujourd&rsquo;hui [&hellip;]<\/p>\n","protected":false},"featured_media":12632,"comment_status":"closed","ping_status":"closed","template":"","meta":{"_acf_changed":false},"product_brand":[],"product_cat":[116],"class_list":{"0":"post-12650","1":"product","2":"type-product","3":"status-publish","4":"has-post-thumbnail","6":"product_cat-publicacions-fr","8":"first","9":"instock","10":"taxable","11":"shipping-taxable","12":"purchasable","13":"product-type-simple"},"acf":[],"_links":{"self":[{"href":"https:\/\/jiser.org\/fr\/wp-json\/wp\/v2\/product\/12650","targetHints":{"allow":["GET"]}}],"collection":[{"href":"https:\/\/jiser.org\/fr\/wp-json\/wp\/v2\/product"}],"about":[{"href":"https:\/\/jiser.org\/fr\/wp-json\/wp\/v2\/types\/product"}],"replies":[{"embeddable":true,"href":"https:\/\/jiser.org\/fr\/wp-json\/wp\/v2\/comments?post=12650"}],"wp:featuredmedia":[{"embeddable":true,"href":"https:\/\/jiser.org\/fr\/wp-json\/wp\/v2\/media\/12632"}],"wp:attachment":[{"href":"https:\/\/jiser.org\/fr\/wp-json\/wp\/v2\/media?parent=12650"}],"wp:term":[{"taxonomy":"product_brand","embeddable":true,"href":"https:\/\/jiser.org\/fr\/wp-json\/wp\/v2\/product_brand?post=12650"},{"taxonomy":"product_cat","embeddable":true,"href":"https:\/\/jiser.org\/fr\/wp-json\/wp\/v2\/product_cat?post=12650"}],"curies":[{"name":"wp","href":"https:\/\/api.w.org\/{rel}","templated":true}]}}