{"id":12459,"date":"2025-10-29T20:45:28","date_gmt":"2025-10-29T18:52:46","guid":{"rendered":"https:\/\/jiser.org\/?post_type=product&#038;p=12459"},"modified":"2025-11-01T09:15:35","modified_gmt":"2025-11-01T07:15:35","slug":"heba-khalifa-%c2%b7-tigers-eye","status":"publish","type":"product","link":"https:\/\/jiser.org\/fr\/produit\/heba-khalifa-%c2%b7-tigers-eye\/","title":{"rendered":"Heba Khalifa \u00b7 Tiger&rsquo;s Eye"},"content":{"rendered":"<p style=\"text-align: left;\">Tiger\u2019s Eye est un projet artistique qui combine la photographie et le dessin, \u00e0 travers l&rsquo;art du collage, avec des textes personnels qui se d\u00e9roulent en parall\u00e8le et s&rsquo;entrecroisent avec les dessins. Le titre, qui a une double signification en arabe \u00e9gyptien, a \u00e9t\u00e9 utilis\u00e9 par Heba Khalifa pour exprimer les tabous qui entourent les femmes et l&rsquo;audace avec laquelle elle les affronte.<\/p>\n<p style=\"text-align: left;\">Heba Khalifa est une artiste multim\u00e9dia qui combine la photographie et les arts visuels dans son travail pour exprimer divers th\u00e8mes li\u00e9s aux questions d&rsquo;identit\u00e9 sexuelle, de conflit, etc. Elle consid\u00e8re chaque projet artistique comme un voyage riche en d\u00e9couvertes et se lance dans l&rsquo;aventure de la photographie et du dessin pour documenter ses exp\u00e9riences et ses sentiments, loin des m\u00e9thodes traditionnelles. Ses \u0153uvres ne sont pas seulement des expressions artistiques, mais une aventure continue de d\u00e9couverte de soi et de documentation de moments humains \u00e9mouvants.<\/p>\n<p style=\"text-align: left;\"><b>\u00c9diteur:\u00a0<\/b>Auto-publi\u00e9 \/ Waziz Books<br \/>\n<b>Langue:<\/b> Anglais, arabe<br \/>\n<b>Mesures:<\/b> 23,5 x 16,7 cm<br \/>\n<b>Reliure:<\/b>\u00a0Couverture souple<br \/>\n<b>Conception graphique:<\/b> Nike Dieterich<\/p>\n","protected":false},"excerpt":{"rendered":"<p>Tiger\u2019s Eye est un projet artistique qui combine la photographie et le dessin, \u00e0 travers l&rsquo;art du collage, avec des textes personnels qui se d\u00e9roulent en parall\u00e8le et s&rsquo;entrecroisent avec les dessins. Le titre, qui a une double signification en arabe \u00e9gyptien, a \u00e9t\u00e9 utilis\u00e9 par Heba Khalifa pour exprimer les tabous qui entourent les [&hellip;]<\/p>\n","protected":false},"featured_media":12464,"comment_status":"closed","ping_status":"closed","template":"","meta":{"_acf_changed":false},"product_brand":[],"product_cat":[116],"class_list":{"0":"post-12459","1":"product","2":"type-product","3":"status-publish","4":"has-post-thumbnail","6":"product_cat-publicacions-fr","8":"first","9":"instock","10":"taxable","11":"shipping-taxable","12":"purchasable","13":"product-type-simple"},"acf":[],"_links":{"self":[{"href":"https:\/\/jiser.org\/fr\/wp-json\/wp\/v2\/product\/12459","targetHints":{"allow":["GET"]}}],"collection":[{"href":"https:\/\/jiser.org\/fr\/wp-json\/wp\/v2\/product"}],"about":[{"href":"https:\/\/jiser.org\/fr\/wp-json\/wp\/v2\/types\/product"}],"replies":[{"embeddable":true,"href":"https:\/\/jiser.org\/fr\/wp-json\/wp\/v2\/comments?post=12459"}],"wp:featuredmedia":[{"embeddable":true,"href":"https:\/\/jiser.org\/fr\/wp-json\/wp\/v2\/media\/12464"}],"wp:attachment":[{"href":"https:\/\/jiser.org\/fr\/wp-json\/wp\/v2\/media?parent=12459"}],"wp:term":[{"taxonomy":"product_brand","embeddable":true,"href":"https:\/\/jiser.org\/fr\/wp-json\/wp\/v2\/product_brand?post=12459"},{"taxonomy":"product_cat","embeddable":true,"href":"https:\/\/jiser.org\/fr\/wp-json\/wp\/v2\/product_cat?post=12459"}],"curies":[{"name":"wp","href":"https:\/\/api.w.org\/{rel}","templated":true}]}}