{"id":12450,"date":"2025-10-28T19:39:25","date_gmt":"2025-10-28T17:45:50","guid":{"rendered":"https:\/\/jiser.org\/?post_type=product&#038;p=12450"},"modified":"2025-10-28T19:46:53","modified_gmt":"2025-10-28T17:46:53","slug":"le-temps-creuse-meme-le-marbre","status":"publish","type":"product","link":"https:\/\/jiser.org\/fr\/produit\/le-temps-creuse-meme-le-marbre\/","title":{"rendered":"Le temps creuse m\u00eame le marbre"},"content":{"rendered":"<p style=\"text-align: left;\">En \u00e9cho \u00e0 l\u2019Abbaye de Jumi\u00e8ges, site religieux construit au VIIe si\u00e8cle transform\u00e9 en carri\u00e8re de pierres avant de devenir monument historique, l\u2019exposition \u00ab Le temps creuse m\u00eame le marbre \u0627\u0644\u062f\u0648\u0627\u0645 \u064a\u0646\u0642\u0628 \u0627\u0644\u0631\u062e\u0627\u0645\u00bb donne \u00e0 voir le travail de onze artistes contemporains tunisiens sur les exp\u00e9rimentations visuelles autour de la photographie et de la vid\u00e9o. Cinq ans apr\u00e8s l\u2019exposition \u00ab Les flots \u00e9coul\u00e9s ne reviennent pas \u00e0 la source \u00bb, l\u2019Abbaye de Jumi\u00e8ges et le d\u00e9partement de la Seine-Maritime ont command\u00e9 une nouvelle exposition \u00e0 la curatrice Victoria Jonathan, cette fois-ci sur la Tunisie dont elle est originaire. ARTISTES : H\u00e9la Ammar, Isma\u00efl Bahri, Asma Ben A\u00efssa, Youn\u00e8s Ben Slimane, Meriem Bouderbala, Rafram Chaddad, Chiraz Chouchane, F\u00e9rielle Doulain-Zouari, Farah Khelil, Amira Lamti, Fredj Moussa<\/p>\n<p style=\"text-align: left;\"><b>\u00c9diteur:\u00a0<\/b>Bao Books<br \/>\n<b>Langue:<\/b> Fran\u00e7ais, anglais<br \/>\n<b>Mesures:<\/b> 24 x 17 cm<br \/>\n<b>Reliure:<\/b>\u00a0Couverture souple<br \/>\n<b>Conception graphique:<\/b> Bao Books<\/p>\n","protected":false},"excerpt":{"rendered":"<p>En \u00e9cho \u00e0 l\u2019Abbaye de Jumi\u00e8ges, site religieux construit au VIIe si\u00e8cle transform\u00e9 en carri\u00e8re de pierres avant de devenir monument historique, l\u2019exposition \u00ab Le temps creuse m\u00eame le marbre \u0627\u0644\u062f\u0648\u0627\u0645 \u064a\u0646\u0642\u0628 \u0627\u0644\u0631\u062e\u0627\u0645\u00bb donne \u00e0 voir le travail de onze artistes contemporains tunisiens sur les exp\u00e9rimentations visuelles autour de la photographie et de la vid\u00e9o. [&hellip;]<\/p>\n","protected":false},"featured_media":12420,"comment_status":"closed","ping_status":"closed","template":"","meta":{"_acf_changed":false},"product_brand":[],"product_cat":[116],"class_list":{"0":"post-12450","1":"product","2":"type-product","3":"status-publish","4":"has-post-thumbnail","6":"product_cat-publicacions-fr","8":"first","9":"outofstock","10":"taxable","11":"shipping-taxable","12":"purchasable","13":"product-type-simple"},"acf":[],"_links":{"self":[{"href":"https:\/\/jiser.org\/fr\/wp-json\/wp\/v2\/product\/12450","targetHints":{"allow":["GET"]}}],"collection":[{"href":"https:\/\/jiser.org\/fr\/wp-json\/wp\/v2\/product"}],"about":[{"href":"https:\/\/jiser.org\/fr\/wp-json\/wp\/v2\/types\/product"}],"replies":[{"embeddable":true,"href":"https:\/\/jiser.org\/fr\/wp-json\/wp\/v2\/comments?post=12450"}],"wp:featuredmedia":[{"embeddable":true,"href":"https:\/\/jiser.org\/fr\/wp-json\/wp\/v2\/media\/12420"}],"wp:attachment":[{"href":"https:\/\/jiser.org\/fr\/wp-json\/wp\/v2\/media?parent=12450"}],"wp:term":[{"taxonomy":"product_brand","embeddable":true,"href":"https:\/\/jiser.org\/fr\/wp-json\/wp\/v2\/product_brand?post=12450"},{"taxonomy":"product_cat","embeddable":true,"href":"https:\/\/jiser.org\/fr\/wp-json\/wp\/v2\/product_cat?post=12450"}],"curies":[{"name":"wp","href":"https:\/\/api.w.org\/{rel}","templated":true}]}}