{"id":12393,"date":"2025-10-03T11:17:23","date_gmt":"2025-10-03T10:56:30","guid":{"rendered":"https:\/\/jiser.org\/?post_type=product&#038;p=12393"},"modified":"2025-10-03T12:56:30","modified_gmt":"2025-10-03T10:56:30","slug":"maen-hammad-%c2%b7-landing","status":"publish","type":"product","link":"https:\/\/jiser.org\/fr\/produit\/maen-hammad-%c2%b7-landing\/","title":{"rendered":"Maen Hammad \u00b7 Landing"},"content":{"rendered":"<p style=\"text-align: left;\">Landing, de Maen Hammad, explore la vie des skateurs palestiniens en Cisjordanie occup\u00e9e, confront\u00e9s aux multiples r\u00e9alit\u00e9s de la domination coloniale isra\u00e9lienne. Le livre propose une th\u00e8se sur le skateboard comme forme de r\u00e9sistance \u00e0 un environnement violent. Document\u00e9 entre 2015 et 2022, il capture les moments fugaces d&rsquo;\u00e9vasion et l&rsquo;esprit indomptable du skateboard. \u00c0 travers une danse interpr\u00e9tative d&rsquo;images et de textes, le livre pr\u00e9sente un contre-r\u00e9cit puissant : une d\u00e9monstration du refus palestinien de succomber.<\/p>\n<p style=\"text-align: left;\">En m\u00ealant le r\u00e9cit personnel de Maen aux t\u00e9moignages des skateurs palestiniens, Landing offre un aper\u00e7u intime de la qu\u00eate quotidienne de libert\u00e9. Il se concentre sur l&rsquo;espace mental alternatif cr\u00e9\u00e9 par ces jeunes skateurs. Ce livre aux multiples facettes cr\u00e9e un dialogue n\u00e9cessaire entre le texte et les images, offrant des micro-histoires vari\u00e9es au sein d&rsquo;un tout connect\u00e9. Avec en toile de fond le g\u00e9nocide en cours et pr\u00e8s d&rsquo;un si\u00e8cle d&rsquo;effacement, Landing pr\u00e9sente un portail vital vers la t\u00e9nacit\u00e9, la cr\u00e9ativit\u00e9 et la lutte d\u00e9coloniale de cette g\u00e9n\u00e9ration en Palestine.<\/p>\n<p style=\"text-align: left;\">Produit en \u00e9troite collaboration avec le designer Ro\u00ef Saade, Landing rassemble 22 essais critiques, po\u00e8mes et interviews, ainsi que plus de 100 images.<\/p>\n<p style=\"text-align: left;\"><b>\u00c9diteur:<\/b> Huwawa<br \/>\n<b>Langue:<\/b>\u00a0Anglais<br \/>\n<b>Mesures:<\/b> 23 x 28 cm<br \/>\n<b>Reliure:<\/b> Softcover<br \/>\n<b>Conception graphique:\u00a0<\/b>Ro\u00ef Saade<\/p>\n","protected":false},"excerpt":{"rendered":"<p>Landing, de Maen Hammad, explore la vie des skateurs palestiniens en Cisjordanie occup\u00e9e, confront\u00e9s aux multiples r\u00e9alit\u00e9s de la domination coloniale isra\u00e9lienne. Le livre propose une th\u00e8se sur le skateboard comme forme de r\u00e9sistance \u00e0 un environnement violent. Document\u00e9 entre 2015 et 2022, il capture les moments fugaces d&rsquo;\u00e9vasion et l&rsquo;esprit indomptable du skateboard. \u00c0 [&hellip;]<\/p>\n","protected":false},"featured_media":12376,"comment_status":"closed","ping_status":"closed","template":"","meta":{"_acf_changed":false},"product_brand":[],"product_cat":[116],"class_list":{"0":"post-12393","1":"product","2":"type-product","3":"status-publish","4":"has-post-thumbnail","6":"product_cat-publicacions-fr","8":"first","9":"instock","10":"taxable","11":"shipping-taxable","12":"purchasable","13":"product-type-simple"},"acf":[],"_links":{"self":[{"href":"https:\/\/jiser.org\/fr\/wp-json\/wp\/v2\/product\/12393","targetHints":{"allow":["GET"]}}],"collection":[{"href":"https:\/\/jiser.org\/fr\/wp-json\/wp\/v2\/product"}],"about":[{"href":"https:\/\/jiser.org\/fr\/wp-json\/wp\/v2\/types\/product"}],"replies":[{"embeddable":true,"href":"https:\/\/jiser.org\/fr\/wp-json\/wp\/v2\/comments?post=12393"}],"wp:featuredmedia":[{"embeddable":true,"href":"https:\/\/jiser.org\/fr\/wp-json\/wp\/v2\/media\/12376"}],"wp:attachment":[{"href":"https:\/\/jiser.org\/fr\/wp-json\/wp\/v2\/media?parent=12393"}],"wp:term":[{"taxonomy":"product_brand","embeddable":true,"href":"https:\/\/jiser.org\/fr\/wp-json\/wp\/v2\/product_brand?post=12393"},{"taxonomy":"product_cat","embeddable":true,"href":"https:\/\/jiser.org\/fr\/wp-json\/wp\/v2\/product_cat?post=12393"}],"curies":[{"name":"wp","href":"https:\/\/api.w.org\/{rel}","templated":true}]}}