{"id":12108,"date":"2025-06-25T18:32:37","date_gmt":"2025-06-25T16:49:45","guid":{"rendered":"https:\/\/jiser.org\/?post_type=product&#038;p=12108"},"modified":"2025-07-22T13:22:07","modified_gmt":"2025-07-22T11:22:07","slug":"que-moldea-nuestras-paginas","status":"publish","type":"product","link":"https:\/\/jiser.org\/fr\/produit\/que-moldea-nuestras-paginas\/","title":{"rendered":"\u00bfQu\u00e9 moldea nuestras p\u00e1ginas?"},"content":{"rendered":"<p style=\"text-align: left;\">La troisi\u00e8me publication de Recreo Art Books, \u00bfQu\u00e9 moldea nuestras p\u00e1ginas?, explore le concept de territoire et son impact sur les pratiques d&rsquo;\u00e9dition contemporaines. Fruit d&rsquo;une collaboration entre Cairo Art Book Fair et Recreo Valencia Art Book Fair, le projet examine comment l&rsquo;identit\u00e9, la langue, la politique, la migration et d&rsquo;autres facteurs propres \u00e0 chaque territoire affectent l&rsquo;\u00e9dition ind\u00e9pendante. \u00c0 travers le t\u00e9moignage de diff\u00e9rents profils, il retrace un voyage \u00e0 travers la M\u00e9diterran\u00e9e dans le but d&rsquo;analyser les similitudes et les diff\u00e9rences qui constituent une identit\u00e9 partag\u00e9e. Publi\u00e9e en arabe et en espagnol, la publication offre de multiples fa\u00e7ons de lire ce que nous comprenons aujourd&rsquo;hui comme l&rsquo;\u00e9dition contemporaine de la M\u00e9diterran\u00e9e.<\/p>\n<p style=\"text-align: left;\">\u00c9diteur: Recreo Art Books<br \/>\nLangues: Espagnol et arabe<br \/>\nMesures: 21 x 29,7 cm<br \/>\nReliure: Agrafage<br \/>\nImpression: Risographie (vert et noir)<\/p>\n","protected":false},"excerpt":{"rendered":"<p>La troisi\u00e8me publication de Recreo Art Books, \u00bfQu\u00e9 moldea nuestras p\u00e1ginas?, explore le concept de territoire et son impact sur les pratiques d&rsquo;\u00e9dition contemporaines. Fruit d&rsquo;une collaboration entre Cairo Art Book Fair et Recreo Valencia Art Book Fair, le projet examine comment l&rsquo;identit\u00e9, la langue, la politique, la migration et d&rsquo;autres facteurs propres \u00e0 chaque [&hellip;]<\/p>\n","protected":false},"featured_media":12096,"comment_status":"closed","ping_status":"closed","template":"","meta":{"_acf_changed":false},"product_brand":[],"product_cat":[116],"class_list":{"0":"post-12108","1":"product","2":"type-product","3":"status-publish","4":"has-post-thumbnail","6":"product_cat-publicacions-fr","8":"first","9":"instock","10":"taxable","11":"shipping-taxable","12":"purchasable","13":"product-type-simple"},"acf":[],"_links":{"self":[{"href":"https:\/\/jiser.org\/fr\/wp-json\/wp\/v2\/product\/12108","targetHints":{"allow":["GET"]}}],"collection":[{"href":"https:\/\/jiser.org\/fr\/wp-json\/wp\/v2\/product"}],"about":[{"href":"https:\/\/jiser.org\/fr\/wp-json\/wp\/v2\/types\/product"}],"replies":[{"embeddable":true,"href":"https:\/\/jiser.org\/fr\/wp-json\/wp\/v2\/comments?post=12108"}],"wp:featuredmedia":[{"embeddable":true,"href":"https:\/\/jiser.org\/fr\/wp-json\/wp\/v2\/media\/12096"}],"wp:attachment":[{"href":"https:\/\/jiser.org\/fr\/wp-json\/wp\/v2\/media?parent=12108"}],"wp:term":[{"taxonomy":"product_brand","embeddable":true,"href":"https:\/\/jiser.org\/fr\/wp-json\/wp\/v2\/product_brand?post=12108"},{"taxonomy":"product_cat","embeddable":true,"href":"https:\/\/jiser.org\/fr\/wp-json\/wp\/v2\/product_cat?post=12108"}],"curies":[{"name":"wp","href":"https:\/\/api.w.org\/{rel}","templated":true}]}}