{"id":11886,"date":"2025-05-07T18:02:40","date_gmt":"2025-05-07T16:09:31","guid":{"rendered":"https:\/\/jiser.org\/?post_type=product&#038;p=11886"},"modified":"2025-07-22T13:21:25","modified_gmt":"2025-07-22T11:21:25","slug":"katia-kameli","status":"publish","type":"product","link":"https:\/\/jiser.org\/fr\/produit\/katia-kameli\/","title":{"rendered":"Katia Kameli"},"content":{"rendered":"<p style=\"text-align: left;\">Loin de concevoir le monde en termes d&rsquo;identit\u00e9s s\u00e9par\u00e9es, l&rsquo;\u0153uvre de Katia Kameli se nourrit de l&rsquo;exp\u00e9rience personnelle et de l&rsquo;identit\u00e9 plurielle de l&rsquo;artiste. Sous des formes multiples, il exprime l&rsquo;espace interm\u00e9diaire, l&rsquo;entre-deux, qui rejette la notion d&rsquo;appartenance au profit de la multiplicit\u00e9 et contrecarre le dualisme latent de la logique du \u00ab ou bien, ou bien \u00bb : soit alg\u00e9rien, soit fran\u00e7ais&#8230;<\/p>\n<p style=\"text-align: left;\">Kameli, n\u00e9 \u00e0 Clermont-Ferrand en 1973, adopte une approche de l&rsquo;hybridit\u00e9, d&rsquo;une troisi\u00e8me voie qui ouvre des possibilit\u00e9s \u00e0 d&rsquo;autres visions, positions et formes. Cette troisi\u00e8me voie trouble les r\u00e9cits qui la constituent, les place dans un \u00e9tat critique, permettant le passage entre la narration et l&rsquo;histoire.<\/p>\n<p style=\"text-align: left;\">Ce premier livre d&rsquo;artiste concerne principalement deux \u0153uvres majeures : Le Roman alg\u00e9rien et Stream of Stories.<\/p>\n<p style=\"text-align: left;\">Le Roman alg\u00e9rien est une vid\u00e9o qui propose une immersion dans l&rsquo;histoire alg\u00e9rienne \u00e0 travers une collection \u00e9clectique d&rsquo;images. Destin\u00e9e \u00e0 \u00eatre int\u00e9gr\u00e9e dans diff\u00e9rents formats (installation, projection ou, dans ce cas, publication), elle est une sorte d&rsquo;Atlas Mn\u00e9mosyne alg\u00e9rien, un point de rencontre pour explorer la m\u00e9moire, la construction de l&rsquo;histoire et la fabrication et la diffusion d&rsquo;images.<\/p>\n<p style=\"text-align: left;\">Avec Stream of Stories, l&rsquo;artiste explore les origines orientales des Fables de l&rsquo;\u00e9crivain fran\u00e7ais Jean de la Fontaine et le d\u00e9placement historique et g\u00e9ographique d&rsquo;un texte. \u00c0 travers un cycle d&rsquo;expositions, de performances et de vid\u00e9os qui s&rsquo;amplifient et se transforment progressivement, l&rsquo;artiste poursuit ses recherches sur les questions d&rsquo;intertextualit\u00e9, de traduction et de repr\u00e9sentation.<\/p>\n<p style=\"text-align: left;\">Ce sont pr\u00e9cis\u00e9ment ces croisements qui servent de base au travail et \u00e0 la r\u00e9flexion interdisciplinaire de Katia Kameli. L&rsquo;artiste se consid\u00e8re \u00e9galement comme une traductrice, non seulement dans le sens de l&rsquo;acte de transmission, avec le passage du sens d&rsquo;une culture \u00e0 l&rsquo;autre, mais aussi dans le sens de la r\u00e9\u00e9criture des histoires pour r\u00e9v\u00e9ler une histoire globale faite de fronti\u00e8res poreuses et d&rsquo;influences r\u00e9ciproques.<\/p>\n<p style=\"text-align: left;\"><b>Editeur:\u00a0<\/b>Manuella Editions<br \/>\n<b>Langue:<\/b> Anglais et fran\u00e7ais<br \/>\n<b>Mesures:<\/b> 24 x 16,5 cm<br \/>\n<b>Reliure:<\/b> Bodoniana, dos en tissu<br \/>\n<b>Conception graphique:<\/b> Yann Rondeau<\/p>\n","protected":false},"excerpt":{"rendered":"<p>Loin de concevoir le monde en termes d&rsquo;identit\u00e9s s\u00e9par\u00e9es, l&rsquo;\u0153uvre de Katia Kameli se nourrit de l&rsquo;exp\u00e9rience personnelle et de l&rsquo;identit\u00e9 plurielle de l&rsquo;artiste. Sous des formes multiples, il exprime l&rsquo;espace interm\u00e9diaire, l&rsquo;entre-deux, qui rejette la notion d&rsquo;appartenance au profit de la multiplicit\u00e9 et contrecarre le dualisme latent de la logique du \u00ab ou bien, [&hellip;]<\/p>\n","protected":false},"featured_media":12111,"comment_status":"closed","ping_status":"closed","template":"","meta":{"_acf_changed":false},"product_brand":[],"product_cat":[116],"class_list":{"0":"post-11886","1":"product","2":"type-product","3":"status-publish","4":"has-post-thumbnail","6":"product_cat-publicacions-fr","8":"first","9":"instock","10":"taxable","11":"shipping-taxable","12":"purchasable","13":"product-type-simple"},"acf":[],"_links":{"self":[{"href":"https:\/\/jiser.org\/fr\/wp-json\/wp\/v2\/product\/11886","targetHints":{"allow":["GET"]}}],"collection":[{"href":"https:\/\/jiser.org\/fr\/wp-json\/wp\/v2\/product"}],"about":[{"href":"https:\/\/jiser.org\/fr\/wp-json\/wp\/v2\/types\/product"}],"replies":[{"embeddable":true,"href":"https:\/\/jiser.org\/fr\/wp-json\/wp\/v2\/comments?post=11886"}],"wp:featuredmedia":[{"embeddable":true,"href":"https:\/\/jiser.org\/fr\/wp-json\/wp\/v2\/media\/12111"}],"wp:attachment":[{"href":"https:\/\/jiser.org\/fr\/wp-json\/wp\/v2\/media?parent=11886"}],"wp:term":[{"taxonomy":"product_brand","embeddable":true,"href":"https:\/\/jiser.org\/fr\/wp-json\/wp\/v2\/product_brand?post=11886"},{"taxonomy":"product_cat","embeddable":true,"href":"https:\/\/jiser.org\/fr\/wp-json\/wp\/v2\/product_cat?post=11886"}],"curies":[{"name":"wp","href":"https:\/\/api.w.org\/{rel}","templated":true}]}}