{"id":847,"date":"2018-04-16T08:07:08","date_gmt":"2018-04-16T06:07:08","guid":{"rendered":"https:\/\/jiser.org\/colaborar\/"},"modified":"2026-02-24T12:42:30","modified_gmt":"2026-02-24T10:42:30","slug":"collaboration","status":"publish","type":"page","link":"https:\/\/jiser.org\/fr\/collaboration\/","title":{"rendered":"Collaboration"},"content":{"rendered":"<h3>Jiser est une association qui maintient son programme annuel d&rsquo;activit\u00e9s gr\u00e2ce \u00e0 diverses sources de financement, telles que les cotisations des membres, les subventions des institutions publiques et les dons de m\u00e9c\u00e8nes priv\u00e9s.<\/h3>\n<p>Dans cette section, nous mettons en \u00e9vidence les institutions et les entit\u00e9s qui soutiennent notre programme d&rsquo;activit\u00e9s. En outre, nous vous offrons la possibilit\u00e9 de nous soutenir, \u00e0 travers quatre cat\u00e9gories (Th\u00e9 \u00e0 la menthe, Amie, Amie Protectrice et Amie Collaboratrice), de mani\u00e8re simple et rapide. Pour plus d&rsquo;informations, veuillez \u00e9crire \u00e0 info@jiser.org<\/p>\n","protected":false},"excerpt":{"rendered":"<p>Jiser est une association qui maintient son programme annuel d&rsquo;activit\u00e9s gr\u00e2ce \u00e0 diverses sources de financement, telles que les cotisations des membres, les subventions des institutions publiques et les dons de m\u00e9c\u00e8nes priv\u00e9s. Dans cette section, nous mettons en \u00e9vidence les institutions et les entit\u00e9s qui soutiennent notre programme d&rsquo;activit\u00e9s. En outre, nous vous offrons [&hellip;]<\/p>\n","protected":false},"author":1,"featured_media":0,"parent":0,"menu_order":4,"comment_status":"closed","ping_status":"closed","template":"template-support.php","meta":{"_acf_changed":false,"footnotes":""},"class_list":["post-847","page","type-page","status-publish","hentry"],"acf":[],"_links":{"self":[{"href":"https:\/\/jiser.org\/fr\/wp-json\/wp\/v2\/pages\/847","targetHints":{"allow":["GET"]}}],"collection":[{"href":"https:\/\/jiser.org\/fr\/wp-json\/wp\/v2\/pages"}],"about":[{"href":"https:\/\/jiser.org\/fr\/wp-json\/wp\/v2\/types\/page"}],"author":[{"embeddable":true,"href":"https:\/\/jiser.org\/fr\/wp-json\/wp\/v2\/users\/1"}],"replies":[{"embeddable":true,"href":"https:\/\/jiser.org\/fr\/wp-json\/wp\/v2\/comments?post=847"}],"version-history":[{"count":40,"href":"https:\/\/jiser.org\/fr\/wp-json\/wp\/v2\/pages\/847\/revisions"}],"predecessor-version":[{"id":12864,"href":"https:\/\/jiser.org\/fr\/wp-json\/wp\/v2\/pages\/847\/revisions\/12864"}],"wp:attachment":[{"href":"https:\/\/jiser.org\/fr\/wp-json\/wp\/v2\/media?parent=847"}],"curies":[{"name":"wp","href":"https:\/\/api.w.org\/{rel}","templated":true}]}}