{"id":838,"date":"2018-04-16T08:06:25","date_gmt":"2018-04-16T06:06:25","guid":{"rendered":"https:\/\/jiser.org\/qui-som\/"},"modified":"2026-02-13T18:21:20","modified_gmt":"2026-02-13T16:21:20","slug":"qui-sommes-nous","status":"publish","type":"page","link":"https:\/\/jiser.org\/fr\/qui-sommes-nous\/","title":{"rendered":"\u00c0 propos"},"content":{"rendered":"<h3><strong>Jiser<\/strong>, qui signifie \u201cpont\u201d en arabe, est une association\u00a0sans but lucratif bas\u00e9e \u00e0 Barcelone, dont l&rsquo;objectif est de promouvoir la cr\u00e9ation artistique et l&rsquo;utilisation de l&rsquo;art comme outil de transformation sociale dans l&rsquo;espace m\u00e9diterran\u00e9en, \u00e0 travers de la r\u00e9alisation d&rsquo;activit\u00e9s en commun\u00a0qui favorisent l&rsquo;\u00e9change et le rapprochement entre les diff\u00e9rentes r\u00e9alit\u00e9s artistiques et culturelles de la r\u00e9gion.<\/h3>\n<p>Nos objectifs<\/p>\n<p><span class=\"ILfuVd yZ8quc\">\u2014<\/span> G\u00e9n\u00e9rer des projets de cr\u00e9ation artistique \u00e0 travers des espaces de r\u00e9flexions conjoints entre les diff\u00e9rents\u00a0acteurs culturels et sociaux pour favoriser le dialogue interculturel au niveau local.<\/p>\n<p><span class=\"ILfuVd yZ8quc\">\u2014<\/span> D\u00e9velopper des initiatives qui stimulent et appuient la conception, la production, la visibilit\u00e9 et la diffusion des artistes et de leurs <span class=\"st\"><em>\u0153<\/em><\/span>uvres dans la r\u00e9gion.<\/p>\n<p><span class=\"ILfuVd yZ8quc\">\u2014<\/span> Accompagner les espaces culturels ind\u00e9pendants de la r\u00e9gion pour trouver des formules de\u00a0subsistances \u00e0 long terme en maximisant leurs \u00e9changes avec les r\u00e9seaux internationaux existants en les familiarisant \u00e0 la r\u00e9alit\u00e9 professionnelle.<\/p>\n","protected":false},"excerpt":{"rendered":"<p>Jiser, qui signifie \u201cpont\u201d en arabe, est une association\u00a0sans but lucratif bas\u00e9e \u00e0 Barcelone, dont l&rsquo;objectif est de promouvoir la cr\u00e9ation artistique et l&rsquo;utilisation de l&rsquo;art comme outil de transformation sociale dans l&rsquo;espace m\u00e9diterran\u00e9en, \u00e0 travers de la r\u00e9alisation d&rsquo;activit\u00e9s en commun\u00a0qui favorisent l&rsquo;\u00e9change et le rapprochement entre les diff\u00e9rentes r\u00e9alit\u00e9s artistiques et culturelles de [&hellip;]<\/p>\n","protected":false},"author":1,"featured_media":0,"parent":0,"menu_order":1,"comment_status":"closed","ping_status":"closed","template":"template-about.php","meta":{"_acf_changed":false,"footnotes":""},"class_list":["post-838","page","type-page","status-publish","hentry"],"acf":[],"_links":{"self":[{"href":"https:\/\/jiser.org\/fr\/wp-json\/wp\/v2\/pages\/838","targetHints":{"allow":["GET"]}}],"collection":[{"href":"https:\/\/jiser.org\/fr\/wp-json\/wp\/v2\/pages"}],"about":[{"href":"https:\/\/jiser.org\/fr\/wp-json\/wp\/v2\/types\/page"}],"author":[{"embeddable":true,"href":"https:\/\/jiser.org\/fr\/wp-json\/wp\/v2\/users\/1"}],"replies":[{"embeddable":true,"href":"https:\/\/jiser.org\/fr\/wp-json\/wp\/v2\/comments?post=838"}],"version-history":[{"count":43,"href":"https:\/\/jiser.org\/fr\/wp-json\/wp\/v2\/pages\/838\/revisions"}],"predecessor-version":[{"id":12836,"href":"https:\/\/jiser.org\/fr\/wp-json\/wp\/v2\/pages\/838\/revisions\/12836"}],"wp:attachment":[{"href":"https:\/\/jiser.org\/fr\/wp-json\/wp\/v2\/media?parent=838"}],"curies":[{"name":"wp","href":"https:\/\/api.w.org\/{rel}","templated":true}]}}