{"id":4039,"date":"2022-04-14T19:49:00","date_gmt":"2022-04-14T17:49:00","guid":{"rendered":"https:\/\/jiser.org\/?page_id=4039"},"modified":"2022-04-20T16:23:00","modified_gmt":"2022-04-20T14:23:00","slug":"resultats-appel-residences-jiser-2022-2023","status":"publish","type":"page","link":"https:\/\/jiser.org\/fr\/resultats-appel-residences-jiser-2022-2023\/","title":{"rendered":"R\u00e9sultats de l&rsquo;appel \u00e0 candidatures des R\u00e9sidences Jiser 2022-2023"},"content":{"rendered":"<h2>R\u00e9sultats de l&rsquo;appel \u00e0 candidatures des R\u00e9sidences Jiser 2022-2023<\/h2>\n<p>Nous sommes tr\u00e8s heureux d&rsquo;annoncer officiellement les r\u00e9sultats de l&rsquo;appel \u00e0 candidatures des R\u00e9sidences Jiser 2022-2023.<\/p>\n<p>Le jury de cet appel, form\u00e9 par les \u00e9quipes de la Galerie el Birou (Sousse, Tunisie), Box24 (Alger) et Jiser (Barcelone \/ Tunis), ainsi que Houari Bouchenak (commissaire de l&rsquo;\u00e9dition 2022-2023) et Annalisa Cannito (artiste et manager culturel), a s\u00e9lectionn\u00e9 les candidatures suivantes :<\/p>\n<p><b>Sousse<\/b> (mai &#8211; juin 2022)<br \/>\nSirine Touibi<br \/>\nKenza Daoud<br \/>\nMiguel Alejos<\/p>\n<p><b>Alger<\/b> (septembre &#8211; octobre 2022)<br \/>\nDorra Mahjoubi<br \/>\nMohamed-Issam Larkat<br \/>\nDani Pujalte<\/p>\n<p><b>Barcelone<\/b> (janvier &#8211; f\u00e9vrier 2023)<br \/>\nAmira Lamti<br \/>\nHakim Rezagui<br \/>\nJavier Arango<\/p>\n<p>Nous tenons \u00e9galement \u00e0 remercier tout particuli\u00e8rement les 99 artistes qui nous ont envoy\u00e9 leurs propositions pour cet appel. Le niveau a \u00e9t\u00e9 exceptionnel et ce fut une \u00e9norme responsabilit\u00e9 que de devoir s\u00e9lectionner les neuf projets qui seront d\u00e9velopp\u00e9s dans les villes de Sousse, Alger et Barcelone.<\/p>\n","protected":false},"excerpt":{"rendered":"<p>R\u00e9sultats de l&rsquo;appel \u00e0 candidatures des R\u00e9sidences Jiser 2022-2023 Nous sommes tr\u00e8s heureux d&rsquo;annoncer officiellement les r\u00e9sultats de l&rsquo;appel \u00e0 candidatures des R\u00e9sidences Jiser 2022-2023. Le jury de cet appel, form\u00e9 par les \u00e9quipes de la Galerie el Birou (Sousse, Tunisie), Box24 (Alger) et Jiser (Barcelone \/ Tunis), ainsi que Houari Bouchenak (commissaire de l&rsquo;\u00e9dition [&hellip;]<\/p>\n","protected":false},"author":4,"featured_media":4052,"parent":0,"menu_order":0,"comment_status":"closed","ping_status":"closed","template":"template-legal.php","meta":{"_acf_changed":false,"footnotes":""},"class_list":["post-4039","page","type-page","status-publish","has-post-thumbnail","hentry"],"acf":[],"_links":{"self":[{"href":"https:\/\/jiser.org\/fr\/wp-json\/wp\/v2\/pages\/4039","targetHints":{"allow":["GET"]}}],"collection":[{"href":"https:\/\/jiser.org\/fr\/wp-json\/wp\/v2\/pages"}],"about":[{"href":"https:\/\/jiser.org\/fr\/wp-json\/wp\/v2\/types\/page"}],"author":[{"embeddable":true,"href":"https:\/\/jiser.org\/fr\/wp-json\/wp\/v2\/users\/4"}],"replies":[{"embeddable":true,"href":"https:\/\/jiser.org\/fr\/wp-json\/wp\/v2\/comments?post=4039"}],"version-history":[{"count":3,"href":"https:\/\/jiser.org\/fr\/wp-json\/wp\/v2\/pages\/4039\/revisions"}],"predecessor-version":[{"id":4050,"href":"https:\/\/jiser.org\/fr\/wp-json\/wp\/v2\/pages\/4039\/revisions\/4050"}],"wp:featuredmedia":[{"embeddable":true,"href":"https:\/\/jiser.org\/fr\/wp-json\/wp\/v2\/media\/4052"}],"wp:attachment":[{"href":"https:\/\/jiser.org\/fr\/wp-json\/wp\/v2\/media?parent=4039"}],"curies":[{"name":"wp","href":"https:\/\/api.w.org\/{rel}","templated":true}]}}