{"id":2805,"date":"2020-09-17T19:19:30","date_gmt":"2020-09-17T17:19:30","guid":{"rendered":"https:\/\/jiser.org\/?page_id=2805"},"modified":"2023-02-02T23:30:30","modified_gmt":"2023-02-02T21:30:30","slug":"presse-2","status":"publish","type":"page","link":"https:\/\/jiser.org\/fr\/presse-2\/","title":{"rendered":"Presse"},"content":{"rendered":"<h4>Si vous voulez en savoir plus sur Jiser et les projets que nous d\u00e9veloppons depuis 2005, vous pouvez t\u00e9l\u00e9charger ici notre <a href=\"https:\/\/jiser.org\/wp-content\/uploads\/2018\/08\/NdP-General-cat.pdf\">dossier de presse<\/a>. Vous pouvez \u00e9galement t\u00e9l\u00e9charger notre s\u00e9lection rapide d&rsquo;<a href=\"https:\/\/jiser.org\/wp-content\/uploads\/2018\/08\/Imatges.zip\">images<\/a> \u2193<\/h4>\n","protected":false},"excerpt":{"rendered":"<p>Si vous voulez en savoir plus sur Jiser et les projets que nous d\u00e9veloppons depuis 2005, vous pouvez t\u00e9l\u00e9charger ici notre dossier de presse. Vous pouvez \u00e9galement t\u00e9l\u00e9charger notre s\u00e9lection rapide d&rsquo;images \u2193<\/p>\n","protected":false},"author":4,"featured_media":0,"parent":0,"menu_order":5,"comment_status":"closed","ping_status":"closed","template":"template-press.php","meta":{"_acf_changed":false,"footnotes":""},"class_list":["post-2805","page","type-page","status-publish","hentry"],"acf":[],"_links":{"self":[{"href":"https:\/\/jiser.org\/fr\/wp-json\/wp\/v2\/pages\/2805","targetHints":{"allow":["GET"]}}],"collection":[{"href":"https:\/\/jiser.org\/fr\/wp-json\/wp\/v2\/pages"}],"about":[{"href":"https:\/\/jiser.org\/fr\/wp-json\/wp\/v2\/types\/page"}],"author":[{"embeddable":true,"href":"https:\/\/jiser.org\/fr\/wp-json\/wp\/v2\/users\/4"}],"replies":[{"embeddable":true,"href":"https:\/\/jiser.org\/fr\/wp-json\/wp\/v2\/comments?post=2805"}],"version-history":[{"count":6,"href":"https:\/\/jiser.org\/fr\/wp-json\/wp\/v2\/pages\/2805\/revisions"}],"predecessor-version":[{"id":4580,"href":"https:\/\/jiser.org\/fr\/wp-json\/wp\/v2\/pages\/2805\/revisions\/4580"}],"wp:attachment":[{"href":"https:\/\/jiser.org\/fr\/wp-json\/wp\/v2\/media?parent=2805"}],"curies":[{"name":"wp","href":"https:\/\/api.w.org\/{rel}","templated":true}]}}