{"id":2704,"date":"2020-05-15T18:47:27","date_gmt":"2020-05-15T16:47:27","guid":{"rendered":"https:\/\/jiser.org\/?page_id=2704"},"modified":"2020-05-15T19:44:56","modified_gmt":"2020-05-15T17:44:56","slug":"resultat-appel-delta-2020","status":"publish","type":"page","link":"https:\/\/jiser.org\/fr\/resultat-appel-delta-2020\/","title":{"rendered":"R\u00e9sultat appel DELTA Art 2020"},"content":{"rendered":"<h2>R\u00e9sultats de l&rsquo;appel \u00e0 candidatures DELTA Art 2020<\/h2>\n<p>Nous sommes tr\u00e8s heureux de communiquer officiellement les r\u00e9sultats de l&rsquo;appel \u00e0 candidature pour la <strong>R<\/strong><b>\u00e9sidence DELTA Art<\/b>.<\/p>\n<p>Le jury de cet appel, compos\u00e9 d\u2019Antoine Marchand (Centre d\u2019art Le Lait, Albi), Carles Jim\u00e9nez (commissaire ind\u00e9pendant, Minorque) et Xavier de Luca (Jiser Reflexions Mediterr\u00e0nies), a s\u00e9lectionn\u00e9 les candidatures des artistes suivants :<\/p>\n<p><b>\u00celes Bal\u00e9ares<br \/>\n<\/b>Marta Grimalt<br \/>\nMarina Ribot Pallicer<\/p>\n<p><b>Occitanie<br \/>\n<\/b>C\u00e9lie Fali\u00e8res<br \/>\nDarla Murphy<\/p>\n<p><b>Catalogne<br \/>\n<\/b>Juan David Galindo<br \/>\nRoc Domingo<\/p>\n<p>Nous tenons \u00e9galement \u00e0 remercier sinc\u00e8rement les 72 artistes qui nous ont envoy\u00e9 leur candidature pour cet appel. Le niveau a \u00e9t\u00e9 exceptionnel et c&rsquo;\u00e9tait une \u00e9norme responsabilit\u00e9 pour nous de devoir s\u00e9lectionner les meilleurs projets \u00e0 d\u00e9velopper \u00e0 Minorque dans le cadre de la r\u00e9sidence DELTA Art les mois d\u2019ao\u00fbt et septembre 2020.<\/p>\n","protected":false},"excerpt":{"rendered":"<p>R\u00e9sultats de l&rsquo;appel \u00e0 candidatures DELTA Art 2020 Nous sommes tr\u00e8s heureux de communiquer officiellement les r\u00e9sultats de l&rsquo;appel \u00e0 candidature pour la R\u00e9sidence DELTA Art. Le jury de cet appel, compos\u00e9 d\u2019Antoine Marchand (Centre d\u2019art Le Lait, Albi), Carles Jim\u00e9nez (commissaire ind\u00e9pendant, Minorque) et Xavier de Luca (Jiser Reflexions Mediterr\u00e0nies), a s\u00e9lectionn\u00e9 les candidatures [&hellip;]<\/p>\n","protected":false},"author":4,"featured_media":2710,"parent":0,"menu_order":0,"comment_status":"closed","ping_status":"closed","template":"template-legal.php","meta":{"_acf_changed":false,"footnotes":""},"class_list":["post-2704","page","type-page","status-publish","has-post-thumbnail","hentry"],"acf":[],"_links":{"self":[{"href":"https:\/\/jiser.org\/fr\/wp-json\/wp\/v2\/pages\/2704","targetHints":{"allow":["GET"]}}],"collection":[{"href":"https:\/\/jiser.org\/fr\/wp-json\/wp\/v2\/pages"}],"about":[{"href":"https:\/\/jiser.org\/fr\/wp-json\/wp\/v2\/types\/page"}],"author":[{"embeddable":true,"href":"https:\/\/jiser.org\/fr\/wp-json\/wp\/v2\/users\/4"}],"replies":[{"embeddable":true,"href":"https:\/\/jiser.org\/fr\/wp-json\/wp\/v2\/comments?post=2704"}],"version-history":[{"count":1,"href":"https:\/\/jiser.org\/fr\/wp-json\/wp\/v2\/pages\/2704\/revisions"}],"predecessor-version":[{"id":2709,"href":"https:\/\/jiser.org\/fr\/wp-json\/wp\/v2\/pages\/2704\/revisions\/2709"}],"wp:featuredmedia":[{"embeddable":true,"href":"https:\/\/jiser.org\/fr\/wp-json\/wp\/v2\/media\/2710"}],"wp:attachment":[{"href":"https:\/\/jiser.org\/fr\/wp-json\/wp\/v2\/media?parent=2704"}],"curies":[{"name":"wp","href":"https:\/\/api.w.org\/{rel}","templated":true}]}}