{"id":1881,"date":"2018-10-29T12:24:14","date_gmt":"2018-10-29T10:24:14","guid":{"rendered":"https:\/\/jiser.org\/resolucio-convocatoria-bcntnsalg-2018-2019\/"},"modified":"2019-04-28T11:44:16","modified_gmt":"2019-04-28T09:44:16","slug":"resolution-appel-2018-2019","status":"publish","type":"page","link":"https:\/\/jiser.org\/fr\/resolution-appel-2018-2019\/","title":{"rendered":"R\u00e9solution appel BCN>TNS>ALG 2018-2019"},"content":{"rendered":"<h2>R\u00e9solution appel \u00e0 candidatures BCN&gt;TNS&gt;ALG 2018-2019<\/h2>\n<p>Nous sommes tr\u00e8s heureux d&rsquo;annoncer officiellement les r\u00e9sultats de l&rsquo;appel pour les R\u00e9sidences de Cr\u00e9ation BCN&gt;TNS&gt;ALG 2018-2019.<\/p>\n<p>Le jury de cet appel, form\u00e9 par Marzia Matarese (Hangar), Aicha Filali (Centre des Arts Vivants de Rad\u00e8s, Tunis), Walid Aidoud (Box24, Alger), Violeta Ospina (Artiste r\u00e9sidente 2016), Mohamed Ben Soltane et Xavier de Luca (Jiser), a s\u00e9lectionn\u00e9 les candidatures des artistes suivants:<\/p>\n<p><strong>Barcelone<\/strong> (d\u00e9cembre 2018 <span class=\"ILfuVd yZ8quc\">\u2014<\/span> janvier 2019)<br \/>\nAnna Irina Russell (BCN)<br \/>\nMeriam Ben Amor (TNS)<br \/>\nSofiane Zouggar (ALG)<\/p>\n<p><strong>Tunis<\/strong> (mai <span class=\"ILfuVd yZ8quc\">\u2014<\/span> juin 2019)<b><br \/>\n<\/b>Anna Ill (BCN)<br \/>\nSafa Attyaoui (TNS)<br \/>\nSouad Douibi (ALG)<\/p>\n<p><strong>Alger<\/strong> (septembre <span class=\"ILfuVd yZ8quc\">\u2014<\/span> octobre 2019)<br \/>\nJoan Pall\u00e9 (BCN)<br \/>\nF\u00e9rielle Doulain (TNS)<br \/>\nLouise Dib (ALG)<\/p>\n<p>Nous remercions \u00e9galement les 51 artistes qui nous ont envoy\u00e9 leur proposition pour cet appel. Le niveau a \u00e9t\u00e9 exceptionnel et le fait de s\u00e9lectionner les meilleurs projets \u00e0 d\u00e9velopper dans les villes de Barcelone, de Tunis et d\u2019Alger a \u00e9t\u00e9 une \u00e9norme responsabilit\u00e9 pour nous.<\/p>\n","protected":false},"excerpt":{"rendered":"<p>R\u00e9solution appel \u00e0 candidatures BCN&gt;TNS&gt;ALG 2018-2019 Nous sommes tr\u00e8s heureux d&rsquo;annoncer officiellement les r\u00e9sultats de l&rsquo;appel pour les R\u00e9sidences de Cr\u00e9ation BCN&gt;TNS&gt;ALG 2018-2019. Le jury de cet appel, form\u00e9 par Marzia Matarese (Hangar), Aicha Filali (Centre des Arts Vivants de Rad\u00e8s, Tunis), Walid Aidoud (Box24, Alger), Violeta Ospina (Artiste r\u00e9sidente 2016), Mohamed Ben Soltane et [&hellip;]<\/p>\n","protected":false},"author":4,"featured_media":464,"parent":0,"menu_order":0,"comment_status":"closed","ping_status":"closed","template":"template-legal.php","meta":{"_acf_changed":false,"footnotes":""},"class_list":["post-1881","page","type-page","status-publish","has-post-thumbnail","hentry"],"acf":[],"_links":{"self":[{"href":"https:\/\/jiser.org\/fr\/wp-json\/wp\/v2\/pages\/1881","targetHints":{"allow":["GET"]}}],"collection":[{"href":"https:\/\/jiser.org\/fr\/wp-json\/wp\/v2\/pages"}],"about":[{"href":"https:\/\/jiser.org\/fr\/wp-json\/wp\/v2\/types\/page"}],"author":[{"embeddable":true,"href":"https:\/\/jiser.org\/fr\/wp-json\/wp\/v2\/users\/4"}],"replies":[{"embeddable":true,"href":"https:\/\/jiser.org\/fr\/wp-json\/wp\/v2\/comments?post=1881"}],"version-history":[{"count":12,"href":"https:\/\/jiser.org\/fr\/wp-json\/wp\/v2\/pages\/1881\/revisions"}],"predecessor-version":[{"id":2178,"href":"https:\/\/jiser.org\/fr\/wp-json\/wp\/v2\/pages\/1881\/revisions\/2178"}],"wp:featuredmedia":[{"embeddable":true,"href":"https:\/\/jiser.org\/fr\/wp-json\/wp\/v2\/media\/464"}],"wp:attachment":[{"href":"https:\/\/jiser.org\/fr\/wp-json\/wp\/v2\/media?parent=1881"}],"curies":[{"name":"wp","href":"https:\/\/api.w.org\/{rel}","templated":true}]}}