{"id":5577,"date":"2024-11-27T18:09:57","date_gmt":"2024-11-27T16:22:08","guid":{"rendered":"https:\/\/jiser.org\/?post_type=product&#038;p=5577"},"modified":"2025-07-22T13:23:14","modified_gmt":"2025-07-22T11:23:14","slug":"zied-ben-romdhane-%c2%b7-west-of-life","status":"publish","type":"product","link":"https:\/\/jiser.org\/es\/producto\/zied-ben-romdhane-%c2%b7-west-of-life\/","title":{"rendered":"Zied Ben Romdhane \u00b7 West of life"},"content":{"rendered":"<p style=\"text-align: left;\">En Gafsa, regi\u00f3n minera de fosfato del suroeste de T\u00fanez, una empresa estatal llamada CPG extrae fosfato de las colinas. La miner\u00eda, un recurso econ\u00f3mico importante para la econom\u00eda tunecina, se practica desde la \u00e9poca romana. Los pueblos mineros locales de Redayef, Mettlaoui, Oumm Laarayes, son ricos en recursos pero marginados por el gobierno. Siguen siendo pobres y contaminados, un conducto para la riqueza. Mientras tanto, las ciudades costeras prosperan. Trabajadores atra\u00eddos de Libia, Marruecos, Argelia y los alrededores de T\u00fanez viven en esta tierra casi inhabitable. Las divisiones \u00e9tnicas, exacerbadas por la vida en un paisaje duro, han producido desarmon\u00eda entre el pueblo y la natura. Estas partes incompatibles permanecen en un estado de flujo y volatilidad constantes. Este es mi testimonio de la dureza del lugar, equilibrado espero por el humor de los habitantes y mi afecto por ellos.<\/p>\n<p style=\"text-align: left;\"><b>Editorial:<\/b> Red Hooks<br \/>\n<b>Idioma:<\/b> Ingl\u00e9s<br \/>\n<b>Tama\u00f1o:<\/b>\u00a029 x 22,5 cm<br \/>\n<b>Enquadernaci\u00f3n:<\/b> Tapa dura<br \/>\n<b>Dise\u00f1o gr\u00e1fico:<\/b>\u00a0Bonnie Briant Design<\/p>\n","protected":false},"excerpt":{"rendered":"<p>En Gafsa, regi\u00f3n minera de fosfato del suroeste de T\u00fanez, una empresa estatal llamada CPG extrae fosfato de las colinas. La miner\u00eda, un recurso econ\u00f3mico importante para la econom\u00eda tunecina, se practica desde la \u00e9poca romana. Los pueblos mineros locales de Redayef, Mettlaoui, Oumm Laarayes, son ricos en recursos pero marginados por el gobierno. Siguen [&hellip;]<\/p>\n","protected":false},"featured_media":11651,"comment_status":"closed","ping_status":"closed","template":"","meta":{"_acf_changed":false},"product_brand":[],"product_cat":[117],"class_list":{"0":"post-5577","1":"product","2":"type-product","3":"status-publish","4":"has-post-thumbnail","6":"product_cat-publicaciones","8":"first","9":"instock","10":"taxable","11":"shipping-taxable","12":"purchasable","13":"product-type-simple"},"acf":[],"_links":{"self":[{"href":"https:\/\/jiser.org\/es\/wp-json\/wp\/v2\/product\/5577","targetHints":{"allow":["GET"]}}],"collection":[{"href":"https:\/\/jiser.org\/es\/wp-json\/wp\/v2\/product"}],"about":[{"href":"https:\/\/jiser.org\/es\/wp-json\/wp\/v2\/types\/product"}],"replies":[{"embeddable":true,"href":"https:\/\/jiser.org\/es\/wp-json\/wp\/v2\/comments?post=5577"}],"wp:featuredmedia":[{"embeddable":true,"href":"https:\/\/jiser.org\/es\/wp-json\/wp\/v2\/media\/11651"}],"wp:attachment":[{"href":"https:\/\/jiser.org\/es\/wp-json\/wp\/v2\/media?parent=5577"}],"wp:term":[{"taxonomy":"product_brand","embeddable":true,"href":"https:\/\/jiser.org\/es\/wp-json\/wp\/v2\/product_brand?post=5577"},{"taxonomy":"product_cat","embeddable":true,"href":"https:\/\/jiser.org\/es\/wp-json\/wp\/v2\/product_cat?post=5577"}],"curies":[{"name":"wp","href":"https:\/\/api.w.org\/{rel}","templated":true}]}}