{"id":5367,"date":"2024-06-28T12:30:06","date_gmt":"2024-06-28T10:34:10","guid":{"rendered":"https:\/\/jiser.org\/?post_type=product&#038;p=5367"},"modified":"2025-07-22T13:24:32","modified_gmt":"2025-07-22T11:24:32","slug":"myriam-boulos-%c2%b7-whats-ours","status":"publish","type":"product","link":"https:\/\/jiser.org\/es\/producto\/myriam-boulos-%c2%b7-whats-ours\/","title":{"rendered":"Myriam Boulos \u00b7 What&#8217;s Ours"},"content":{"rendered":"<p style=\"text-align: left;\">Un retrato mordaz y diar\u00edstico de una ciudad y una sociedad en revoluci\u00f3n por la nominada a los premios Magnum Myriam Boulos. En su monograf\u00eda de debut, Myriam Boulos arroja una mirada inquebrantable sobre la revoluci\u00f3n que comenz\u00f3 en el L\u00edbano en 2019 con protestas contra la corrupci\u00f3n y la austeridad del gobierno, y que culmin\u00f3 con las secuelas de la devastadora explosi\u00f3n del puerto de Beirut en agosto de 2020. Retrata a sus amigos y familiares con sorprendente energ\u00eda e intimidad, en estados de placer y protesta. Boulos representa el cuerpo en el espacio p\u00fablico como un poderoso motivo, visceral y vulnerable a la vez, frente a la negligencia y la violencia del Estado. Sobre su enfoque de la fotograf\u00eda, Boulos afirma: \u00abEs m\u00e1s una necesidad que una elecci\u00f3n. Me obsesionan las cosas y no s\u00e9 c\u00f3mo tratar estas obsesiones de otra forma que no sea la fotograf\u00eda\u00bb. Con un ensayo contextual de la c\u00e9lebre escritora Mona Eltahawy, What&#8217;s Ours muestra la visi\u00f3n estridente y urgente de Boulos.<\/p>\n<p style=\"text-align: left;\"><b>Editorial:<\/b> Aperture<br \/>\n<b>Idioma:<\/b> Ingl\u00e9s\/\u00e1rabe<br \/>\n<b>Tama\u00f1o:<\/b> 21,8 x 18 cm<br \/>\n<b>Enquadernaci\u00f3n:<\/b> Tapa dura<br \/>\n<b>Dise\u00f1o gr\u00e1fico:<\/b> Maya Moumne<\/p>\n","protected":false},"excerpt":{"rendered":"<p>Un retrato mordaz y diar\u00edstico de una ciudad y una sociedad en revoluci\u00f3n por la nominada a los premios Magnum Myriam Boulos. En su monograf\u00eda de debut, Myriam Boulos arroja una mirada inquebrantable sobre la revoluci\u00f3n que comenz\u00f3 en el L\u00edbano en 2019 con protestas contra la corrupci\u00f3n y la austeridad del gobierno, y que [&hellip;]<\/p>\n","protected":false},"featured_media":11369,"comment_status":"closed","ping_status":"closed","template":"","meta":{"_acf_changed":false},"product_brand":[],"product_cat":[117],"class_list":{"0":"post-5367","1":"product","2":"type-product","3":"status-publish","4":"has-post-thumbnail","6":"product_cat-publicaciones","8":"first","9":"outofstock","10":"taxable","11":"shipping-taxable","12":"purchasable","13":"product-type-simple"},"acf":[],"_links":{"self":[{"href":"https:\/\/jiser.org\/es\/wp-json\/wp\/v2\/product\/5367","targetHints":{"allow":["GET"]}}],"collection":[{"href":"https:\/\/jiser.org\/es\/wp-json\/wp\/v2\/product"}],"about":[{"href":"https:\/\/jiser.org\/es\/wp-json\/wp\/v2\/types\/product"}],"replies":[{"embeddable":true,"href":"https:\/\/jiser.org\/es\/wp-json\/wp\/v2\/comments?post=5367"}],"wp:featuredmedia":[{"embeddable":true,"href":"https:\/\/jiser.org\/es\/wp-json\/wp\/v2\/media\/11369"}],"wp:attachment":[{"href":"https:\/\/jiser.org\/es\/wp-json\/wp\/v2\/media?parent=5367"}],"wp:term":[{"taxonomy":"product_brand","embeddable":true,"href":"https:\/\/jiser.org\/es\/wp-json\/wp\/v2\/product_brand?post=5367"},{"taxonomy":"product_cat","embeddable":true,"href":"https:\/\/jiser.org\/es\/wp-json\/wp\/v2\/product_cat?post=5367"}],"curies":[{"name":"wp","href":"https:\/\/api.w.org\/{rel}","templated":true}]}}