{"id":5238,"date":"2024-04-10T19:43:07","date_gmt":"2024-04-12T16:25:32","guid":{"rendered":"https:\/\/jiser.org\/?post_type=product&#038;p=5238"},"modified":"2025-07-22T13:27:32","modified_gmt":"2025-07-22T11:27:32","slug":"anna-lopez-luna-y-mounir-gouri-%c2%b7-deseos-sin-visa","status":"publish","type":"product","link":"https:\/\/jiser.org\/es\/producto\/anna-lopez-luna-y-mounir-gouri-%c2%b7-deseos-sin-visa\/","title":{"rendered":"Anna L\u00f3pez Luna y Mounir Gouri \u00b7 Deseos sin visa"},"content":{"rendered":"<p style=\"text-align: left;\">Anna L\u00f3pez Luna y Mounir Gouri se conocieron en 2017 durante una residencia art\u00edstica en Argel. La qu\u00edmica es directa y evidente ya que el arte de ambos est\u00e1 habitado por fluidos y criaturas resistentes, componentes humanos y carnales llevados por una mirada penetrante sobre el mundo mezclada con el miedo hacia sus evoluciones. Deseos sin visa re\u00fane sus obras, muy complementarias, sobre un tema tan querido para cada artista como el desarraigo y la justicia ante todo. De la acuarela al carboncillo, pasando por la foto y el v\u00eddeo, y del color al negro, las p\u00e1ginas de este libro cuentan una historia de humanidades que se parece mucho a la de uno de ellos.<\/p>\n<p style=\"text-align: left;\"><b>Editorial:<\/b> Eyd, 2023<br \/>\n<b>Idiomas:<\/b> Castellano, franc\u00e9s, ingl\u00e9s, \u00e1rabe<br \/>\n<b>Medidas:<\/b> 24 x 17 cm<br \/>\n<b>Encuadernaci\u00f3n:<\/b> Hilo visto<br \/>\n<b>Dise\u00f1o gr\u00e1fico:<\/b> Eyd Studio<br \/>\n<b>Impresi\u00f3n:<\/b> M\u00e9diagraphic<\/p>\n","protected":false},"excerpt":{"rendered":"<p>Anna L\u00f3pez Luna y Mounir Gouri se conocieron en 2017 durante una residencia art\u00edstica en Argel. La qu\u00edmica es directa y evidente ya que el arte de ambos est\u00e1 habitado por fluidos y criaturas resistentes, componentes humanos y carnales llevados por una mirada penetrante sobre el mundo mezclada con el miedo hacia sus evoluciones. Deseos [&hellip;]<\/p>\n","protected":false},"featured_media":11171,"comment_status":"closed","ping_status":"closed","template":"","meta":{"_acf_changed":false},"product_brand":[],"product_cat":[117],"class_list":{"0":"post-5238","1":"product","2":"type-product","3":"status-publish","4":"has-post-thumbnail","6":"product_cat-publicaciones","8":"first","9":"instock","10":"taxable","11":"shipping-taxable","12":"purchasable","13":"product-type-simple"},"acf":[],"_links":{"self":[{"href":"https:\/\/jiser.org\/es\/wp-json\/wp\/v2\/product\/5238","targetHints":{"allow":["GET"]}}],"collection":[{"href":"https:\/\/jiser.org\/es\/wp-json\/wp\/v2\/product"}],"about":[{"href":"https:\/\/jiser.org\/es\/wp-json\/wp\/v2\/types\/product"}],"replies":[{"embeddable":true,"href":"https:\/\/jiser.org\/es\/wp-json\/wp\/v2\/comments?post=5238"}],"wp:featuredmedia":[{"embeddable":true,"href":"https:\/\/jiser.org\/es\/wp-json\/wp\/v2\/media\/11171"}],"wp:attachment":[{"href":"https:\/\/jiser.org\/es\/wp-json\/wp\/v2\/media?parent=5238"}],"wp:term":[{"taxonomy":"product_brand","embeddable":true,"href":"https:\/\/jiser.org\/es\/wp-json\/wp\/v2\/product_brand?post=5238"},{"taxonomy":"product_cat","embeddable":true,"href":"https:\/\/jiser.org\/es\/wp-json\/wp\/v2\/product_cat?post=5238"}],"curies":[{"name":"wp","href":"https:\/\/api.w.org\/{rel}","templated":true}]}}