{"id":5236,"date":"2024-04-12T18:17:52","date_gmt":"2024-04-12T16:20:08","guid":{"rendered":"https:\/\/jiser.org\/?post_type=product&#038;p=5236"},"modified":"2025-07-22T13:26:44","modified_gmt":"2025-07-22T11:26:44","slug":"farah-khelil-%c2%b7-effet-de-serre","status":"publish","type":"product","link":"https:\/\/jiser.org\/es\/producto\/farah-khelil-%c2%b7-effet-de-serre\/","title":{"rendered":"Farah Khelil \u00b7 Effet de Serre"},"content":{"rendered":"<p style=\"text-align: left;\">Effet de serre es un proyecto de investigaci\u00f3n (2012), exposici\u00f3n (2021) y publicaci\u00f3n (2022), en el que la artista Farah Khelil se compromete a renovar el invernadero municipal de la ciudad de T\u00fanez en el Parc du Belvedere con una beca de producci\u00f3n art\u00edstica. Su planteamiento cuestiona la definici\u00f3n del objeto art\u00edstico y de la exposici\u00f3n, as\u00ed como el lugar del artista en las instituciones culturales. As\u00ed, el artista se emancipa de las exigencias del mercado orientando una beca de apoyo a la producci\u00f3n art\u00edstica hacia acciones de inter\u00e9s general y bien com\u00fan. A continuaci\u00f3n, el invernadero acoge una exposici\u00f3n inmersiva compuesta por elementos polim\u00f3rficos y heterog\u00e9neos que recorren la historia arquitect\u00f3nica del Palmarium de T\u00fanez en una dial\u00e9ctica entre eucalipto y palmera, tradici\u00f3n y modernidad poscolonial.<\/p>\n<p style=\"text-align: left;\"><b>Editorial:<\/b> Bao Books, 2022<br \/>\n<b>Idiomas:<\/b> Franc\u00e9s e ingl\u00e9s<br \/>\n<b>Medidas:<\/b> 24 x 17 cm<br \/>\n<b>Encuadernaci\u00f3n:<\/b> Hilo visto<br \/>\n<b>Dise\u00f1o gr\u00e1fico:<\/b> Moez Akkari<br \/>\n<b>Impresi\u00f3n:<\/b> Graphius, Gand<\/p>\n","protected":false},"excerpt":{"rendered":"<p>Effet de serre es un proyecto de investigaci\u00f3n (2012), exposici\u00f3n (2021) y publicaci\u00f3n (2022), en el que la artista Farah Khelil se compromete a renovar el invernadero municipal de la ciudad de T\u00fanez en el Parc du Belvedere con una beca de producci\u00f3n art\u00edstica. Su planteamiento cuestiona la definici\u00f3n del objeto art\u00edstico y de la [&hellip;]<\/p>\n","protected":false},"featured_media":11156,"comment_status":"closed","ping_status":"closed","template":"","meta":{"_acf_changed":false},"product_brand":[],"product_cat":[117],"class_list":{"0":"post-5236","1":"product","2":"type-product","3":"status-publish","4":"has-post-thumbnail","6":"product_cat-publicaciones","8":"first","9":"instock","10":"taxable","11":"shipping-taxable","12":"purchasable","13":"product-type-simple"},"acf":[],"_links":{"self":[{"href":"https:\/\/jiser.org\/es\/wp-json\/wp\/v2\/product\/5236","targetHints":{"allow":["GET"]}}],"collection":[{"href":"https:\/\/jiser.org\/es\/wp-json\/wp\/v2\/product"}],"about":[{"href":"https:\/\/jiser.org\/es\/wp-json\/wp\/v2\/types\/product"}],"replies":[{"embeddable":true,"href":"https:\/\/jiser.org\/es\/wp-json\/wp\/v2\/comments?post=5236"}],"wp:featuredmedia":[{"embeddable":true,"href":"https:\/\/jiser.org\/es\/wp-json\/wp\/v2\/media\/11156"}],"wp:attachment":[{"href":"https:\/\/jiser.org\/es\/wp-json\/wp\/v2\/media?parent=5236"}],"wp:term":[{"taxonomy":"product_brand","embeddable":true,"href":"https:\/\/jiser.org\/es\/wp-json\/wp\/v2\/product_brand?post=5236"},{"taxonomy":"product_cat","embeddable":true,"href":"https:\/\/jiser.org\/es\/wp-json\/wp\/v2\/product_cat?post=5236"}],"curies":[{"name":"wp","href":"https:\/\/api.w.org\/{rel}","templated":true}]}}