{"id":5233,"date":"2024-04-10T18:44:45","date_gmt":"2024-04-12T16:14:04","guid":{"rendered":"https:\/\/jiser.org\/?post_type=product&#038;p=5233"},"modified":"2025-07-22T13:28:27","modified_gmt":"2025-07-22T11:28:27","slug":"rehab-eldalil-%c2%b7-the-longing-of-the-stranger-whose-path-has-been-broken","status":"publish","type":"product","link":"https:\/\/jiser.org\/es\/producto\/rehab-eldalil-%c2%b7-the-longing-of-the-stranger-whose-path-has-been-broken\/","title":{"rendered":"Rehab Eldalil \u00b7 The longing of the stranger whose path has been broken"},"content":{"rendered":"<p style=\"text-align: left;\"><i>The Longing of The Stranger Whose Path Has Been Broken<\/i>\u00a0es fruto del II Premi Mediterrani Albert Camus\u00a0<i>Incipiens<\/i>, organizado por las Trobades &amp; Premis Mediterranis Albert Camus de Menorca.<\/p>\n<p style=\"text-align: left;\">Este libro lleva casi 10 a\u00f1os gest\u00e1ndose. El proyecto comenz\u00f3 como un proceso para reconectar con sus antepasados beduinos y luego se convirti\u00f3 en una oportunidad para conectar, aprender y trabajar con la comunidad. A lo largo del proceso la autora ha ido descubriendo su voz visual.\u00a0<i>The Longing Of The Stranger Whose Path Has Been Broken<\/i>\u00a0es una conversaci\u00f3n con la comunidad beduina del Sina\u00ed en la que se explora qu\u00e9 significa pertenecer, cu\u00e1l es esa conexi\u00f3n indescriptible con la tierra que todos anhelamos y cu\u00e1l es la experiencia ind\u00edgena que nos llena. Este libro es un archivo beduino alternativo tejido por la propia comunidad, es una experiencia que invita a los lectores a mirar tanto hacia dentro como hacia fuera para cuestionar la noci\u00f3n de pertenencia.<\/p>\n<p style=\"text-align: left;\"><b>Editorial:\u00a0<\/b>Fotoevidence<br \/>\n<b>Idiomas:<\/b> Ingl\u00e9s y \u00e1rabe<br \/>\n<b>Medidas:<\/b> 21,5 x 15,5 cm<br \/>\n<b>Enquadernaci\u00f3n:<\/b> Hilo visto con tapa dura<br \/>\n<b>Dise\u00f1o gr\u00e1fico:<\/b> Bayan Dahdah<br \/>\n<b>Impresi\u00f3n:<\/b> MAS Matbaa, Istanbul<\/p>\n","protected":false},"excerpt":{"rendered":"<p>The Longing of The Stranger Whose Path Has Been Broken\u00a0es fruto del II Premi Mediterrani Albert Camus\u00a0Incipiens, organizado por las Trobades &amp; Premis Mediterranis Albert Camus de Menorca. Este libro lleva casi 10 a\u00f1os gest\u00e1ndose. El proyecto comenz\u00f3 como un proceso para reconectar con sus antepasados beduinos y luego se convirti\u00f3 en una oportunidad para [&hellip;]<\/p>\n","protected":false},"featured_media":11126,"comment_status":"closed","ping_status":"closed","template":"","meta":{"_acf_changed":false},"product_brand":[],"product_cat":[117],"class_list":{"0":"post-5233","1":"product","2":"type-product","3":"status-publish","4":"has-post-thumbnail","6":"product_cat-publicaciones","8":"first","9":"instock","10":"taxable","11":"shipping-taxable","12":"purchasable","13":"product-type-simple"},"acf":[],"_links":{"self":[{"href":"https:\/\/jiser.org\/es\/wp-json\/wp\/v2\/product\/5233","targetHints":{"allow":["GET"]}}],"collection":[{"href":"https:\/\/jiser.org\/es\/wp-json\/wp\/v2\/product"}],"about":[{"href":"https:\/\/jiser.org\/es\/wp-json\/wp\/v2\/types\/product"}],"replies":[{"embeddable":true,"href":"https:\/\/jiser.org\/es\/wp-json\/wp\/v2\/comments?post=5233"}],"wp:featuredmedia":[{"embeddable":true,"href":"https:\/\/jiser.org\/es\/wp-json\/wp\/v2\/media\/11126"}],"wp:attachment":[{"href":"https:\/\/jiser.org\/es\/wp-json\/wp\/v2\/media?parent=5233"}],"wp:term":[{"taxonomy":"product_brand","embeddable":true,"href":"https:\/\/jiser.org\/es\/wp-json\/wp\/v2\/product_brand?post=5233"},{"taxonomy":"product_cat","embeddable":true,"href":"https:\/\/jiser.org\/es\/wp-json\/wp\/v2\/product_cat?post=5233"}],"curies":[{"name":"wp","href":"https:\/\/api.w.org\/{rel}","templated":true}]}}