{"id":5229,"date":"2024-04-10T18:03:02","date_gmt":"2024-04-12T15:49:57","guid":{"rendered":"https:\/\/jiser.org\/?post_type=product&#038;p=5229"},"modified":"2025-07-22T13:32:58","modified_gmt":"2025-07-22T11:32:58","slug":"fethi-sahraoui-%c2%b7-triangles-of-views","status":"publish","type":"product","link":"https:\/\/jiser.org\/es\/producto\/fethi-sahraoui-%c2%b7-triangles-of-views\/","title":{"rendered":"Fethi Sahraoui \u00b7 Triangles of Views"},"content":{"rendered":"<p style=\"text-align: left;\">Triangle of Views, publicado por La Chambre Claire, re\u00fane dos proyectos fotogr\u00e1ficos documentales de larga duraci\u00f3n de Fethi Sahraoui: Stadiumphilia y Escaping the Heatwave. Estos proyectos, iniciados en 2015 y 2016, exploran aspectos distintos pero conectados de la vida argelina.<\/p>\n<p style=\"text-align: left;\">Stadiumphilia captura la experiencia colectiva masculina en los estadios de f\u00fatbol argelinos, mientras que Escaping the Heatwave sigue al mismo grupo durante los meses m\u00e1s calurosos en las ciudades del oeste de Argelia, Mascara y Relizane, mientras se dirigen a las playas cercanas de Or\u00e1n. En conjunto, estas obras ofrecen una visi\u00f3n estratificada de la vida social y cultural argelina, m\u00e1s all\u00e1 de los t\u00f3picos.<\/p>\n<p style=\"text-align: left;\"><b>Editorial:\u00a0<\/b>La Chambre Claire, 2022<br \/>\n<b>Idioma:<\/b> Ingl\u00e9s<br \/>\n<b>Medidas:<\/b> 18 x 18 cm<br \/>\n<b>Encuadernaci\u00f3n:<\/b> Encolado<br \/>\n<b>Dise\u00f1o gr\u00e1fico:<\/b> Abdelghani Hidouche<br \/>\n<b>Impresi\u00f3n:<\/b> MAS Matbaa, Istanbul<\/p>\n","protected":false},"excerpt":{"rendered":"<p>Triangle of Views, publicado por La Chambre Claire, re\u00fane dos proyectos fotogr\u00e1ficos documentales de larga duraci\u00f3n de Fethi Sahraoui: Stadiumphilia y Escaping the Heatwave. Estos proyectos, iniciados en 2015 y 2016, exploran aspectos distintos pero conectados de la vida argelina. Stadiumphilia captura la experiencia colectiva masculina en los estadios de f\u00fatbol argelinos, mientras que Escaping [&hellip;]<\/p>\n","protected":false},"featured_media":11123,"comment_status":"closed","ping_status":"closed","template":"","meta":{"_acf_changed":false},"product_brand":[],"product_cat":[117],"class_list":{"0":"post-5229","1":"product","2":"type-product","3":"status-publish","4":"has-post-thumbnail","6":"product_cat-publicaciones","8":"first","9":"outofstock","10":"taxable","11":"shipping-taxable","12":"purchasable","13":"product-type-simple"},"acf":[],"_links":{"self":[{"href":"https:\/\/jiser.org\/es\/wp-json\/wp\/v2\/product\/5229","targetHints":{"allow":["GET"]}}],"collection":[{"href":"https:\/\/jiser.org\/es\/wp-json\/wp\/v2\/product"}],"about":[{"href":"https:\/\/jiser.org\/es\/wp-json\/wp\/v2\/types\/product"}],"replies":[{"embeddable":true,"href":"https:\/\/jiser.org\/es\/wp-json\/wp\/v2\/comments?post=5229"}],"wp:featuredmedia":[{"embeddable":true,"href":"https:\/\/jiser.org\/es\/wp-json\/wp\/v2\/media\/11123"}],"wp:attachment":[{"href":"https:\/\/jiser.org\/es\/wp-json\/wp\/v2\/media?parent=5229"}],"wp:term":[{"taxonomy":"product_brand","embeddable":true,"href":"https:\/\/jiser.org\/es\/wp-json\/wp\/v2\/product_brand?post=5229"},{"taxonomy":"product_cat","embeddable":true,"href":"https:\/\/jiser.org\/es\/wp-json\/wp\/v2\/product_cat?post=5229"}],"curies":[{"name":"wp","href":"https:\/\/api.w.org\/{rel}","templated":true}]}}