{"id":5205,"date":"2024-04-10T17:05:55","date_gmt":"2024-04-12T15:34:41","guid":{"rendered":"https:\/\/jiser.org\/?post_type=product&#038;p=5205"},"modified":"2025-09-29T12:49:36","modified_gmt":"2025-09-29T10:49:36","slug":"dani-pujalte-%c2%b7-praie-the-lord","status":"publish","type":"product","link":"https:\/\/jiser.org\/es\/producto\/dani-pujalte-%c2%b7-praie-the-lord\/","title":{"rendered":"Dani Pujalte \u00b7 Prai$e the Lord"},"content":{"rendered":"<p style=\"text-align: left;\">S\u00f3lo existe una fotograf\u00eda del jeque Amadou Bamba, fundador de la cofrad\u00eda muridi del Islam. Est\u00e1 de pie junto a una pared de madera, vestido con un caft\u00e1n blanco. Hace sol: entrecierra los ojos a la luz. Y aunque su rostro est\u00e1 parcialmente oculto, sus ojos son visibles. Este retrato es probablemente la imagen m\u00e1s reproducida en Senegal. Tomada originalmente en 1917, se reproduce en todas las superficies imaginables del pa\u00eds.<\/p>\n<p style=\"text-align: left;\">Este proceso de reproducci\u00f3n continua ha hecho que el retrato de Amadou Bamba pase de ser una representaci\u00f3n a convertirse en un icono; de lo prosaico a lo sublime es el tema central del proyecto de Dani Pujalte. Su investigaci\u00f3n fotogr\u00e1fica, que en un principio se centraba en el paso de la imagen de Bamba por las superficies cotidianas de Senegal, se ampl\u00eda para documentar un tema m\u00e1s amplio: el di\u00e1logo permanente entre el comercio y la fe, la cultura material y el misticismo suf\u00ed.<\/p>\n<p style=\"text-align: left;\"><b>Editorial:\u00a0<\/b>Witty Books, 2022<br \/>\n<b>Idioma:<\/b>\u00a0Ingl\u00e9s y Wolof<br \/>\n<b>Medidas:<\/b> 29 x 23,5 cm<br \/>\n<b>Encuadernaci\u00f3n:<\/b> Tapa dura<br \/>\n<b>Dise\u00f1o gr\u00e1fico:<\/b> Giulia Boccarossa<br \/>\n<b>Impresi\u00f3n:<\/b> Grafiche Veneziane Societ\u00e0 Cooperativa S.r.l<\/p>\n","protected":false},"excerpt":{"rendered":"<p>S\u00f3lo existe una fotograf\u00eda del jeque Amadou Bamba, fundador de la cofrad\u00eda muridi del Islam. Est\u00e1 de pie junto a una pared de madera, vestido con un caft\u00e1n blanco. Hace sol: entrecierra los ojos a la luz. Y aunque su rostro est\u00e1 parcialmente oculto, sus ojos son visibles. Este retrato es probablemente la imagen m\u00e1s [&hellip;]<\/p>\n","protected":false},"featured_media":11102,"comment_status":"closed","ping_status":"closed","template":"","meta":{"_acf_changed":false},"product_brand":[],"product_cat":[117],"class_list":{"0":"post-5205","1":"product","2":"type-product","3":"status-publish","4":"has-post-thumbnail","6":"product_cat-publicaciones","8":"first","9":"instock","10":"taxable","11":"shipping-taxable","12":"purchasable","13":"product-type-simple"},"acf":[],"_links":{"self":[{"href":"https:\/\/jiser.org\/es\/wp-json\/wp\/v2\/product\/5205","targetHints":{"allow":["GET"]}}],"collection":[{"href":"https:\/\/jiser.org\/es\/wp-json\/wp\/v2\/product"}],"about":[{"href":"https:\/\/jiser.org\/es\/wp-json\/wp\/v2\/types\/product"}],"replies":[{"embeddable":true,"href":"https:\/\/jiser.org\/es\/wp-json\/wp\/v2\/comments?post=5205"}],"wp:featuredmedia":[{"embeddable":true,"href":"https:\/\/jiser.org\/es\/wp-json\/wp\/v2\/media\/11102"}],"wp:attachment":[{"href":"https:\/\/jiser.org\/es\/wp-json\/wp\/v2\/media?parent=5205"}],"wp:term":[{"taxonomy":"product_brand","embeddable":true,"href":"https:\/\/jiser.org\/es\/wp-json\/wp\/v2\/product_brand?post=5205"},{"taxonomy":"product_cat","embeddable":true,"href":"https:\/\/jiser.org\/es\/wp-json\/wp\/v2\/product_cat?post=5205"}],"curies":[{"name":"wp","href":"https:\/\/api.w.org\/{rel}","templated":true}]}}