{"id":5166,"date":"2023-11-18T19:37:09","date_gmt":"2024-03-18T17:55:59","guid":{"rendered":"https:\/\/jiser.org\/?post_type=product&#038;p=5166"},"modified":"2025-07-22T13:36:50","modified_gmt":"2025-07-22T11:36:50","slug":"simon-chang-%c2%b7-shepherds-and-the-slaughterhouse","status":"publish","type":"product","link":"https:\/\/jiser.org\/es\/producto\/simon-chang-%c2%b7-shepherds-and-the-slaughterhouse\/","title":{"rendered":"Simon Chang \u00b7 Shepherds and the Slaughterhouse"},"content":{"rendered":"<p style=\"text-align: left;\">En los \u00faltimos a\u00f1os, el Kurdist\u00e1n ha sido a menudo el centro de los reportajes fotoperiod\u00edsticos. Se trata de una regi\u00f3n aut\u00f3noma que se extiende por el norte de Irak, Siria, Turqu\u00eda e Ir\u00e1n, y que ha sido objeto de violencia por parte de grupos radicales isl\u00e1micos (m\u00e1s recientemente) desde 2014. Pero donde muchos fot\u00f3grafos dirigieron su objetivo hacia el conflicto en s\u00ed, Simon Chang parec\u00eda m\u00e1s interesado en las heridas menos evidentes de la naci\u00f3n, unas ocultas incluso dentro de ella. Entre dos visitas al norte de Irak -una en 2018 y otra en 2019-, se interes\u00f3 por dos lugares que exist\u00edan como parte de la vida cotidiana pero que estaban apartados o eran rechazados de la mirada del p\u00fablico. El primero fue Hawler, un hospital psiqui\u00e1trico de Erbil, y el segundo el matadero municipal de Duhok, en las monta\u00f1as de Simele. El fot\u00f3grafo document\u00f3 sus encuentros tanto con fotograf\u00edas como por escrito, lo que permite al lector sumergirse en las historias del pueblo kurdo y vislumbrar sus extravagantes vidas.<\/p>\n<p style=\"text-align: left;\"><b>Editorial:<\/b>Galerija Fotografija (Eslov\u00e8nia, 2023)<br \/>\n<b>Idiomas:<\/b> Eslov\u00e8, angl\u00e8s i xin\u00e8s mandar\u00ed<br \/>\n<b>Tama\u00f1o:<\/b> 23 x 15 cm<br \/>\n<b>Enquadernaci\u00f3n:<\/b> Tapa dura<br \/>\n<b>Dise\u00f1o gr\u00e1fico:<\/b> Alja\u017e Vesel i Anja\u00a0Delbello \/AA<\/p>\n","protected":false},"excerpt":{"rendered":"<p>En los \u00faltimos a\u00f1os, el Kurdist\u00e1n ha sido a menudo el centro de los reportajes fotoperiod\u00edsticos. Se trata de una regi\u00f3n aut\u00f3noma que se extiende por el norte de Irak, Siria, Turqu\u00eda e Ir\u00e1n, y que ha sido objeto de violencia por parte de grupos radicales isl\u00e1micos (m\u00e1s recientemente) desde 2014. Pero donde muchos fot\u00f3grafos [&hellip;]<\/p>\n","protected":false},"featured_media":11063,"comment_status":"closed","ping_status":"closed","template":"","meta":{"_acf_changed":false},"product_brand":[],"product_cat":[117],"class_list":{"0":"post-5166","1":"product","2":"type-product","3":"status-publish","4":"has-post-thumbnail","6":"product_cat-publicaciones","8":"first","9":"instock","10":"taxable","11":"shipping-taxable","12":"purchasable","13":"product-type-simple"},"acf":[],"_links":{"self":[{"href":"https:\/\/jiser.org\/es\/wp-json\/wp\/v2\/product\/5166","targetHints":{"allow":["GET"]}}],"collection":[{"href":"https:\/\/jiser.org\/es\/wp-json\/wp\/v2\/product"}],"about":[{"href":"https:\/\/jiser.org\/es\/wp-json\/wp\/v2\/types\/product"}],"replies":[{"embeddable":true,"href":"https:\/\/jiser.org\/es\/wp-json\/wp\/v2\/comments?post=5166"}],"wp:featuredmedia":[{"embeddable":true,"href":"https:\/\/jiser.org\/es\/wp-json\/wp\/v2\/media\/11063"}],"wp:attachment":[{"href":"https:\/\/jiser.org\/es\/wp-json\/wp\/v2\/media?parent=5166"}],"wp:term":[{"taxonomy":"product_brand","embeddable":true,"href":"https:\/\/jiser.org\/es\/wp-json\/wp\/v2\/product_brand?post=5166"},{"taxonomy":"product_cat","embeddable":true,"href":"https:\/\/jiser.org\/es\/wp-json\/wp\/v2\/product_cat?post=5166"}],"curies":[{"name":"wp","href":"https:\/\/api.w.org\/{rel}","templated":true}]}}