{"id":5003,"date":"2023-11-30T20:56:58","date_gmt":"2023-12-01T08:21:26","guid":{"rendered":"https:\/\/jiser.org\/?post_type=product&#038;p=5003"},"modified":"2025-07-22T13:34:59","modified_gmt":"2025-07-22T11:34:59","slug":"polisemias-del-silencio-0","status":"publish","type":"product","link":"https:\/\/jiser.org\/es\/producto\/polisemias-del-silencio-0\/","title":{"rendered":"Polisemias del silencio #0"},"content":{"rendered":"<p style=\"text-align: left;\">La colecci\u00f3n Polisemias es una publicaci\u00f3n colectiva auto-editada entre Saberes migrantes y Jiser Reflexions Mediterr\u00e0nies, que transita de manera cr\u00edtica por las diferentes tem\u00e1ticas que atraviesan el hecho colonial y las migraciones.<\/p>\n<p style=\"text-align: left;\">Cuestiones que abordaremos desde distintas disciplinas, lenguajes y formatos, para compartir las experiencias, historias y creaciones que emergen en torno a los temas que se ir\u00e1n abordando.<\/p>\n<p style=\"text-align: left;\">Proponemos explorar otras formas de construcci\u00f3n del conocimiento frente a la geopol\u00edtica epistemol\u00f3gica, que promueve la historia \u00fanica e interpela desde la creaci\u00f3n art\u00edstica y la resistencia.<\/p>\n<p style=\"text-align: left;\">Este n\u00famero #0 transita por los m\u00faltiples significados, convergentes y divergentes, que tiene el silencio.<\/p>\n<p style=\"text-align: left;\">Con la participaci\u00f3n de Ida Barbati, Houari Bouchenak, Nora Daoud, Xavier de Luca, Paula Dur\u00e1n, Wael Garnaoui, Mounir Gouri, Guerty Guti\u00e9rrez, Saber Lech-Hab, Anna L\u00f3pez Luna, Danilo Marinho, Boris Mercado, Hichem Merouche, Araceli Mu\u00f1oz, Camila Opazo Sep\u00falveda, Marikena Piola, Ale Rocabado, Laura Rojas, S\u00e9verine Sajous y Souka\u00efna Sentissi.<\/p>\n<p style=\"text-align: left;\"><b>Idiomas:<\/b> Castellano, catal\u00e1n y franc\u00e9s<br \/>\n<b>Medidas:<\/b> 24 x 17 cm<br \/>\n<b>Encuadernaci\u00f3n:<\/b> Hilo visto con camisa vegetal<br \/>\n<b>Direcci\u00f3n creativa y dise\u00f1o gr\u00e1fico:<\/b> Hichem Merouche<br \/>\n<b>Impresi\u00f3n:<\/b> Nova Era<\/p>\n","protected":false},"excerpt":{"rendered":"<p>Edici\u00f3n <b>Polisemias del silencio #0<\/b><\/p>\n","protected":false},"featured_media":11189,"comment_status":"closed","ping_status":"closed","template":"","meta":{"_acf_changed":false},"product_brand":[],"product_cat":[117],"class_list":{"0":"post-5003","1":"product","2":"type-product","3":"status-publish","4":"has-post-thumbnail","6":"product_cat-publicaciones","8":"first","9":"instock","10":"featured","11":"taxable","12":"shipping-taxable","13":"purchasable","14":"product-type-simple"},"acf":[],"_links":{"self":[{"href":"https:\/\/jiser.org\/es\/wp-json\/wp\/v2\/product\/5003","targetHints":{"allow":["GET"]}}],"collection":[{"href":"https:\/\/jiser.org\/es\/wp-json\/wp\/v2\/product"}],"about":[{"href":"https:\/\/jiser.org\/es\/wp-json\/wp\/v2\/types\/product"}],"replies":[{"embeddable":true,"href":"https:\/\/jiser.org\/es\/wp-json\/wp\/v2\/comments?post=5003"}],"wp:featuredmedia":[{"embeddable":true,"href":"https:\/\/jiser.org\/es\/wp-json\/wp\/v2\/media\/11189"}],"wp:attachment":[{"href":"https:\/\/jiser.org\/es\/wp-json\/wp\/v2\/media?parent=5003"}],"wp:term":[{"taxonomy":"product_brand","embeddable":true,"href":"https:\/\/jiser.org\/es\/wp-json\/wp\/v2\/product_brand?post=5003"},{"taxonomy":"product_cat","embeddable":true,"href":"https:\/\/jiser.org\/es\/wp-json\/wp\/v2\/product_cat?post=5003"}],"curies":[{"name":"wp","href":"https:\/\/api.w.org\/{rel}","templated":true}]}}