{"id":4736,"date":"2023-06-27T17:46:40","date_gmt":"2023-07-27T07:22:45","guid":{"rendered":"https:\/\/jiser.org\/?post_type=product&#038;p=4736"},"modified":"2025-07-22T13:37:47","modified_gmt":"2025-07-22T11:37:47","slug":"teo-vazquez-kafteji","status":"publish","type":"product","link":"https:\/\/jiser.org\/es\/producto\/teo-vazquez-kafteji\/","title":{"rendered":"Teo V\u00e1zquez \u00b7 \u0643\u0641\u062a\u0627\u062c\u064a Kafteji"},"content":{"rendered":"<p class=\"p1\" style=\"text-align: left;\">Kafteji es la compilaci\u00f3n del trabajo in\u00e9dito realizado por Teo V\u00e1zquez durante sus dos estancias en T\u00fanez en 2022, de la mano de una de las residencias Pasarela de Jiser.<\/p>\n<p class=\"p1\" style=\"text-align: left;\">Teo V\u00e1zquez y Jiser colaboraron por primera vez en 2020, cuando el fot\u00f3grafo particip\u00f3 en la cuarta edici\u00f3n del MURAL\/LOCAL. Entonces entendimos que ser\u00eda muy interesante imaginar posibilidades para Teo para desarrollar una residencia espec\u00edfica de investigaci\u00f3n y producci\u00f3n en T\u00fanez. La intuici\u00f3n de Jiser de unirlos ha permitido el nacimiento de esta publicaci\u00f3n.<\/p>\n<p class=\"p1\" style=\"text-align: left;\">El trabajo de Teo gira alrededor de la captaci\u00f3n de la cultura popular en el espacio p\u00fablico: los tags en las paredes, los frescos y otros grafitis ingenuos. Todas sus impresiones, encuentros humanos y acciones urbanas, hechas en T\u00fanez pero tambi\u00e9n en otras ciudades como Barcelona, Madrid o N\u00e1poles, se condensan en esta publicaci\u00f3n, que revela el rastro de una visi\u00f3n muy personal de un pa\u00eds acogedor a pesar de las dificultades.<\/p>\n<p style=\"text-align: left;\"><b>Idiomas:<\/b> Catal\u00e1n, castellano, \u00e1rabe<br \/>\n<b>Textos<\/b>: Mohamed Ben Soltane, Xavier de Luca, Jos\u00e9 Ruiz y Teo V\u00e1zquez<br \/>\n<b>Medidas:<\/b> 30 x 21 cm<br \/>\n<b>Encuadernaci\u00f3n:<\/b> Tapa blanda<br \/>\n<b>Dise\u00f1o gr\u00e1fico:<\/b> Hichem Merouche <b>Dise\u00f1o portada:<\/b> Andi Rivas<br \/>\n<b>Impresi\u00f3n:<\/b> Nova Era<\/p>\n","protected":false},"excerpt":{"rendered":"<p>Edici\u00f3n <strong>Teo V\u00e1zquez \u00b7 \u0643\u0641\u062a\u0627\u062c\u064a Kafteji<\/strong><\/p>\n","protected":false},"featured_media":11192,"comment_status":"closed","ping_status":"closed","template":"","meta":{"_acf_changed":false},"product_brand":[],"product_cat":[117],"class_list":{"0":"post-4736","1":"product","2":"type-product","3":"status-publish","4":"has-post-thumbnail","6":"product_cat-publicaciones","8":"first","9":"instock","10":"taxable","11":"shipping-taxable","12":"purchasable","13":"product-type-simple"},"acf":[],"_links":{"self":[{"href":"https:\/\/jiser.org\/es\/wp-json\/wp\/v2\/product\/4736","targetHints":{"allow":["GET"]}}],"collection":[{"href":"https:\/\/jiser.org\/es\/wp-json\/wp\/v2\/product"}],"about":[{"href":"https:\/\/jiser.org\/es\/wp-json\/wp\/v2\/types\/product"}],"replies":[{"embeddable":true,"href":"https:\/\/jiser.org\/es\/wp-json\/wp\/v2\/comments?post=4736"}],"wp:featuredmedia":[{"embeddable":true,"href":"https:\/\/jiser.org\/es\/wp-json\/wp\/v2\/media\/11192"}],"wp:attachment":[{"href":"https:\/\/jiser.org\/es\/wp-json\/wp\/v2\/media?parent=4736"}],"wp:term":[{"taxonomy":"product_brand","embeddable":true,"href":"https:\/\/jiser.org\/es\/wp-json\/wp\/v2\/product_brand?post=4736"},{"taxonomy":"product_cat","embeddable":true,"href":"https:\/\/jiser.org\/es\/wp-json\/wp\/v2\/product_cat?post=4736"}],"curies":[{"name":"wp","href":"https:\/\/api.w.org\/{rel}","templated":true}]}}