{"id":1716,"date":"2020-12-02T16:39:14","date_gmt":"2018-04-27T14:39:14","guid":{"rendered":"https:\/\/jiser.org\/product\/samarreta-negra\/"},"modified":"2025-05-08T17:00:12","modified_gmt":"2025-05-08T15:00:12","slug":"camiseta-azul-jiser","status":"publish","type":"product","link":"https:\/\/jiser.org\/es\/producto\/camiseta-azul-jiser\/","title":{"rendered":"Camiseta azul Jiser \u062c\u0633\u0631\u200e"},"content":{"rendered":"<p>Camiseta azul unisex para ni\u00f1os y adultos Stanley\/Stella (algod\u00f3n 100% org\u00e1nico), con el dise\u00f1o de Louise Dib (Argel) y la serigraf\u00eda manual de Dosintr\u00e9s (Zaragoza).<\/p>\n","protected":false},"excerpt":{"rendered":"<p>Camiseta azul unisex para ni\u00f1os y adultos Stanley\/Stella (algod\u00f3n 100% org\u00e1nico), con el dise\u00f1o de Louise Dib (Argel) y la serigraf\u00eda manual de Dosintr\u00e9s (Zaragoza).<\/p>\n","protected":false},"featured_media":3005,"comment_status":"closed","ping_status":"closed","template":"","meta":{"_acf_changed":false},"product_brand":[],"product_cat":[123],"class_list":{"0":"post-1716","1":"product","2":"type-product","3":"status-publish","4":"has-post-thumbnail","6":"product_cat-camisetas","8":"first","9":"instock","10":"taxable","11":"shipping-taxable","12":"purchasable","13":"product-type-variable"},"acf":[],"_links":{"self":[{"href":"https:\/\/jiser.org\/es\/wp-json\/wp\/v2\/product\/1716","targetHints":{"allow":["GET"]}}],"collection":[{"href":"https:\/\/jiser.org\/es\/wp-json\/wp\/v2\/product"}],"about":[{"href":"https:\/\/jiser.org\/es\/wp-json\/wp\/v2\/types\/product"}],"replies":[{"embeddable":true,"href":"https:\/\/jiser.org\/es\/wp-json\/wp\/v2\/comments?post=1716"}],"wp:featuredmedia":[{"embeddable":true,"href":"https:\/\/jiser.org\/es\/wp-json\/wp\/v2\/media\/3005"}],"wp:attachment":[{"href":"https:\/\/jiser.org\/es\/wp-json\/wp\/v2\/media?parent=1716"}],"wp:term":[{"taxonomy":"product_brand","embeddable":true,"href":"https:\/\/jiser.org\/es\/wp-json\/wp\/v2\/product_brand?post=1716"},{"taxonomy":"product_cat","embeddable":true,"href":"https:\/\/jiser.org\/es\/wp-json\/wp\/v2\/product_cat?post=1716"}],"curies":[{"name":"wp","href":"https:\/\/api.w.org\/{rel}","templated":true}]}}