{"id":1704,"date":"2018-05-11T12:45:53","date_gmt":"2018-05-11T10:45:53","guid":{"rendered":"https:\/\/jiser.org\/product\/patrocinador\/"},"modified":"2019-12-12T19:26:51","modified_gmt":"2019-12-12T17:26:51","slug":"te-con-menta","status":"publish","type":"product","link":"https:\/\/jiser.org\/es\/producto\/te-con-menta\/","title":{"rendered":"T\u00e9 con menta"},"content":{"rendered":"<p>T\u00f3mate un t\u00e9 con menta con nosotros! Una aportacion puntual, una buena forma de apoyar el proyecto.<\/p>\n","protected":false},"excerpt":{"rendered":"<p>T\u00f3mate un t\u00e9 con menta con nosotros! Una aportacion puntual, una buena forma de apoyar el proyecto.<\/p>\n","protected":false},"featured_media":278,"comment_status":"closed","ping_status":"closed","template":"","meta":{"_acf_changed":false},"product_brand":[],"product_cat":[121],"class_list":{"0":"post-1704","1":"product","2":"type-product","3":"status-publish","4":"has-post-thumbnail","6":"product_cat-colabora","8":"first","9":"instock","10":"virtual","11":"taxable","12":"purchasable","13":"product-type-simple"},"acf":[],"_links":{"self":[{"href":"https:\/\/jiser.org\/es\/wp-json\/wp\/v2\/product\/1704","targetHints":{"allow":["GET"]}}],"collection":[{"href":"https:\/\/jiser.org\/es\/wp-json\/wp\/v2\/product"}],"about":[{"href":"https:\/\/jiser.org\/es\/wp-json\/wp\/v2\/types\/product"}],"replies":[{"embeddable":true,"href":"https:\/\/jiser.org\/es\/wp-json\/wp\/v2\/comments?post=1704"}],"wp:featuredmedia":[{"embeddable":true,"href":"https:\/\/jiser.org\/es\/wp-json\/wp\/v2\/media\/278"}],"wp:attachment":[{"href":"https:\/\/jiser.org\/es\/wp-json\/wp\/v2\/media?parent=1704"}],"wp:term":[{"taxonomy":"product_brand","embeddable":true,"href":"https:\/\/jiser.org\/es\/wp-json\/wp\/v2\/product_brand?post=1704"},{"taxonomy":"product_cat","embeddable":true,"href":"https:\/\/jiser.org\/es\/wp-json\/wp\/v2\/product_cat?post=1704"}],"curies":[{"name":"wp","href":"https:\/\/api.w.org\/{rel}","templated":true}]}}