{"id":1669,"date":"2018-04-27T12:59:36","date_gmt":"2018-04-27T10:59:36","guid":{"rendered":"https:\/\/jiser.org\/product\/edicio-bcntnsalg-2017\/"},"modified":"2025-05-08T17:11:04","modified_gmt":"2025-05-08T15:11:04","slug":"edicio-bcntnsalg-2017","status":"publish","type":"product","link":"https:\/\/jiser.org\/es\/producto\/edicio-bcntnsalg-2017\/","title":{"rendered":"BCN>TNS>ALG 2016-2017"},"content":{"rendered":"<p>Edici\u00f3n final de las Residencias de Creaci\u00f3n BCN&gt;TNS&gt;ALG 2016-2017, organizadas por Jiser en las ciudades de Barcelona, Tunis y Alger.<\/p>\n<p>Artistas participantes: Nourhene Ghazel, Lyes Karbouai &#8216;LMNT&#8217;, Violeta Ospina, Slim Gomri, Houssem Mokeddem, B\u00e1rbara S\u00e1nchez Barroso, Manel Romdhani, Mounir Gouri i Anna L\u00f3pez Luna. Director: Xavier de Luca. Edici\u00f3n en castellano y franc\u00e9s.<\/p>\n","protected":false},"excerpt":{"rendered":"<p>Edici\u00f3n final de las Residencias de Creaci\u00f3n BCN&gt;TNS&gt;ALG 2016-2017<\/p>\n","protected":false},"featured_media":5251,"comment_status":"closed","ping_status":"closed","template":"","meta":{"_acf_changed":false},"product_brand":[],"product_cat":[117],"class_list":{"0":"post-1669","1":"product","2":"type-product","3":"status-publish","4":"has-post-thumbnail","6":"product_cat-publicaciones","8":"first","9":"instock","10":"taxable","11":"shipping-taxable","12":"purchasable","13":"product-type-simple"},"acf":[],"_links":{"self":[{"href":"https:\/\/jiser.org\/es\/wp-json\/wp\/v2\/product\/1669","targetHints":{"allow":["GET"]}}],"collection":[{"href":"https:\/\/jiser.org\/es\/wp-json\/wp\/v2\/product"}],"about":[{"href":"https:\/\/jiser.org\/es\/wp-json\/wp\/v2\/types\/product"}],"replies":[{"embeddable":true,"href":"https:\/\/jiser.org\/es\/wp-json\/wp\/v2\/comments?post=1669"}],"wp:featuredmedia":[{"embeddable":true,"href":"https:\/\/jiser.org\/es\/wp-json\/wp\/v2\/media\/5251"}],"wp:attachment":[{"href":"https:\/\/jiser.org\/es\/wp-json\/wp\/v2\/media?parent=1669"}],"wp:term":[{"taxonomy":"product_brand","embeddable":true,"href":"https:\/\/jiser.org\/es\/wp-json\/wp\/v2\/product_brand?post=1669"},{"taxonomy":"product_cat","embeddable":true,"href":"https:\/\/jiser.org\/es\/wp-json\/wp\/v2\/product_cat?post=1669"}],"curies":[{"name":"wp","href":"https:\/\/api.w.org\/{rel}","templated":true}]}}