{"id":12940,"date":"2026-02-05T18:13:39","date_gmt":"2026-04-20T16:13:48","guid":{"rendered":"https:\/\/jiser.org\/?post_type=product&#038;p=12940"},"modified":"2026-04-20T18:15:10","modified_gmt":"2026-04-20T16:15:10","slug":"salih-basheer-%c2%b7-the-return","status":"publish","type":"product","link":"https:\/\/jiser.org\/es\/producto\/salih-basheer-%c2%b7-the-return\/","title":{"rendered":"Salih Basheer \u00b7 The Return"},"content":{"rendered":"<div class=\"traductor-textarea form-group\">\n<div class=\"textarea-desti col-xs-12 col-sm-6\">\n<div class=\"form-control second-textarea\" style=\"text-align: left;\">En este libro, Salih Basheer documenta la devastaci\u00f3n de la guerra en el Sud\u00e1n, centr\u00e1ndose en el impacto humanitario y las experiencias de p\u00e9rdida y desplazamiento. Nacido en Sud\u00e1n, Salih est\u00e1 \u00edntimamente conectado a esta historia, y a trav\u00e9s de ella, presenta los retos que su gente est\u00e1 afrontando, tanto en el interior del Sud\u00e1n como a los pa\u00edses vecinos donde muchos han buscado refugio.<\/div>\n<p style=\"text-align: left;\"><b>Editorial:\u00a0<\/b>Autopublicado<br \/>\n<b>Idiomas:<\/b> Ingl\u00e9s<br \/>\n<b>Medidas:<\/b> 14,3 x 18,1 cm<br \/>\n<b>Encuadernaci\u00f3n:<\/b>\u00a0Tapa blanda<br \/>\n<b>Dise\u00f1o gr\u00e1fico:<\/b> Salih Basheer<\/p>\n<\/div>\n<\/div>\n","protected":false},"excerpt":{"rendered":"<p>En este libro, Salih Basheer documenta la devastaci\u00f3n de la guerra en el Sud\u00e1n, centr\u00e1ndose en el impacto humanitario y las experiencias de p\u00e9rdida y desplazamiento. Nacido en Sud\u00e1n, Salih est\u00e1 \u00edntimamente conectado a esta historia, y a trav\u00e9s de ella, presenta los retos que su gente est\u00e1 afrontando, tanto en el interior del Sud\u00e1n [&hellip;]<\/p>\n","protected":false},"featured_media":12927,"comment_status":"closed","ping_status":"closed","template":"","meta":{"_acf_changed":false},"product_brand":[],"product_cat":[117],"class_list":{"0":"post-12940","1":"product","2":"type-product","3":"status-publish","4":"has-post-thumbnail","6":"product_cat-publicaciones","8":"first","9":"instock","10":"taxable","11":"shipping-taxable","12":"purchasable","13":"product-type-simple"},"acf":[],"_links":{"self":[{"href":"https:\/\/jiser.org\/es\/wp-json\/wp\/v2\/product\/12940","targetHints":{"allow":["GET"]}}],"collection":[{"href":"https:\/\/jiser.org\/es\/wp-json\/wp\/v2\/product"}],"about":[{"href":"https:\/\/jiser.org\/es\/wp-json\/wp\/v2\/types\/product"}],"replies":[{"embeddable":true,"href":"https:\/\/jiser.org\/es\/wp-json\/wp\/v2\/comments?post=12940"}],"wp:featuredmedia":[{"embeddable":true,"href":"https:\/\/jiser.org\/es\/wp-json\/wp\/v2\/media\/12927"}],"wp:attachment":[{"href":"https:\/\/jiser.org\/es\/wp-json\/wp\/v2\/media?parent=12940"}],"wp:term":[{"taxonomy":"product_brand","embeddable":true,"href":"https:\/\/jiser.org\/es\/wp-json\/wp\/v2\/product_brand?post=12940"},{"taxonomy":"product_cat","embeddable":true,"href":"https:\/\/jiser.org\/es\/wp-json\/wp\/v2\/product_cat?post=12940"}],"curies":[{"name":"wp","href":"https:\/\/api.w.org\/{rel}","templated":true}]}}