{"id":12785,"date":"2026-02-06T14:09:51","date_gmt":"2026-02-06T12:09:36","guid":{"rendered":"https:\/\/jiser.org\/?post_type=product&#038;p=12785"},"modified":"2026-02-06T14:09:36","modified_gmt":"2026-02-06T12:09:36","slug":"felipe-romero-beltran-%c2%b7-dialect","status":"publish","type":"product","link":"https:\/\/jiser.org\/es\/producto\/felipe-romero-beltran-%c2%b7-dialect\/","title":{"rendered":"Felipe Romero Beltr\u00e1n \u00b7 Dialect"},"content":{"rendered":"<p style=\"text-align: left;\">La po\u00e9tica del documental, la\u00a0performance\u00a0y la coreograf\u00eda se combinan para interrogar pol\u00edticamente el tiempo muerto de la burocracia para los j\u00f3venes migrantes atrapados en el sistema legal espa\u00f1ol.<\/p>\n<p style=\"text-align: left;\">Dialect cubre tres a\u00f1os de violencia estatal para nueve j\u00f3venes migrantes marroqu\u00edes exiliados en un limbo kafkiano en Sevilla, en el sur de Espa\u00f1a. Cuando los inmigrantes menores de edad entran ilegalmente al pa\u00eds y no pueden ser verificados como adultos, su custodia permanece en manos del estado, someti\u00e9ndolos a un largo proceso de hasta tres a\u00f1os para obtener un estatuto legal.<\/p>\n<p style=\"text-align: left;\">En este estado de suspensi\u00f3n y liminalidad, Beltr\u00e1n se compromete con el cuerpo como met\u00e1fora: utilizando un lenguaje cuidadosamente articulado entre la fotograf\u00eda, la performance y la colaboraci\u00f3n, el peso del tiempo muerto se registra sobre los hombros de estos j\u00f3venes, entrando en di\u00e1logo con sus recuerdos, viajes y la humillante mundanidad de la espera y la migraci\u00f3n. Junto a las obras de video y la danza coreografiada, Dialect abre un nuevo terreno documental para iluminar cr\u00edticamente las pr\u00e1cticas de opresi\u00f3n burocr\u00e1tica.<\/p>\n<p style=\"text-align: left;\"><b>Editorial: <\/b>Loose Joints<br \/>\n<b>Idiomas:<\/b> Ingl\u00e9s y castellano<br \/>\n<b>Medidas:<\/b> 21 x 30 cm<br \/>\n<b>Encuadernaci\u00f3n:<\/b> Tapa blanda<br \/>\n<b>Dise\u00f1o gr\u00e1fico:<\/b> Loose Joints Studio<\/p>\n","protected":false},"excerpt":{"rendered":"<p>La po\u00e9tica del documental, la\u00a0performance\u00a0y la coreograf\u00eda se combinan para interrogar pol\u00edticamente el tiempo muerto de la burocracia para los j\u00f3venes migrantes atrapados en el sistema legal espa\u00f1ol. Dialect cubre tres a\u00f1os de violencia estatal para nueve j\u00f3venes migrantes marroqu\u00edes exiliados en un limbo kafkiano en Sevilla, en el sur de Espa\u00f1a. Cuando los inmigrantes [&hellip;]<\/p>\n","protected":false},"featured_media":12769,"comment_status":"closed","ping_status":"closed","template":"","meta":{"_acf_changed":false},"product_brand":[],"product_cat":[117],"class_list":{"0":"post-12785","1":"product","2":"type-product","3":"status-publish","4":"has-post-thumbnail","6":"product_cat-publicaciones","8":"first","9":"instock","10":"taxable","11":"shipping-taxable","12":"purchasable","13":"product-type-simple"},"acf":[],"_links":{"self":[{"href":"https:\/\/jiser.org\/es\/wp-json\/wp\/v2\/product\/12785","targetHints":{"allow":["GET"]}}],"collection":[{"href":"https:\/\/jiser.org\/es\/wp-json\/wp\/v2\/product"}],"about":[{"href":"https:\/\/jiser.org\/es\/wp-json\/wp\/v2\/types\/product"}],"replies":[{"embeddable":true,"href":"https:\/\/jiser.org\/es\/wp-json\/wp\/v2\/comments?post=12785"}],"wp:featuredmedia":[{"embeddable":true,"href":"https:\/\/jiser.org\/es\/wp-json\/wp\/v2\/media\/12769"}],"wp:attachment":[{"href":"https:\/\/jiser.org\/es\/wp-json\/wp\/v2\/media?parent=12785"}],"wp:term":[{"taxonomy":"product_brand","embeddable":true,"href":"https:\/\/jiser.org\/es\/wp-json\/wp\/v2\/product_brand?post=12785"},{"taxonomy":"product_cat","embeddable":true,"href":"https:\/\/jiser.org\/es\/wp-json\/wp\/v2\/product_cat?post=12785"}],"curies":[{"name":"wp","href":"https:\/\/api.w.org\/{rel}","templated":true}]}}