{"id":12763,"date":"2026-02-06T12:23:58","date_gmt":"2026-02-06T10:58:02","guid":{"rendered":"https:\/\/jiser.org\/?post_type=product&#038;p=12763"},"modified":"2026-02-06T12:58:02","modified_gmt":"2026-02-06T10:58:02","slug":"georges-salameh-%c2%b7-asnam","status":"publish","type":"product","link":"https:\/\/jiser.org\/es\/producto\/georges-salameh-%c2%b7-asnam\/","title":{"rendered":"Georges Salameh \u00b7 ASNAM"},"content":{"rendered":"<p style=\"text-align: left;\">En 2009, Georges Salameh llev\u00f3 a cabo su primera documentaci\u00f3n fotogr\u00e1fica y colecci\u00f3n de la presencia de estatuas religiosas en ciertas regiones libanesas cristianas. Dos d\u00e9cadas despu\u00e9s de abandonar el pa\u00eds y con el final de la guerra civil, grandes estatuas de Cristo, la Virgen Mar\u00eda, santos y \u00e1ngeles han empezado a aparecer por primera vez en el paisaje urbano fuera de sus santuarios religiosos habituales. En el libro ASNAM, la aceleraci\u00f3n gradual de la monumentalizaci\u00f3n de la fe en el espacio p\u00fablico en el L\u00edbano y a escala mediterr\u00e1nea es una cuesti\u00f3n central. El libro analiza los or\u00edgenes de como la representaci\u00f3n de la fe y sus implicaciones en la esfera p\u00fablica est\u00e1n interconectadas con cuestiones pol\u00edticas y sociales. Tambi\u00e9n es una meditaci\u00f3n sobre el enfrentamiento entre lo sagrado y lo profano, sobre la ruptura entre el espacio privado y p\u00fablico, el ciudadano y el extranjero y sobre la reapropiaci\u00f3n de estatuas por intereses pol\u00edticos y religiosos.<\/p>\n<p style=\"text-align: left;\"><b>Editorial: <\/b>MeMS\u00e9A<br \/>\n<b>Idiomas:<\/b> Franc\u00e9s, ingl\u00e9s y \u00e1rabe<br \/>\n<b>Medidas:<\/b> 14 x 19 cm<br \/>\n<b>Encuadernaci\u00f3n:<\/b> Tapa dura<br \/>\n<b>Dise\u00f1o gr\u00e1fico:<\/b> Chora atelier<\/p>\n","protected":false},"excerpt":{"rendered":"<p>En 2009, Georges Salameh llev\u00f3 a cabo su primera documentaci\u00f3n fotogr\u00e1fica y colecci\u00f3n de la presencia de estatuas religiosas en ciertas regiones libanesas cristianas. Dos d\u00e9cadas despu\u00e9s de abandonar el pa\u00eds y con el final de la guerra civil, grandes estatuas de Cristo, la Virgen Mar\u00eda, santos y \u00e1ngeles han empezado a aparecer por primera [&hellip;]<\/p>\n","protected":false},"featured_media":12747,"comment_status":"closed","ping_status":"closed","template":"","meta":{"_acf_changed":false},"product_brand":[],"product_cat":[117],"class_list":{"0":"post-12763","1":"product","2":"type-product","3":"status-publish","4":"has-post-thumbnail","6":"product_cat-publicaciones","8":"first","9":"instock","10":"taxable","11":"shipping-taxable","12":"purchasable","13":"product-type-simple"},"acf":[],"_links":{"self":[{"href":"https:\/\/jiser.org\/es\/wp-json\/wp\/v2\/product\/12763","targetHints":{"allow":["GET"]}}],"collection":[{"href":"https:\/\/jiser.org\/es\/wp-json\/wp\/v2\/product"}],"about":[{"href":"https:\/\/jiser.org\/es\/wp-json\/wp\/v2\/types\/product"}],"replies":[{"embeddable":true,"href":"https:\/\/jiser.org\/es\/wp-json\/wp\/v2\/comments?post=12763"}],"wp:featuredmedia":[{"embeddable":true,"href":"https:\/\/jiser.org\/es\/wp-json\/wp\/v2\/media\/12747"}],"wp:attachment":[{"href":"https:\/\/jiser.org\/es\/wp-json\/wp\/v2\/media?parent=12763"}],"wp:term":[{"taxonomy":"product_brand","embeddable":true,"href":"https:\/\/jiser.org\/es\/wp-json\/wp\/v2\/product_brand?post=12763"},{"taxonomy":"product_cat","embeddable":true,"href":"https:\/\/jiser.org\/es\/wp-json\/wp\/v2\/product_cat?post=12763"}],"curies":[{"name":"wp","href":"https:\/\/api.w.org\/{rel}","templated":true}]}}