{"id":12670,"date":"2025-12-15T14:33:04","date_gmt":"2025-12-15T12:35:17","guid":{"rendered":"https:\/\/jiser.org\/?post_type=product&#038;p=12670"},"modified":"2025-12-15T14:35:46","modified_gmt":"2025-12-15T12:35:46","slug":"irene-zottola-%c2%b7-lejos-de-la-tierra","status":"publish","type":"product","link":"https:\/\/jiser.org\/es\/producto\/irene-zottola-%c2%b7-lejos-de-la-tierra\/","title":{"rendered":"Irene Zottola \u00b7 Lejos de la tierra"},"content":{"rendered":"<p style=\"text-align: left;\"><em>Lejos de la Tierra<\/em>\u00a0es el segundo fotolibro de la fot\u00f3grafa espa\u00f1ola Irene Zottola, realizado en colaboraci\u00f3n con el m\u00fasico dan\u00e9s \u00d8jerum.\u00a0<span class=\"relative -mx-px my-[-0.2rem] rounded px-px py-[0.2rem] transition-colors duration-100 ease-in-out\">La obra fusiona fotograf\u00eda,\u00a0<em>collage<\/em>\u00a0y sonido ambiental para explorar temas como el cuerpo, el paisaje y la memoria, creando una atm\u00f3sfera po\u00e9tica y on\u00edrica.<\/span>\u00a0<span class=\"relative -mx-px my-[-0.2rem] rounded px-px py-[0.2rem] transition-colors duration-100 ease-in-out\">Se incluye un c\u00f3digo de descarga para acceder a la m\u00fasica de \u00d8jeRum.<\/span><\/p>\n<p style=\"text-align: left;\">Edici\u00f3n limitada de 500 ejemplares, numerados y sellados a mano.<\/p>\n<p style=\"text-align: left;\"><strong>Irene Zottola<\/strong>\u00a0(Madrid, Espa\u00f1a, 1980) es una fot\u00f3grafa y artista que explora los l\u00edmites de la fotograf\u00eda anal\u00f3gica para generar un mundo de car\u00e1cter on\u00edrico y po\u00e9tico, a menudo acompa\u00f1ando sus im\u00e1genes con texto. Su trabajo ha sido expuesto en Espa\u00f1a, Italia y Marruecos. Ha publicado con editoriales como La Bella Varsovia y Lumen (Espa\u00f1a) y revistas como\u00a0<em>She shoots film<\/em>\u00a0(Australia),\u00a0<em>Fisheyemagazine<\/em>\u00a0(Francia) y\u00a0<em>Vostmagazine<\/em> (Corea).<\/p>\n<p style=\"text-align: left;\"><b>Editorial:\u00a0<\/b>Iikki books<br \/>\n<b>Medidas:<\/b>\u00a017 x 23 cm<br \/>\n<b>Encuadernaci\u00f3n:<\/b>\u00a0Tapa dura<\/p>\n","protected":false},"excerpt":{"rendered":"<p>Lejos de la Tierra\u00a0es el segundo fotolibro de la fot\u00f3grafa espa\u00f1ola Irene Zottola, realizado en colaboraci\u00f3n con el m\u00fasico dan\u00e9s \u00d8jerum.\u00a0La obra fusiona fotograf\u00eda,\u00a0collage\u00a0y sonido ambiental para explorar temas como el cuerpo, el paisaje y la memoria, creando una atm\u00f3sfera po\u00e9tica y on\u00edrica.\u00a0Se incluye un c\u00f3digo de descarga para acceder a la m\u00fasica de \u00d8jeRum. [&hellip;]<\/p>\n","protected":false},"featured_media":12654,"comment_status":"closed","ping_status":"closed","template":"","meta":{"_acf_changed":false},"product_brand":[],"product_cat":[117],"class_list":{"0":"post-12670","1":"product","2":"type-product","3":"status-publish","4":"has-post-thumbnail","6":"product_cat-publicaciones","8":"first","9":"instock","10":"taxable","11":"shipping-taxable","12":"purchasable","13":"product-type-simple"},"acf":[],"_links":{"self":[{"href":"https:\/\/jiser.org\/es\/wp-json\/wp\/v2\/product\/12670","targetHints":{"allow":["GET"]}}],"collection":[{"href":"https:\/\/jiser.org\/es\/wp-json\/wp\/v2\/product"}],"about":[{"href":"https:\/\/jiser.org\/es\/wp-json\/wp\/v2\/types\/product"}],"replies":[{"embeddable":true,"href":"https:\/\/jiser.org\/es\/wp-json\/wp\/v2\/comments?post=12670"}],"wp:featuredmedia":[{"embeddable":true,"href":"https:\/\/jiser.org\/es\/wp-json\/wp\/v2\/media\/12654"}],"wp:attachment":[{"href":"https:\/\/jiser.org\/es\/wp-json\/wp\/v2\/media?parent=12670"}],"wp:term":[{"taxonomy":"product_brand","embeddable":true,"href":"https:\/\/jiser.org\/es\/wp-json\/wp\/v2\/product_brand?post=12670"},{"taxonomy":"product_cat","embeddable":true,"href":"https:\/\/jiser.org\/es\/wp-json\/wp\/v2\/product_cat?post=12670"}],"curies":[{"name":"wp","href":"https:\/\/api.w.org\/{rel}","templated":true}]}}