{"id":12634,"date":"2025-12-15T13:57:36","date_gmt":"2025-12-15T12:02:54","guid":{"rendered":"https:\/\/jiser.org\/?post_type=product&#038;p=12634"},"modified":"2025-12-15T14:03:09","modified_gmt":"2025-12-15T12:03:09","slug":"mohamed-mahdy-%c2%b7-here-the-doors-dont-know-me","status":"publish","type":"product","link":"https:\/\/jiser.org\/es\/producto\/mohamed-mahdy-%c2%b7-here-the-doors-dont-know-me\/","title":{"rendered":"Mohamed Mahdy \u00b7 Here, the Doors Don&#8217;t Know Me"},"content":{"rendered":"<p style=\"text-align: left;\">Esta publicaci\u00f3n es el resultado del III Premi Mediterrani Albert Camus Incipiens, organizado por las Trobades &amp; Premis Mediterranis Albert Camus de Menorca. Iniciado en 2016, el proyecto sigue, a trav\u00e9s de fotograf\u00edas, archivos comunitarios, cartas manuscritas y testimonios, a los residentes de Al-Max, un hist\u00f3rico barrio pesquero de Alejandr\u00eda, Egipto, que ahora se enfrenta al desplazamiento. A medida que el desarrollo urbano borra su vida cotidiana y sus tradiciones, Mohamed Mahdy construye la obra con los propios residentes: las familias comparten archivos, escriben cartas finales antes de abandonar sus hogares y dan forma a c\u00f3mo se les representa. El proyecto reflexiona sobre c\u00f3mo la memoria, la identidad y el sentido de pertenencia perduran cuando se pierde f\u00edsicamente un lugar.<\/p>\n<p style=\"text-align: left;\"><b>Editorial:\u00a0<\/b>RM<br \/>\n<b>Idiomas:<\/b> Ingl\u00e9s y \u00e1rabe<br \/>\n<b>Medidas:<\/b> 17 x 22 cm<br \/>\n<b>Encuadernaci\u00f3n:<\/b>\u00a0Tapa dura<\/p>\n","protected":false},"excerpt":{"rendered":"<p>Esta publicaci\u00f3n es el resultado del III Premi Mediterrani Albert Camus Incipiens, organizado por las Trobades &amp; Premis Mediterranis Albert Camus de Menorca. Iniciado en 2016, el proyecto sigue, a trav\u00e9s de fotograf\u00edas, archivos comunitarios, cartas manuscritas y testimonios, a los residentes de Al-Max, un hist\u00f3rico barrio pesquero de Alejandr\u00eda, Egipto, que ahora se enfrenta [&hellip;]<\/p>\n","protected":false},"featured_media":12633,"comment_status":"closed","ping_status":"closed","template":"","meta":{"_acf_changed":false},"product_brand":[],"product_cat":[117],"class_list":{"0":"post-12634","1":"product","2":"type-product","3":"status-publish","4":"has-post-thumbnail","6":"product_cat-publicaciones","8":"first","9":"instock","10":"taxable","11":"shipping-taxable","12":"purchasable","13":"product-type-simple"},"acf":[],"_links":{"self":[{"href":"https:\/\/jiser.org\/es\/wp-json\/wp\/v2\/product\/12634","targetHints":{"allow":["GET"]}}],"collection":[{"href":"https:\/\/jiser.org\/es\/wp-json\/wp\/v2\/product"}],"about":[{"href":"https:\/\/jiser.org\/es\/wp-json\/wp\/v2\/types\/product"}],"replies":[{"embeddable":true,"href":"https:\/\/jiser.org\/es\/wp-json\/wp\/v2\/comments?post=12634"}],"wp:featuredmedia":[{"embeddable":true,"href":"https:\/\/jiser.org\/es\/wp-json\/wp\/v2\/media\/12633"}],"wp:attachment":[{"href":"https:\/\/jiser.org\/es\/wp-json\/wp\/v2\/media?parent=12634"}],"wp:term":[{"taxonomy":"product_brand","embeddable":true,"href":"https:\/\/jiser.org\/es\/wp-json\/wp\/v2\/product_brand?post=12634"},{"taxonomy":"product_cat","embeddable":true,"href":"https:\/\/jiser.org\/es\/wp-json\/wp\/v2\/product_cat?post=12634"}],"curies":[{"name":"wp","href":"https:\/\/api.w.org\/{rel}","templated":true}]}}