{"id":12452,"date":"2025-10-29T20:45:28","date_gmt":"2025-10-29T18:48:20","guid":{"rendered":"https:\/\/jiser.org\/?post_type=product&#038;p=12452"},"modified":"2025-11-01T09:15:11","modified_gmt":"2025-11-01T07:15:11","slug":"heba-khalifa-%c2%b7-tigers-eye","status":"publish","type":"product","link":"https:\/\/jiser.org\/es\/producto\/heba-khalifa-%c2%b7-tigers-eye\/","title":{"rendered":"Heba Khalifa \u00b7 Tiger&#8217;s Eye"},"content":{"rendered":"<p style=\"text-align: left;\">Tiger\u2019s Eye es un proyecto art\u00edstico que combina la fotograf\u00eda y el dibujo, a trav\u00e9s del arte del collage, con textos personales que discurren en paralelo y se entrecruzan con los dibujos. El t\u00edtulo, que tiene un doble significado en \u00e1rabe egipcio, fue utilizado por Heba Khalifa para expresar los tab\u00faes que rodean a las mujeres y la audacia con la que ella los afronta.<\/p>\n<p style=\"text-align: left;\">Heba Khalifa es una artista multimedia que combina la fotograf\u00eda y las artes visuales en su trabajo para expresar diversos temas relacionados con cuestiones de identidad sexual, conflicto, etc. Considera que cada proyecto art\u00edstico es un viaje rico en descubrimientos y se embarca en la aventura de la fotograf\u00eda y el dibujo para documentar sus experiencias y sentimientos, lejos de los m\u00e9todos tradicionales. Sus obras no son solo expresiones art\u00edsticas, sino una aventura continua de autodescubrimiento y documentaci\u00f3n de momentos humanos conmovedores.<\/p>\n<p style=\"text-align: left;\"><b>Editorial:\u00a0<\/b>Autopublicado \/ Waziz Books<br \/>\n<b>Idiomas:<\/b> Ingl\u00e9s, \u00e1rabe<br \/>\n<b>Medidas:<\/b> 23,5 x 16,7 cm<br \/>\n<b>Encuadernaci\u00f3n:<\/b>\u00a0Tapa blanda<br \/>\n<b>Dise\u00f1o gr\u00e1fico:<\/b> Nike Dieterich<\/p>\n","protected":false},"excerpt":{"rendered":"<p>Tiger\u2019s Eye es un proyecto art\u00edstico que combina la fotograf\u00eda y el dibujo, a trav\u00e9s del arte del collage, con textos personales que discurren en paralelo y se entrecruzan con los dibujos. El t\u00edtulo, que tiene un doble significado en \u00e1rabe egipcio, fue utilizado por Heba Khalifa para expresar los tab\u00faes que rodean a las [&hellip;]<\/p>\n","protected":false},"featured_media":12465,"comment_status":"closed","ping_status":"closed","template":"","meta":{"_acf_changed":false},"product_brand":[],"product_cat":[117],"class_list":{"0":"post-12452","1":"product","2":"type-product","3":"status-publish","4":"has-post-thumbnail","6":"product_cat-publicaciones","8":"first","9":"instock","10":"taxable","11":"shipping-taxable","12":"purchasable","13":"product-type-simple"},"acf":[],"_links":{"self":[{"href":"https:\/\/jiser.org\/es\/wp-json\/wp\/v2\/product\/12452","targetHints":{"allow":["GET"]}}],"collection":[{"href":"https:\/\/jiser.org\/es\/wp-json\/wp\/v2\/product"}],"about":[{"href":"https:\/\/jiser.org\/es\/wp-json\/wp\/v2\/types\/product"}],"replies":[{"embeddable":true,"href":"https:\/\/jiser.org\/es\/wp-json\/wp\/v2\/comments?post=12452"}],"wp:featuredmedia":[{"embeddable":true,"href":"https:\/\/jiser.org\/es\/wp-json\/wp\/v2\/media\/12465"}],"wp:attachment":[{"href":"https:\/\/jiser.org\/es\/wp-json\/wp\/v2\/media?parent=12452"}],"wp:term":[{"taxonomy":"product_brand","embeddable":true,"href":"https:\/\/jiser.org\/es\/wp-json\/wp\/v2\/product_brand?post=12452"},{"taxonomy":"product_cat","embeddable":true,"href":"https:\/\/jiser.org\/es\/wp-json\/wp\/v2\/product_cat?post=12452"}],"curies":[{"name":"wp","href":"https:\/\/api.w.org\/{rel}","templated":true}]}}