{"id":12433,"date":"2025-10-28T19:39:25","date_gmt":"2025-10-28T17:43:04","guid":{"rendered":"https:\/\/jiser.org\/?post_type=product&#038;p=12433"},"modified":"2025-10-28T19:43:31","modified_gmt":"2025-10-28T17:43:31","slug":"le-temps-creuse-meme-le-marbre","status":"publish","type":"product","link":"https:\/\/jiser.org\/es\/producto\/le-temps-creuse-meme-le-marbre\/","title":{"rendered":"Le temps creuse m\u00eame le marbre"},"content":{"rendered":"<p style=\"text-align: left;\">En consonancia con la abad\u00eda de Jumi\u00e8ges, un lugar religioso construido en el siglo VII y transformado en cantera antes de convertirse en monumento hist\u00f3rico, la exposici\u00f3n \u00abLe temps creuse m\u00eame le marbre \u0627\u0644\u062f\u0648\u0627\u0645 \u064a\u0646\u0642\u0628 \u0627\u0644\u0631\u062e\u0627\u0645\u00bb muestra el trabajo de once artistas contempor\u00e1neos tunecinos sobre experimentos visuales en torno a la fotograf\u00eda y el v\u00eddeo. Cinco a\u00f1os despu\u00e9s de la exposici\u00f3n \u00abLes flots \u00e9coul\u00e9s ne reviennent pas \u00e0 la source\u00bb (Las olas que se van no vuelven a la fuente), la abad\u00eda de Jumi\u00e8ges y el departamento de Sena Mar\u00edtimo encargaron una nueva exposici\u00f3n a la comisaria Victoria Jonathan, esta vez sobre T\u00fanez, su pa\u00eds natal. ARTISTAS: H\u00e9la Ammar, Isma\u00efl Bahri, Asma Ben A\u00efssa, Youn\u00e8s Ben Slimane, Meriem Bouderbala, Rafram Chaddad, Chiraz Chouchane, F\u00e9rielle Doulain-Zouari, Farah Khelil, Amira Lamti, Fredj Moussa<\/p>\n<p style=\"text-align: left;\"><b>Editorial:\u00a0<\/b>Bao Books<br \/>\n<b>Idiomas:<\/b> Franc\u00e9s, ingl\u00e9s<br \/>\n<b>Medidas:<\/b> 24 x 17 cm<br \/>\n<b>Encuadernaci\u00f3n:<\/b>\u00a0Tapa blanda<br \/>\n<b>Dise\u00f1o gr\u00e1fico:<\/b> Moez Akkari \/ Bao Books<\/p>\n","protected":false},"excerpt":{"rendered":"<p>En consonancia con la abad\u00eda de Jumi\u00e8ges, un lugar religioso construido en el siglo VII y transformado en cantera antes de convertirse en monumento hist\u00f3rico, la exposici\u00f3n \u00abLe temps creuse m\u00eame le marbre \u0627\u0644\u062f\u0648\u0627\u0645 \u064a\u0646\u0642\u0628 \u0627\u0644\u0631\u062e\u0627\u0645\u00bb muestra el trabajo de once artistas contempor\u00e1neos tunecinos sobre experimentos visuales en torno a la fotograf\u00eda y el v\u00eddeo. [&hellip;]<\/p>\n","protected":false},"featured_media":12421,"comment_status":"closed","ping_status":"closed","template":"","meta":{"_acf_changed":false},"product_brand":[],"product_cat":[117],"class_list":{"0":"post-12433","1":"product","2":"type-product","3":"status-publish","4":"has-post-thumbnail","6":"product_cat-publicaciones","8":"first","9":"outofstock","10":"taxable","11":"shipping-taxable","12":"purchasable","13":"product-type-simple"},"acf":[],"_links":{"self":[{"href":"https:\/\/jiser.org\/es\/wp-json\/wp\/v2\/product\/12433","targetHints":{"allow":["GET"]}}],"collection":[{"href":"https:\/\/jiser.org\/es\/wp-json\/wp\/v2\/product"}],"about":[{"href":"https:\/\/jiser.org\/es\/wp-json\/wp\/v2\/types\/product"}],"replies":[{"embeddable":true,"href":"https:\/\/jiser.org\/es\/wp-json\/wp\/v2\/comments?post=12433"}],"wp:featuredmedia":[{"embeddable":true,"href":"https:\/\/jiser.org\/es\/wp-json\/wp\/v2\/media\/12421"}],"wp:attachment":[{"href":"https:\/\/jiser.org\/es\/wp-json\/wp\/v2\/media?parent=12433"}],"wp:term":[{"taxonomy":"product_brand","embeddable":true,"href":"https:\/\/jiser.org\/es\/wp-json\/wp\/v2\/product_brand?post=12433"},{"taxonomy":"product_cat","embeddable":true,"href":"https:\/\/jiser.org\/es\/wp-json\/wp\/v2\/product_cat?post=12433"}],"curies":[{"name":"wp","href":"https:\/\/api.w.org\/{rel}","templated":true}]}}